{"id":18204,"date":"2019-03-21T01:18:50","date_gmt":"2019-03-21T01:18:50","guid":{"rendered":"https:\/\/www.codancompanies.com\/imprint\/"},"modified":"2023-08-02T14:27:01","modified_gmt":"2023-08-02T12:27:01","slug":"note-legali","status":"publish","type":"page","link":"https:\/\/www.codancompanies.com\/it\/note-legali\/","title":{"rendered":"Note legali"},"content":{"rendered":"\t\t<div data-elementor-type=\"wp-post\" data-elementor-id=\"18204\" class=\"elementor elementor-18204 elementor-2402\" data-elementor-post-type=\"page\">\n\t\t\t\t\t\t<section class=\"elementor-section elementor-top-section elementor-element elementor-element-3e22ae61 elementor-section-height-min-height elementor-section-boxed elementor-section-height-default elementor-section-items-middle\" data-id=\"3e22ae61\" data-element_type=\"section\" data-e-type=\"section\" data-settings=\"{&quot;background_background&quot;:&quot;classic&quot;}\">\n\t\t\t\t\t\t\t<div class=\"elementor-background-overlay\"><\/div>\n\t\t\t\t\t\t\t<div class=\"elementor-container elementor-column-gap-default\">\n\t\t\t\t\t<div class=\"elementor-column elementor-col-100 elementor-top-column elementor-element elementor-element-5e20a059\" data-id=\"5e20a059\" data-element_type=\"column\" data-e-type=\"column\">\n\t\t\t<div class=\"elementor-widget-wrap\">\n\t\t\t\t\t\t\t<\/div>\n\t\t<\/div>\n\t\t\t\t\t<\/div>\n\t\t<\/section>\n\t\t\t\t<section class=\"elementor-section elementor-top-section elementor-element elementor-element-399e3061 elementor-section-boxed elementor-section-height-default elementor-section-height-default\" data-id=\"399e3061\" data-element_type=\"section\" data-e-type=\"section\">\n\t\t\t\t\t\t<div class=\"elementor-container elementor-column-gap-no\">\n\t\t\t\t\t<div class=\"elementor-column elementor-col-100 elementor-top-column elementor-element elementor-element-2ff67578\" data-id=\"2ff67578\" data-element_type=\"column\" data-e-type=\"column\">\n\t\t\t<div class=\"elementor-widget-wrap elementor-element-populated\">\n\t\t\t\t\t\t<section class=\"elementor-section elementor-inner-section elementor-element elementor-element-495aa1bd elementor-section-boxed elementor-section-height-default elementor-section-height-default\" data-id=\"495aa1bd\" data-element_type=\"section\" data-e-type=\"section\" data-settings=\"{&quot;background_background&quot;:&quot;classic&quot;}\">\n\t\t\t\t\t\t<div class=\"elementor-container elementor-column-gap-default\">\n\t\t\t\t\t<div class=\"elementor-column elementor-col-100 elementor-inner-column elementor-element elementor-element-71779455\" data-id=\"71779455\" data-element_type=\"column\" data-e-type=\"column\" data-settings=\"{&quot;background_background&quot;:&quot;classic&quot;}\">\n\t\t\t<div class=\"elementor-widget-wrap elementor-element-populated\">\n\t\t\t\t\t\t<div class=\"elementor-element elementor-element-443a5402 elementor-widget elementor-widget-breadcrumbs\" data-id=\"443a5402\" data-element_type=\"widget\" data-e-type=\"widget\" data-widget_type=\"breadcrumbs.default\">\n\t\t\t\t<div class=\"elementor-widget-container\">\n\t\t\t\t\t<p id=\"breadcrumbs\"><span><span><a href=\"https:\/\/www.codancompanies.com\/de\/\">Home<\/a><\/span><\/span><\/p>\t\t\t\t<\/div>\n\t\t\t\t<\/div>\n\t\t\t\t<div class=\"elementor-element elementor-element-7114b252 elementor-widget elementor-widget-text-editor\" data-id=\"7114b252\" data-element_type=\"widget\" data-e-type=\"widget\" data-widget_type=\"text-editor.default\">\n\t\t\t\t<div class=\"elementor-widget-container\">\n\t\t\t\t\t\t\t\t\t<p><strong>CODAN Medizinische Ger\u00e4te GmbH<\/strong><br \/>\nStig Husted-Andersen Stra\u00dfe 11<br \/>\n23738 Lensahn \u00b7 DE<\/p>\n<p>Telefono +49 (0) 43 63 \u00b7 51 11<br \/>\nTelefax +49 (0) 43 63 \u00b7 51 12 14<br \/>\nE-mail: <a href=\"mailto:codan@codan.de\">codan@codan.de<\/a><\/p>\n<p><strong>Amministratori delegati:<\/strong> Deirdre Husted-Andersen, Alexandra Husted-Andersen, Stefanie Husted-Andersen<br \/>\n<strong>Tribunale di registrazione:<\/strong> Amtsgericht L\u00fcbeck (tribunale di prima istanza di Lubecca)<br \/>\n<strong>Numero di registrazione:<\/strong> HRB 382 OL<br \/>\n<strong>VAT Identification Number:<\/strong> DE 135 129 083<\/p>\n<h5><strong>Esclusione di responsabilit\u00e0<\/strong><\/h5>\n<p><strong>1. Limitazione di responsabilit\u00e0:<\/strong><br \/>\nI contenuti del presente sito web sono stati redatti con la massima cura possibile. Tuttavia, il provider non si assume alcuna responsabilit\u00e0 per l\u2019accuratezza, la completezza e l\u2019attualit\u00e0 dei contenuti forniti. L\u2019utilizzo dei contenuti del sito web \u00e8 a rischio e pericolo dell\u2019utente. I contributi contrassegnati da un nome riflettono l\u2019opinione del rispettivo autore e non sempre l\u2019opinione del fornitore. Il mero utilizzo del sito web del provider non costituisce un rapporto contrattuale tra l\u2019utente e il provider.<\/p>\n<p><strong>2. Link esterni:<\/strong><br \/>\nQuesto sito Web contiene collegamenti a siti web di terzi (\u201clink esterni\u201d). Questi siti web sono soggetti alla responsabilit\u00e0 dei rispettivi gestori. Quando i collegamenti esterni sono stati stabiliti per la prima volta, il provider ha verificato il contenuto esterno per possibili violazioni della legge. A quel tempo, non sono state evidenziate violazioni della legge. Il provider non ha influenza di alcun tipo sulla struttura attuale e futura e sui contenuti delle pagine collegate. L\u2019inclusione di collegamenti esterni non significa che il provider adotti il contenuto che sottende il riferimento o il collegamento come propri. Un controllo costante dei link esterni non \u00e8 ragionevole per il provider senza prove concrete di violazioni legali. Tuttavia, in caso di conoscenza di violazioni legali, tali collegamenti esterni verranno immediatamente cancellati.<\/p>\n<p><strong>3. Copyright:<\/strong><br \/>\nI contenuti pubblicati su questo sito web sono soggetti alla legge tedesca sul diritto d\u2019autore. Qualsiasi utilizzo non consentito dalla legge tedesca sul diritto d\u2019autore richiede il previo consenso scritto del fornitore o del rispettivo titolare del copyright. Ci\u00f2 vale in particolare per la duplicazione, la modifica, la traduzione, l\u2019archiviazione, l\u2019elaborazione o la riproduzione di contenuti in banche dati o altri mezzi e sistemi elettronici. Contenuti e diritti di terzi sono contrassegnati come tali. La duplicazione o la trasmissione non autorizzata di singoli contenuti o di intere pagine non \u00e8 consentita ed \u00e8 perseguibile penalmente. \u00c8 consentita solo la produzione di copie e download per uso personale, privato e non commerciale.<br \/>\nLa presentazione di questo sito web in contesti esterni \u00e8 consentita solo previa autorizzazione scritta.<\/p>\n<p><strong>4. Condizioni speciali di utilizzo:<\/strong><br \/>\nSar\u00e0 espressamente indicato nel punto appropriato se le condizioni speciali per i singoli utilizzi di questo sito web si discostano dai suddetti paragrafi. In questo caso, si applicano le condizioni speciali di utilizzo in ogni singolo caso.<\/p>\n\t\t\t\t\t\t\t\t<\/div>\n\t\t\t\t<\/div>\n\t\t\t\t\t<\/div>\n\t\t<\/div>\n\t\t\t\t\t<\/div>\n\t\t<\/section>\n\t\t\t\t\t<\/div>\n\t\t<\/div>\n\t\t\t\t\t<\/div>\n\t\t<\/section>\n\t\t\t\t<\/div>\n\t\t","protected":false},"excerpt":{"rendered":"","protected":false},"author":3,"featured_media":0,"parent":0,"menu_order":0,"comment_status":"closed","ping_status":"closed","template":"elementor_header_footer","meta":{"inline_featured_image":false,"footnotes":""},"pagetyp":[64],"product-group":[],"class_list":["post-18204","page","type-page","status-publish","hentry","pagetyp-static"],"yoast_head":"<!-- This site is optimized with the Yoast SEO plugin v27.4 - https:\/\/yoast.com\/product\/yoast-seo-wordpress\/ -->\n<title>CODAN Medizinische Ger\u00e4te GmbH &amp; Co KG I Note legali<\/title>\n<meta name=\"description\" content=\"Stig Husted-Andersen Strasse 11, 23738 Lensahn, Germania I Tribunale di registrazione: Amtsgericht L\u00fcbeck (tribunale di prima istanza di Lubecca) I Numero di registrazione: HRA 1062 OL I VAT Identification Number: DE 135 233 808\" \/>\n<meta name=\"robots\" content=\"index, follow, max-snippet:-1, max-image-preview:large, max-video-preview:-1\" \/>\n<link rel=\"canonical\" href=\"https:\/\/www.codancompanies.com\/it\/note-legali\/\" \/>\n<script type=\"application\/ld+json\" class=\"yoast-schema-graph\">{\"@context\":\"https:\\\/\\\/schema.org\",\"@graph\":[{\"@type\":\"WebPage\",\"@id\":\"https:\\\/\\\/www.codancompanies.com\\\/it\\\/note-legali\\\/\",\"url\":\"https:\\\/\\\/www.codancompanies.com\\\/it\\\/note-legali\\\/\",\"name\":\"CODAN Medizinische Ger\u00e4te GmbH & Co KG I Note legali\",\"isPartOf\":{\"@id\":\"https:\\\/\\\/www.codancompanies.com\\\/de\\\/#website\"},\"datePublished\":\"2019-03-21T01:18:50+00:00\",\"dateModified\":\"2023-08-02T12:27:01+00:00\",\"description\":\"Stig Husted-Andersen Strasse 11, 23738 Lensahn, Germania I Tribunale di registrazione: Amtsgericht L\u00fcbeck (tribunale di prima istanza di Lubecca) I Numero di registrazione: HRA 1062 OL I VAT Identification Number: DE 135 233 808\",\"breadcrumb\":{\"@id\":\"https:\\\/\\\/www.codancompanies.com\\\/it\\\/note-legali\\\/#breadcrumb\"},\"inLanguage\":\"it-IT\",\"potentialAction\":[{\"@type\":\"ReadAction\",\"target\":[\"https:\\\/\\\/www.codancompanies.com\\\/it\\\/note-legali\\\/\"]}]},{\"@type\":\"BreadcrumbList\",\"@id\":\"https:\\\/\\\/www.codancompanies.com\\\/it\\\/note-legali\\\/#breadcrumb\",\"itemListElement\":[{\"@type\":\"ListItem\",\"position\":1,\"name\":\"Home\",\"item\":\"https:\\\/\\\/www.codancompanies.com\\\/de\\\/\"},{\"@type\":\"ListItem\",\"position\":2,\"name\":\"Note legali\"}]},{\"@type\":\"WebSite\",\"@id\":\"https:\\\/\\\/www.codancompanies.com\\\/de\\\/#website\",\"url\":\"https:\\\/\\\/www.codancompanies.com\\\/de\\\/\",\"name\":\"CODAN\",\"description\":\"The decisive connection\",\"publisher\":{\"@id\":\"https:\\\/\\\/www.codancompanies.com\\\/de\\\/#organization\"},\"potentialAction\":[{\"@type\":\"SearchAction\",\"target\":{\"@type\":\"EntryPoint\",\"urlTemplate\":\"https:\\\/\\\/www.codancompanies.com\\\/de\\\/?s={search_term_string}\"},\"query-input\":{\"@type\":\"PropertyValueSpecification\",\"valueRequired\":true,\"valueName\":\"search_term_string\"}}],\"inLanguage\":\"it-IT\"},{\"@type\":\"Organization\",\"@id\":\"https:\\\/\\\/www.codancompanies.com\\\/de\\\/#organization\",\"name\":\"CODAN Medizinische Ger\u00e4te GmbH & Co KG\",\"url\":\"https:\\\/\\\/www.codancompanies.com\\\/de\\\/\",\"logo\":{\"@type\":\"ImageObject\",\"inLanguage\":\"it-IT\",\"@id\":\"https:\\\/\\\/www.codancompanies.com\\\/de\\\/#\\\/schema\\\/logo\\\/image\\\/\",\"url\":\"https:\\\/\\\/www.codancompanies.com\\\/wp-content\\\/uploads\\\/cropped-codan-logo-icon.png\",\"contentUrl\":\"https:\\\/\\\/www.codancompanies.com\\\/wp-content\\\/uploads\\\/cropped-codan-logo-icon.png\",\"width\":512,\"height\":512,\"caption\":\"CODAN Medizinische Ger\u00e4te GmbH & Co KG\"},\"image\":{\"@id\":\"https:\\\/\\\/www.codancompanies.com\\\/de\\\/#\\\/schema\\\/logo\\\/image\\\/\"},\"sameAs\":[\"https:\\\/\\\/de.wikipedia.org\\\/wiki\\\/Codan\"]}]}<\/script>\n<!-- \/ Yoast SEO plugin. -->","yoast_head_json":{"title":"CODAN Medizinische Ger\u00e4te GmbH & Co KG I Note legali","description":"Stig Husted-Andersen Strasse 11, 23738 Lensahn, Germania I Tribunale di registrazione: Amtsgericht L\u00fcbeck (tribunale di prima istanza di Lubecca) I Numero di registrazione: HRA 1062 OL I VAT Identification Number: DE 135 233 808","robots":{"index":"index","follow":"follow","max-snippet":"max-snippet:-1","max-image-preview":"max-image-preview:large","max-video-preview":"max-video-preview:-1"},"canonical":"https:\/\/www.codancompanies.com\/it\/note-legali\/","schema":{"@context":"https:\/\/schema.org","@graph":[{"@type":"WebPage","@id":"https:\/\/www.codancompanies.com\/it\/note-legali\/","url":"https:\/\/www.codancompanies.com\/it\/note-legali\/","name":"CODAN Medizinische Ger\u00e4te GmbH & Co KG I Note legali","isPartOf":{"@id":"https:\/\/www.codancompanies.com\/de\/#website"},"datePublished":"2019-03-21T01:18:50+00:00","dateModified":"2023-08-02T12:27:01+00:00","description":"Stig Husted-Andersen Strasse 11, 23738 Lensahn, Germania I Tribunale di registrazione: Amtsgericht L\u00fcbeck (tribunale di prima istanza di Lubecca) I Numero di registrazione: HRA 1062 OL I VAT Identification Number: DE 135 233 808","breadcrumb":{"@id":"https:\/\/www.codancompanies.com\/it\/note-legali\/#breadcrumb"},"inLanguage":"it-IT","potentialAction":[{"@type":"ReadAction","target":["https:\/\/www.codancompanies.com\/it\/note-legali\/"]}]},{"@type":"BreadcrumbList","@id":"https:\/\/www.codancompanies.com\/it\/note-legali\/#breadcrumb","itemListElement":[{"@type":"ListItem","position":1,"name":"Home","item":"https:\/\/www.codancompanies.com\/de\/"},{"@type":"ListItem","position":2,"name":"Note legali"}]},{"@type":"WebSite","@id":"https:\/\/www.codancompanies.com\/de\/#website","url":"https:\/\/www.codancompanies.com\/de\/","name":"CODAN","description":"The decisive connection","publisher":{"@id":"https:\/\/www.codancompanies.com\/de\/#organization"},"potentialAction":[{"@type":"SearchAction","target":{"@type":"EntryPoint","urlTemplate":"https:\/\/www.codancompanies.com\/de\/?s={search_term_string}"},"query-input":{"@type":"PropertyValueSpecification","valueRequired":true,"valueName":"search_term_string"}}],"inLanguage":"it-IT"},{"@type":"Organization","@id":"https:\/\/www.codancompanies.com\/de\/#organization","name":"CODAN Medizinische Ger\u00e4te GmbH & Co KG","url":"https:\/\/www.codancompanies.com\/de\/","logo":{"@type":"ImageObject","inLanguage":"it-IT","@id":"https:\/\/www.codancompanies.com\/de\/#\/schema\/logo\/image\/","url":"https:\/\/www.codancompanies.com\/wp-content\/uploads\/cropped-codan-logo-icon.png","contentUrl":"https:\/\/www.codancompanies.com\/wp-content\/uploads\/cropped-codan-logo-icon.png","width":512,"height":512,"caption":"CODAN Medizinische Ger\u00e4te GmbH & Co KG"},"image":{"@id":"https:\/\/www.codancompanies.com\/de\/#\/schema\/logo\/image\/"},"sameAs":["https:\/\/de.wikipedia.org\/wiki\/Codan"]}]}},"_links":{"self":[{"href":"https:\/\/www.codancompanies.com\/it\/wp-json\/wp\/v2\/pages\/18204","targetHints":{"allow":["GET"]}}],"collection":[{"href":"https:\/\/www.codancompanies.com\/it\/wp-json\/wp\/v2\/pages"}],"about":[{"href":"https:\/\/www.codancompanies.com\/it\/wp-json\/wp\/v2\/types\/page"}],"author":[{"embeddable":true,"href":"https:\/\/www.codancompanies.com\/it\/wp-json\/wp\/v2\/users\/3"}],"replies":[{"embeddable":true,"href":"https:\/\/www.codancompanies.com\/it\/wp-json\/wp\/v2\/comments?post=18204"}],"version-history":[{"count":0,"href":"https:\/\/www.codancompanies.com\/it\/wp-json\/wp\/v2\/pages\/18204\/revisions"}],"wp:attachment":[{"href":"https:\/\/www.codancompanies.com\/it\/wp-json\/wp\/v2\/media?parent=18204"}],"wp:term":[{"taxonomy":"pagetyp","embeddable":true,"href":"https:\/\/www.codancompanies.com\/it\/wp-json\/wp\/v2\/pagetyp?post=18204"},{"taxonomy":"product-group","embeddable":true,"href":"https:\/\/www.codancompanies.com\/it\/wp-json\/wp\/v2\/product-group?post=18204"}],"curies":[{"name":"wp","href":"https:\/\/api.w.org\/{rel}","templated":true}]}}