{"id":25755,"date":"2023-08-02T16:18:21","date_gmt":"2023-08-02T14:18:21","guid":{"rendered":"https:\/\/www.codancompanies.com\/events2\/"},"modified":"2023-08-14T22:36:39","modified_gmt":"2023-08-14T20:36:39","slug":"evenements","status":"publish","type":"page","link":"https:\/\/www.codancompanies.com\/fr\/evenements\/","title":{"rendered":"\u00c9v\u00e9nements"},"content":{"rendered":"\t\t<div data-elementor-type=\"wp-post\" data-elementor-id=\"25755\" class=\"elementor elementor-25755 elementor-25713\" data-elementor-post-type=\"page\">\n\t\t\t\t\t\t<section class=\"elementor-section elementor-top-section elementor-element elementor-element-1de9b47e elementor-section-height-min-height elementor-section-boxed elementor-section-height-default elementor-section-items-middle\" data-id=\"1de9b47e\" data-element_type=\"section\" data-e-type=\"section\" data-settings=\"{&quot;background_background&quot;:&quot;classic&quot;}\">\n\t\t\t\t\t\t\t<div class=\"elementor-background-overlay\"><\/div>\n\t\t\t\t\t\t\t<div class=\"elementor-container elementor-column-gap-default\">\n\t\t\t\t\t<div class=\"elementor-column elementor-col-100 elementor-top-column elementor-element elementor-element-627fff8\" data-id=\"627fff8\" data-element_type=\"column\" data-e-type=\"column\">\n\t\t\t<div class=\"elementor-widget-wrap\">\n\t\t\t\t\t\t\t<\/div>\n\t\t<\/div>\n\t\t\t\t\t<\/div>\n\t\t<\/section>\n\t\t\t\t<section class=\"elementor-section elementor-top-section elementor-element elementor-element-f282c1d elementor-section-content-middle elementor-hidden-desktop elementor-hidden-tablet elementor-hidden-phone elementor-section-boxed elementor-section-height-default elementor-section-height-default\" data-id=\"f282c1d\" data-element_type=\"section\" data-e-type=\"section\">\n\t\t\t\t\t\t<div class=\"elementor-container elementor-column-gap-no\">\n\t\t\t\t\t<div class=\"elementor-column elementor-col-25 elementor-top-column elementor-element elementor-element-63bbf56\" data-id=\"63bbf56\" data-element_type=\"column\" data-e-type=\"column\" data-settings=\"{&quot;background_background&quot;:&quot;classic&quot;}\">\n\t\t\t<div class=\"elementor-widget-wrap elementor-element-populated\">\n\t\t\t\t\t\t<div class=\"elementor-element elementor-element-e2bff9c elementor-widget elementor-widget-heading\" data-id=\"e2bff9c\" data-element_type=\"widget\" data-e-type=\"widget\" data-widget_type=\"heading.default\">\n\t\t\t\t<div class=\"elementor-widget-container\">\n\t\t\t\t\t<h2 class=\"elementor-heading-title elementor-size-default\">20<\/h2>\t\t\t\t<\/div>\n\t\t\t\t<\/div>\n\t\t\t\t<div class=\"elementor-element elementor-element-080f71a elementor-widget elementor-widget-heading\" data-id=\"080f71a\" data-element_type=\"widget\" data-e-type=\"widget\" data-widget_type=\"heading.default\">\n\t\t\t\t<div class=\"elementor-widget-container\">\n\t\t\t\t\t<span class=\"elementor-heading-title elementor-size-default\">MAY<\/span>\t\t\t\t<\/div>\n\t\t\t\t<\/div>\n\t\t\t\t\t<\/div>\n\t\t<\/div>\n\t\t\t\t<div class=\"elementor-column elementor-col-50 elementor-top-column elementor-element elementor-element-28feba1\" data-id=\"28feba1\" data-element_type=\"column\" data-e-type=\"column\" data-settings=\"{&quot;background_background&quot;:&quot;classic&quot;}\">\n\t\t\t<div class=\"elementor-widget-wrap elementor-element-populated\">\n\t\t\t\t\t\t<div class=\"elementor-element elementor-element-15137c4 elementor-widget elementor-widget-heading\" data-id=\"15137c4\" data-element_type=\"widget\" data-e-type=\"widget\" data-widget_type=\"heading.default\">\n\t\t\t\t<div class=\"elementor-widget-container\">\n\t\t\t\t\t<h3 class=\"elementor-heading-title elementor-size-default\"><a href=\"https:\/\/www.amsterdamsymposium.nl\/\" target=\"_blank\">Amsterdam Symposium<\/a><\/h3>\t\t\t\t<\/div>\n\t\t\t\t<\/div>\n\t\t\t\t\t<\/div>\n\t\t<\/div>\n\t\t\t\t<div class=\"elementor-column elementor-col-25 elementor-top-column elementor-element elementor-element-33dbb31\" data-id=\"33dbb31\" data-element_type=\"column\" data-e-type=\"column\" data-settings=\"{&quot;background_background&quot;:&quot;classic&quot;}\">\n\t\t\t<div class=\"elementor-widget-wrap elementor-element-populated\">\n\t\t\t\t\t\t<div class=\"elementor-element elementor-element-66c594e elementor-widget elementor-widget-heading\" data-id=\"66c594e\" data-element_type=\"widget\" data-e-type=\"widget\" data-widget_type=\"heading.default\">\n\t\t\t\t<div class=\"elementor-widget-container\">\n\t\t\t\t\t<p class=\"elementor-heading-title elementor-size-default\">Amsterdam, Netherlands<br \/>\nContact: CODAN BV<br \/><br \/>\n<b>20. - 21.05.2019<\/b>\n<\/p>\t\t\t\t<\/div>\n\t\t\t\t<\/div>\n\t\t\t\t\t<\/div>\n\t\t<\/div>\n\t\t\t\t\t<\/div>\n\t\t<\/section>\n\t\t\t\t<section class=\"elementor-section elementor-top-section elementor-element elementor-element-590c557 elementor-section-boxed elementor-section-height-default elementor-section-height-default\" data-id=\"590c557\" data-element_type=\"section\" data-e-type=\"section\">\n\t\t\t\t\t\t<div class=\"elementor-container elementor-column-gap-no\">\n\t\t\t\t\t<div class=\"elementor-column elementor-col-100 elementor-top-column elementor-element elementor-element-88ecbc2\" data-id=\"88ecbc2\" data-element_type=\"column\" data-e-type=\"column\" data-settings=\"{&quot;background_background&quot;:&quot;classic&quot;}\">\n\t\t\t<div class=\"elementor-widget-wrap elementor-element-populated\">\n\t\t\t\t\t\t<section class=\"elementor-section elementor-inner-section elementor-element elementor-element-69552de elementor-section-boxed elementor-section-height-default elementor-section-height-default\" data-id=\"69552de\" data-element_type=\"section\" data-e-type=\"section\" data-settings=\"{&quot;background_background&quot;:&quot;classic&quot;}\">\n\t\t\t\t\t\t<div class=\"elementor-container elementor-column-gap-default\">\n\t\t\t\t\t<div class=\"elementor-column elementor-col-100 elementor-inner-column elementor-element elementor-element-c1d220e\" data-id=\"c1d220e\" data-element_type=\"column\" data-e-type=\"column\" data-settings=\"{&quot;background_background&quot;:&quot;classic&quot;}\">\n\t\t\t<div class=\"elementor-widget-wrap elementor-element-populated\">\n\t\t\t\t\t\t<div class=\"elementor-element elementor-element-4ff03d8 elementor-widget elementor-widget-breadcrumbs\" data-id=\"4ff03d8\" data-element_type=\"widget\" data-e-type=\"widget\" data-widget_type=\"breadcrumbs.default\">\n\t\t\t\t<div class=\"elementor-widget-container\">\n\t\t\t\t\t<p id=\"breadcrumbs\"><span><span><a href=\"https:\/\/www.codancompanies.com\/de\/\">Accueil<\/a><\/span><\/span><\/p>\t\t\t\t<\/div>\n\t\t\t\t<\/div>\n\t\t\t\t<div class=\"elementor-element elementor-element-fb11851 elementor-widget elementor-widget-text-editor\" data-id=\"fb11851\" data-element_type=\"widget\" data-e-type=\"widget\" data-widget_type=\"text-editor.default\">\n\t\t\t\t<div class=\"elementor-widget-container\">\n\t\t\t\t\t\t\t\t\t<p>CODAN est pr\u00e9sent \u00e0 de nombreux salons et \u00e9v\u00e9nements nationaux et internationaux. Vous trouverez ci-dessous un aper\u00e7u des \u00e9v\u00e9nements actuellement programm\u00e9s. Retrouvez de plus amples informations sur les sites web des organisateurs : pour cela, suivez les liens propos\u00e9s ci-dessous.<\/p><p>Nous sommes impatients de vous rencontrer et de discuter de sujets int\u00e9ressants avec vous.<\/p>\t\t\t\t\t\t\t\t<\/div>\n\t\t\t\t<\/div>\n\t\t\t\t\t<\/div>\n\t\t<\/div>\n\t\t\t\t\t<\/div>\n\t\t<\/section>\n\t\t\t\t<div class=\"elementor-element elementor-element-1bd760f elementor-widget elementor-widget-toolset-view\" data-id=\"1bd760f\" data-element_type=\"widget\" data-e-type=\"widget\" data-widget_type=\"toolset-view.default\">\n\t\t\t\t<div class=\"elementor-widget-container\">\n\t\t\t\t\t<form autocomplete=\"off\" name=\"wpv-filter-25718\" action=\"\/fr\/wp-json\/wp\/v2\/pages\/25755?wpv_view_count=25718\" method=\"get\" class=\"wpv-filter-form js-wpv-filter-form js-wpv-filter-form-25718 js-wpv-form-full js-wpv-dps-enabled js-wpv-ajax-results-enabled\" data-viewnumber=\"25718\" data-viewid=\"25718\" data-viewhash=\"eyJpZCI6MjU3MTgsIm9yZGVyIjoiZGVmYXVsdCIsIm9yZGVyYnlfc2Vjb25kIjoiZGVmYXVsdCIsIm9yZGVyX3NlY29uZCI6ImRlZmF1bHQifQ==\" data-viewwidgetid=\"0\" data-orderby=\"\" data-order=\"\" data-orderbyas=\"\" data-orderbysecond=\"\" data-ordersecond=\"\" data-parametric=\"{&quot;query&quot;:&quot;normal&quot;,&quot;id&quot;:25718,&quot;view_id&quot;:25718,&quot;widget_id&quot;:0,&quot;view_hash&quot;:&quot;25718&quot;,&quot;action&quot;:&quot;\\\/fr\\\/wp-json\\\/wp\\\/v2\\\/pages\\\/25755?wpv_view_count=25718&quot;,&quot;sort&quot;:{&quot;orderby&quot;:&quot;&quot;,&quot;order&quot;:&quot;&quot;,&quot;orderby_as&quot;:&quot;&quot;,&quot;orderby_second&quot;:&quot;&quot;,&quot;order_second&quot;:&quot;&quot;},&quot;orderby&quot;:&quot;&quot;,&quot;order&quot;:&quot;&quot;,&quot;orderby_as&quot;:&quot;&quot;,&quot;orderby_second&quot;:&quot;&quot;,&quot;order_second&quot;:&quot;&quot;,&quot;ajax_form&quot;:&quot;&quot;,&quot;ajax_results&quot;:&quot;&quot;,&quot;effect&quot;:&quot;fade&quot;,&quot;prebefore&quot;:&quot;&quot;,&quot;before&quot;:&quot;&quot;,&quot;after&quot;:&quot;&quot;,&quot;attributes&quot;:{&quot;id&quot;:25718,&quot;order&quot;:&quot;default&quot;,&quot;orderby_second&quot;:&quot;default&quot;,&quot;order_second&quot;:&quot;default&quot;},&quot;environment&quot;:{&quot;current_post_id&quot;:25755,&quot;parent_post_id&quot;:25755,&quot;parent_term_id&quot;:0,&quot;parent_user_id&quot;:0,&quot;archive&quot;:{&quot;type&quot;:&quot;&quot;,&quot;name&quot;:&quot;&quot;,&quot;data&quot;:[]}},&quot;loop&quot;:{&quot;type&quot;:&quot;&quot;,&quot;name&quot;:&quot;&quot;,&quot;data&quot;:[],&quot;id&quot;:0}}\" data-attributes=\"{&quot;id&quot;:25718,&quot;order&quot;:&quot;default&quot;,&quot;orderby_second&quot;:&quot;default&quot;,&quot;order_second&quot;:&quot;default&quot;}\" data-environment=\"{&quot;current_post_id&quot;:25755,&quot;parent_post_id&quot;:25755,&quot;parent_term_id&quot;:0,&quot;parent_user_id&quot;:0,&quot;archive&quot;:{&quot;type&quot;:&quot;&quot;,&quot;name&quot;:&quot;&quot;,&quot;data&quot;:[]}}\"><input type=\"hidden\" class=\"js-wpv-dps-filter-data js-wpv-filter-data-for-this-form\" data-action=\"\/fr\/wp-json\/wp\/v2\/pages\/25755?wpv_view_count=25718\" data-page=\"1\" data-ajax=\"enable\" data-effect=\"fade\" data-maxpages=\"0\" data-ajaxprebefore=\"\" data-ajaxbefore=\"\" data-ajaxafter=\"\" \/><input class=\"wpv_view_count wpv_view_count-25718\" type=\"hidden\" name=\"wpv_view_count\" value=\"25718\" \/>\n\n<div class=\"form-group jobfilters\">\n \n  <div class=\"row\">\n    <div class=\"col-sm-2 opt-labels\">\n      <label for=\"wpv-event-location\">Pays<\/label>\n    <\/div>\n    <div class=\"col-sm-4 opt-dt-selector\" style=\"padding-bottom:15px;\">\n      <select id=\"wpv_control_select_wpcf-event-country\" name=\"evt-country\" class=\"filter-opt js-wpv-filter-trigger form-control\"><option value=\"\" selected=\"selected\">Tous les pays<\/option><\/select>\n    <\/div>\n  <\/div>\n\n<div class=\"row\">\n    <div class=\"col-sm-2 opt-labels\">\n\t<label for=\"wpv-relationship-filter\">CODAN Soci\u00e9t\u00e9s<\/label>\n      <\/div>\n  <div class=\"col-sm-4 opt-dt-selector\" style=\"padding-bottom:15px;\">\n    \n\t<select id=\"wpv_control_select_wpv-relationship-filter\" name=\"wpv-relationship-filter\" class=\"filter-opt js-wpv-filter-trigger form-control\" data-currentposttype=\"location\"><option value=\"0\" selected=\"selected\">Toutes les soci\u00e9t\u00e9s CODAN<\/option><\/select>\n  \n<\/div>\n<\/div>\n<div class=\"row\">\n  <div class=\"col-sm-2 opt-labels\">\n\t<label for=\"wpv-wpcf-datepick\">Date<\/label>\n  <\/div>\n  <div class=\"col-sm-4 opt-dt-selector\" style=\"padding-bottom:15px;\">\n\t<select id=\"wpv_control_select_wpcf-datepick\" name=\"events-date\" class=\"filter-opt js-wpv-filter-trigger form-control\"><option value=\"\" selected=\"selected\">Toutes les dates<\/option><\/select>\n  <\/div>\n<\/div>\n\n<\/form>\n<div id=\"wpv-view-layout-25718\" class=\"js-wpv-view-layout js-wpv-layout-responsive js-wpv-view-layout-25718\" data-viewnumber=\"25718\" data-pagination=\"{&quot;id&quot;:25718,&quot;query&quot;:&quot;normal&quot;,&quot;type&quot;:&quot;disabled&quot;,&quot;effect&quot;:&quot;fade&quot;,&quot;duration&quot;:500,&quot;speed&quot;:5,&quot;pause_on_hover&quot;:&quot;enabled&quot;,&quot;stop_rollover&quot;:&quot;false&quot;,&quot;cache_pages&quot;:&quot;enabled&quot;,&quot;preload_images&quot;:&quot;enabled&quot;,&quot;preload_pages&quot;:&quot;enabled&quot;,&quot;preload_reach&quot;:1,&quot;spinner&quot;:&quot;builtin&quot;,&quot;spinner_image&quot;:&quot;https:\/\/www.codancompanies.com\/wp-content\/plugins\/wp-views\/embedded\/res\/img\/ajax-loader.gif&quot;,&quot;callback_next&quot;:&quot;&quot;,&quot;manage_history&quot;:&quot;disabled&quot;,&quot;has_controls_in_form&quot;:&quot;disabled&quot;,&quot;infinite_tolerance&quot;:&quot;0&quot;,&quot;max_pages&quot;:0,&quot;page&quot;:1,&quot;base_permalink&quot;:&quot;\/fr\/wp-json\/wp\/v2\/pages\/25755?wpv_view_count=25718&amp;wpv_paged=WPV_PAGE_NUM&quot;,&quot;loop&quot;:{&quot;type&quot;:&quot;&quot;,&quot;name&quot;:&quot;&quot;,&quot;data&quot;:[],&quot;id&quot;:0}}\" data-permalink=\"\/fr\/wp-json\/wp\/v2\/pages\/25755?wpv_view_count=25718\">\n\n\t\n\t\n\t\t<strong>No schedueled events found.<\/strong>\n\t\n<\/div>\n\t\t\t\t<\/div>\n\t\t\t\t<\/div>\n\t\t\t\t\t<\/div>\n\t\t<\/div>\n\t\t\t\t\t<\/div>\n\t\t<\/section>\n\t\t\t\t<\/div>\n\t\t","protected":false},"excerpt":{"rendered":"<p>20 MAY Amsterdam Symposium Amsterdam, Netherlands Contact: CODAN BV 20. - 21.05.2019 CODAN est pr\u00e9sent \u00e0 de nombreux salons et \u00e9v\u00e9nements nationaux et internationaux. Vous trouverez ci-dessous un aper\u00e7u des \u00e9v\u00e9nements actuellement programm\u00e9s. Retrouvez de plus amples informations sur les sites web des organisateurs : pour cela, suivez les liens propos\u00e9s ci-dessous. Nous sommes impatients [&hellip;]<\/p>\n","protected":false},"author":3,"featured_media":0,"parent":0,"menu_order":0,"comment_status":"closed","ping_status":"closed","template":"elementor_header_footer","meta":{"inline_featured_image":false,"footnotes":""},"pagetyp":[],"product-group":[],"class_list":["post-25755","page","type-page","status-publish","hentry"],"yoast_head":"<!-- This site is optimized with the Yoast SEO plugin v27.3 - https:\/\/yoast.com\/product\/yoast-seo-wordpress\/ -->\n<title>Groupe CODAN I Salons et \u00e9v\u00e9nements nationaux et internationaux<\/title>\n<meta name=\"description\" content=\"CODAN est pr\u00e9sent \u00e0 de nombreux salons et \u00e9v\u00e9nements nationaux et internationaux. Trouvez ici un aper\u00e7u des \u00e9v\u00e9nements actuellement programm\u00e9s.\" \/>\n<meta name=\"robots\" content=\"index, follow, max-snippet:-1, max-image-preview:large, max-video-preview:-1\" \/>\n<link rel=\"canonical\" href=\"https:\/\/www.codancompanies.com\/fr\/evenements\/\" \/>\n<script type=\"application\/ld+json\" class=\"yoast-schema-graph\">{\"@context\":\"https:\\\/\\\/schema.org\",\"@graph\":[{\"@type\":\"WebPage\",\"@id\":\"https:\\\/\\\/www.codancompanies.com\\\/fr\\\/evenements\\\/\",\"url\":\"https:\\\/\\\/www.codancompanies.com\\\/fr\\\/evenements\\\/\",\"name\":\"Groupe CODAN I Salons et \u00e9v\u00e9nements nationaux et internationaux\",\"isPartOf\":{\"@id\":\"https:\\\/\\\/www.codancompanies.com\\\/de\\\/#website\"},\"datePublished\":\"2023-08-02T14:18:21+00:00\",\"dateModified\":\"2023-08-14T20:36:39+00:00\",\"description\":\"CODAN est pr\u00e9sent \u00e0 de nombreux salons et \u00e9v\u00e9nements nationaux et internationaux. Trouvez ici un aper\u00e7u des \u00e9v\u00e9nements actuellement programm\u00e9s.\",\"breadcrumb\":{\"@id\":\"https:\\\/\\\/www.codancompanies.com\\\/fr\\\/evenements\\\/#breadcrumb\"},\"inLanguage\":\"fr-FR\",\"potentialAction\":[{\"@type\":\"ReadAction\",\"target\":[\"https:\\\/\\\/www.codancompanies.com\\\/fr\\\/evenements\\\/\"]}]},{\"@type\":\"BreadcrumbList\",\"@id\":\"https:\\\/\\\/www.codancompanies.com\\\/fr\\\/evenements\\\/#breadcrumb\",\"itemListElement\":[{\"@type\":\"ListItem\",\"position\":1,\"name\":\"Accueil\",\"item\":\"https:\\\/\\\/www.codancompanies.com\\\/de\\\/\"},{\"@type\":\"ListItem\",\"position\":2,\"name\":\"\u00c9v\u00e9nements\"}]},{\"@type\":\"WebSite\",\"@id\":\"https:\\\/\\\/www.codancompanies.com\\\/de\\\/#website\",\"url\":\"https:\\\/\\\/www.codancompanies.com\\\/de\\\/\",\"name\":\"CODAN\",\"description\":\"The decisive connection\",\"publisher\":{\"@id\":\"https:\\\/\\\/www.codancompanies.com\\\/de\\\/#organization\"},\"potentialAction\":[{\"@type\":\"SearchAction\",\"target\":{\"@type\":\"EntryPoint\",\"urlTemplate\":\"https:\\\/\\\/www.codancompanies.com\\\/de\\\/?s={search_term_string}\"},\"query-input\":{\"@type\":\"PropertyValueSpecification\",\"valueRequired\":true,\"valueName\":\"search_term_string\"}}],\"inLanguage\":\"fr-FR\"},{\"@type\":\"Organization\",\"@id\":\"https:\\\/\\\/www.codancompanies.com\\\/de\\\/#organization\",\"name\":\"CODAN Medizinische Ger\u00e4te GmbH & Co KG\",\"url\":\"https:\\\/\\\/www.codancompanies.com\\\/de\\\/\",\"logo\":{\"@type\":\"ImageObject\",\"inLanguage\":\"fr-FR\",\"@id\":\"https:\\\/\\\/www.codancompanies.com\\\/de\\\/#\\\/schema\\\/logo\\\/image\\\/\",\"url\":\"https:\\\/\\\/www.codancompanies.com\\\/wp-content\\\/uploads\\\/cropped-codan-logo-icon.png\",\"contentUrl\":\"https:\\\/\\\/www.codancompanies.com\\\/wp-content\\\/uploads\\\/cropped-codan-logo-icon.png\",\"width\":512,\"height\":512,\"caption\":\"CODAN Medizinische Ger\u00e4te GmbH & Co KG\"},\"image\":{\"@id\":\"https:\\\/\\\/www.codancompanies.com\\\/de\\\/#\\\/schema\\\/logo\\\/image\\\/\"},\"sameAs\":[\"https:\\\/\\\/de.wikipedia.org\\\/wiki\\\/Codan\"]}]}<\/script>\n<!-- \/ Yoast SEO plugin. -->","yoast_head_json":{"title":"Groupe CODAN I Salons et \u00e9v\u00e9nements nationaux et internationaux","description":"CODAN est pr\u00e9sent \u00e0 de nombreux salons et \u00e9v\u00e9nements nationaux et internationaux. Trouvez ici un aper\u00e7u des \u00e9v\u00e9nements actuellement programm\u00e9s.","robots":{"index":"index","follow":"follow","max-snippet":"max-snippet:-1","max-image-preview":"max-image-preview:large","max-video-preview":"max-video-preview:-1"},"canonical":"https:\/\/www.codancompanies.com\/fr\/evenements\/","schema":{"@context":"https:\/\/schema.org","@graph":[{"@type":"WebPage","@id":"https:\/\/www.codancompanies.com\/fr\/evenements\/","url":"https:\/\/www.codancompanies.com\/fr\/evenements\/","name":"Groupe CODAN I Salons et \u00e9v\u00e9nements nationaux et internationaux","isPartOf":{"@id":"https:\/\/www.codancompanies.com\/de\/#website"},"datePublished":"2023-08-02T14:18:21+00:00","dateModified":"2023-08-14T20:36:39+00:00","description":"CODAN est pr\u00e9sent \u00e0 de nombreux salons et \u00e9v\u00e9nements nationaux et internationaux. Trouvez ici un aper\u00e7u des \u00e9v\u00e9nements actuellement programm\u00e9s.","breadcrumb":{"@id":"https:\/\/www.codancompanies.com\/fr\/evenements\/#breadcrumb"},"inLanguage":"fr-FR","potentialAction":[{"@type":"ReadAction","target":["https:\/\/www.codancompanies.com\/fr\/evenements\/"]}]},{"@type":"BreadcrumbList","@id":"https:\/\/www.codancompanies.com\/fr\/evenements\/#breadcrumb","itemListElement":[{"@type":"ListItem","position":1,"name":"Accueil","item":"https:\/\/www.codancompanies.com\/de\/"},{"@type":"ListItem","position":2,"name":"\u00c9v\u00e9nements"}]},{"@type":"WebSite","@id":"https:\/\/www.codancompanies.com\/de\/#website","url":"https:\/\/www.codancompanies.com\/de\/","name":"CODAN","description":"The decisive connection","publisher":{"@id":"https:\/\/www.codancompanies.com\/de\/#organization"},"potentialAction":[{"@type":"SearchAction","target":{"@type":"EntryPoint","urlTemplate":"https:\/\/www.codancompanies.com\/de\/?s={search_term_string}"},"query-input":{"@type":"PropertyValueSpecification","valueRequired":true,"valueName":"search_term_string"}}],"inLanguage":"fr-FR"},{"@type":"Organization","@id":"https:\/\/www.codancompanies.com\/de\/#organization","name":"CODAN Medizinische Ger\u00e4te GmbH & Co KG","url":"https:\/\/www.codancompanies.com\/de\/","logo":{"@type":"ImageObject","inLanguage":"fr-FR","@id":"https:\/\/www.codancompanies.com\/de\/#\/schema\/logo\/image\/","url":"https:\/\/www.codancompanies.com\/wp-content\/uploads\/cropped-codan-logo-icon.png","contentUrl":"https:\/\/www.codancompanies.com\/wp-content\/uploads\/cropped-codan-logo-icon.png","width":512,"height":512,"caption":"CODAN Medizinische Ger\u00e4te GmbH & Co KG"},"image":{"@id":"https:\/\/www.codancompanies.com\/de\/#\/schema\/logo\/image\/"},"sameAs":["https:\/\/de.wikipedia.org\/wiki\/Codan"]}]}},"_links":{"self":[{"href":"https:\/\/www.codancompanies.com\/fr\/wp-json\/wp\/v2\/pages\/25755","targetHints":{"allow":["GET"]}}],"collection":[{"href":"https:\/\/www.codancompanies.com\/fr\/wp-json\/wp\/v2\/pages"}],"about":[{"href":"https:\/\/www.codancompanies.com\/fr\/wp-json\/wp\/v2\/types\/page"}],"author":[{"embeddable":true,"href":"https:\/\/www.codancompanies.com\/fr\/wp-json\/wp\/v2\/users\/3"}],"replies":[{"embeddable":true,"href":"https:\/\/www.codancompanies.com\/fr\/wp-json\/wp\/v2\/comments?post=25755"}],"version-history":[{"count":0,"href":"https:\/\/www.codancompanies.com\/fr\/wp-json\/wp\/v2\/pages\/25755\/revisions"}],"wp:attachment":[{"href":"https:\/\/www.codancompanies.com\/fr\/wp-json\/wp\/v2\/media?parent=25755"}],"wp:term":[{"taxonomy":"pagetyp","embeddable":true,"href":"https:\/\/www.codancompanies.com\/fr\/wp-json\/wp\/v2\/pagetyp?post=25755"},{"taxonomy":"product-group","embeddable":true,"href":"https:\/\/www.codancompanies.com\/fr\/wp-json\/wp\/v2\/product-group?post=25755"}],"curies":[{"name":"wp","href":"https:\/\/api.w.org\/{rel}","templated":true}]}}