{"id":18202,"date":"2019-03-21T01:18:50","date_gmt":"2019-03-21T01:18:50","guid":{"rendered":"https:\/\/www.codancompanies.com\/imprint\/"},"modified":"2023-08-02T14:25:53","modified_gmt":"2023-08-02T12:25:53","slug":"mentions-legales","status":"publish","type":"page","link":"https:\/\/www.codancompanies.com\/fr\/mentions-legales\/","title":{"rendered":"Mentions l\u00e9gales"},"content":{"rendered":"\t\t<div data-elementor-type=\"wp-post\" data-elementor-id=\"18202\" class=\"elementor elementor-18202 elementor-2402\" data-elementor-post-type=\"page\">\n\t\t\t\t\t\t<section class=\"elementor-section elementor-top-section elementor-element elementor-element-120eebc1 elementor-section-height-min-height elementor-section-boxed elementor-section-height-default elementor-section-items-middle\" data-id=\"120eebc1\" data-element_type=\"section\" data-e-type=\"section\" data-settings=\"{&quot;background_background&quot;:&quot;classic&quot;}\">\n\t\t\t\t\t\t\t<div class=\"elementor-background-overlay\"><\/div>\n\t\t\t\t\t\t\t<div class=\"elementor-container elementor-column-gap-default\">\n\t\t\t\t\t<div class=\"elementor-column elementor-col-100 elementor-top-column elementor-element elementor-element-2bcbc8da\" data-id=\"2bcbc8da\" data-element_type=\"column\" data-e-type=\"column\">\n\t\t\t<div class=\"elementor-widget-wrap\">\n\t\t\t\t\t\t\t<\/div>\n\t\t<\/div>\n\t\t\t\t\t<\/div>\n\t\t<\/section>\n\t\t\t\t<section class=\"elementor-section elementor-top-section elementor-element elementor-element-399e3061 elementor-section-boxed elementor-section-height-default elementor-section-height-default\" data-id=\"399e3061\" data-element_type=\"section\" data-e-type=\"section\">\n\t\t\t\t\t\t<div class=\"elementor-container elementor-column-gap-no\">\n\t\t\t\t\t<div class=\"elementor-column elementor-col-100 elementor-top-column elementor-element elementor-element-2ff67578\" data-id=\"2ff67578\" data-element_type=\"column\" data-e-type=\"column\">\n\t\t\t<div class=\"elementor-widget-wrap elementor-element-populated\">\n\t\t\t\t\t\t<section class=\"elementor-section elementor-inner-section elementor-element elementor-element-495aa1bd elementor-section-boxed elementor-section-height-default elementor-section-height-default\" data-id=\"495aa1bd\" data-element_type=\"section\" data-e-type=\"section\" data-settings=\"{&quot;background_background&quot;:&quot;classic&quot;}\">\n\t\t\t\t\t\t<div class=\"elementor-container elementor-column-gap-default\">\n\t\t\t\t\t<div class=\"elementor-column elementor-col-100 elementor-inner-column elementor-element elementor-element-71779455\" data-id=\"71779455\" data-element_type=\"column\" data-e-type=\"column\" data-settings=\"{&quot;background_background&quot;:&quot;classic&quot;}\">\n\t\t\t<div class=\"elementor-widget-wrap elementor-element-populated\">\n\t\t\t\t\t\t<div class=\"elementor-element elementor-element-443a5402 elementor-widget elementor-widget-breadcrumbs\" data-id=\"443a5402\" data-element_type=\"widget\" data-e-type=\"widget\" data-widget_type=\"breadcrumbs.default\">\n\t\t\t\t<div class=\"elementor-widget-container\">\n\t\t\t\t\t<p id=\"breadcrumbs\"><span><span><a href=\"https:\/\/www.codancompanies.com\/de\/\">Accueil<\/a><\/span><\/span><\/p>\t\t\t\t<\/div>\n\t\t\t\t<\/div>\n\t\t\t\t<div class=\"elementor-element elementor-element-7114b252 elementor-widget elementor-widget-text-editor\" data-id=\"7114b252\" data-element_type=\"widget\" data-e-type=\"widget\" data-widget_type=\"text-editor.default\">\n\t\t\t\t<div class=\"elementor-widget-container\">\n\t\t\t\t\t\t\t\t\t<p><strong>CODAN Medizinische Ger\u00e4te GmbH<\/strong><br \/>\nStig Husted-Andersen Stra\u00dfe 11<br \/>\n23738 Lensahn \u00b7 DE<\/p>\n<p>T\u00e9l\u00e9phone +49 (0) 43 63 \u00b7 51 11<br \/>\nT\u00e9l\u00e9copie +49 (0) 43 63 \u00b7 51 12 14<br \/>\nE-mail: <a href=\"mailto:codan@codan.de\">codan@codan.de<\/a><\/p>\n<p><strong>Directrices g\u00e9n\u00e9rales\u00a0:<\/strong> Deirdre\u00a0Husted-Andersen, Alexandra\u00a0Husted-Andersen, Stefanie\u00a0Husted-Andersen<br \/>\n<strong>Tribunal des registres\u00a0:<\/strong> Tribunal cantonal de L\u00fcbeck<br \/>\n<strong>Num\u00e9ro de registre\u00a0:<\/strong> HRB 382 OL<br \/>\n<strong>N\u00b0 d'identification TVA\u00a0:<\/strong> DE 135 129 083<\/p>\n<h5><strong>Avis de non-responsabilit\u00e9<\/strong><\/h5>\n<p><strong>1. Limitation de responsabilit\u00e9\u00a0:<\/strong><br \/>\nLes contenus de ce site web ont \u00e9t\u00e9 \u00e9labor\u00e9s avec le plus grand soin. Toutefois, le fournisseur n'en garantit pas l'exactitude, l'exhaustivit\u00e9 et l'actualit\u00e9. L'utilisation des contenus de ce site web se fait aux risques et p\u00e9rils de l'utilisateur. Les contributions nominatives refl\u00e8tent l'opinion de leurs auteurs respectifs et ne refl\u00e8tent pas n\u00e9cessairement celle du fournisseur. La seule utilisation du site web du fournisseur ne constitue pas un contrat entre l'utilisateur et le fournisseur.<\/p>\n<p><strong>2. Liens externes\u00a0:<\/strong><br \/>\nCe site web contient des liens vers des sites web tiers (\u00ab\u00a0liens externes\u00a0\u00bb). Ces sites web rel\u00e8vent de la responsabilit\u00e9 de leurs exploitants respectifs. Lors de la cr\u00e9ation initiale des liens externes, le fournisseur a v\u00e9rifi\u00e9 le contenu externe pour s'assurer qu'il n'enfreignait pas la loi. \u00c0 ce moment-l\u00e0, il n'existait pas de violation de la loi. Le fournisseur n'a aucune influence sur le design et le contenu actuels et futurs des pages fournies en lien. L'inclusion de liens externes ne signifie pas que le fournisseur adh\u00e8re au contenu fourni dans la r\u00e9f\u00e9rence ou le lien. Le fournisseur ne peut pas raisonnablement contr\u00f4ler en permanence les liens externes sans preuve concr\u00e8te de violation de la loi. Toutefois, s'il devait prendre connaissance d'une infraction \u00e0 la loi, les liens externes concern\u00e9s seraient imm\u00e9diatement supprim\u00e9s.<\/p>\n<p><strong>3. Copyright :<\/strong><br \/>\nLes contenus publi\u00e9s sur ce site web sont r\u00e9gis par la loi allemande relative aux droits d'auteur. Toute utilisation non autoris\u00e9e par la loi allemande relative aux droits d'auteurs requiert le consentement \u00e9crit pr\u00e9alable du fournisseur ou du d\u00e9tenteur des droits d'auteur. Cela s'applique en particulier \u00e0 la duplication, l'\u00e9dition, la traduction, la sauvegarde, le traitement ou la reproduction du contenu dans des bases de donn\u00e9es ou sur tout autre support ou syst\u00e8me \u00e9lectronique. Les contenus et les droits de tiers sont signal\u00e9s en tant que tels. La duplication et la transmission non autoris\u00e9es de contenus individuels ou de pages enti\u00e8res ne sont pas autoris\u00e9es et sont passibles de poursuites. Seule la production de copies et les t\u00e9l\u00e9chargements pour un usage personnel, priv\u00e9 et non commercial sont autoris\u00e9s.<br \/>\nLa pr\u00e9sentation de ce site web dans des cadres externes est permise uniquement avec une autorisation \u00e9crite.<\/p>\n<p><strong>4. Conditions particuli\u00e8res d'utilisation\u00a0:<\/strong><br \/>\nDans la mesure o\u00f9 des conditions particuli\u00e8res pour des usages individuels de ce site web diff\u00e8rent des paragraphes ci-dessus, cela sera indiqu\u00e9 express\u00e9ment au paragraphe concern\u00e9. Alors, des conditions particuli\u00e8res d'utilisation pourront s'appliquer au cas par cas.<\/p>\n\t\t\t\t\t\t\t\t<\/div>\n\t\t\t\t<\/div>\n\t\t\t\t\t<\/div>\n\t\t<\/div>\n\t\t\t\t\t<\/div>\n\t\t<\/section>\n\t\t\t\t\t<\/div>\n\t\t<\/div>\n\t\t\t\t\t<\/div>\n\t\t<\/section>\n\t\t\t\t<\/div>\n\t\t","protected":false},"excerpt":{"rendered":"","protected":false},"author":3,"featured_media":0,"parent":0,"menu_order":0,"comment_status":"closed","ping_status":"closed","template":"elementor_header_footer","meta":{"inline_featured_image":false,"footnotes":""},"pagetyp":[64],"product-group":[],"class_list":["post-18202","page","type-page","status-publish","hentry","pagetyp-static"],"yoast_head":"<!-- This site is optimized with the Yoast SEO plugin v27.4 - https:\/\/yoast.com\/product\/yoast-seo-wordpress\/ -->\n<title>CODAN Medizinische Ger\u00e4te GmbH &amp; Co KG I Mentions l\u00e9gales<\/title>\n<meta name=\"description\" content=\"Stig Husted-Andersen Strasse 11, 23738 Lensahn, Allemagne I Tribunal des registres : Tribunal cantonal de L\u00fcbeck I Num\u00e9ro de registre : HRA 1062 OL I N\u00b0 d\u2019identification TVA : DE 135 233 808\" \/>\n<meta name=\"robots\" content=\"index, follow, max-snippet:-1, max-image-preview:large, max-video-preview:-1\" \/>\n<link rel=\"canonical\" href=\"https:\/\/www.codancompanies.com\/fr\/mentions-legales\/\" \/>\n<script type=\"application\/ld+json\" class=\"yoast-schema-graph\">{\"@context\":\"https:\\\/\\\/schema.org\",\"@graph\":[{\"@type\":\"WebPage\",\"@id\":\"https:\\\/\\\/www.codancompanies.com\\\/fr\\\/mentions-legales\\\/\",\"url\":\"https:\\\/\\\/www.codancompanies.com\\\/fr\\\/mentions-legales\\\/\",\"name\":\"CODAN Medizinische Ger\u00e4te GmbH & Co KG I Mentions l\u00e9gales\",\"isPartOf\":{\"@id\":\"https:\\\/\\\/www.codancompanies.com\\\/de\\\/#website\"},\"datePublished\":\"2019-03-21T01:18:50+00:00\",\"dateModified\":\"2023-08-02T12:25:53+00:00\",\"description\":\"Stig Husted-Andersen Strasse 11, 23738 Lensahn, Allemagne I Tribunal des registres : Tribunal cantonal de L\u00fcbeck I Num\u00e9ro de registre : HRA 1062 OL I N\u00b0 d\u2019identification TVA : DE 135 233 808\",\"breadcrumb\":{\"@id\":\"https:\\\/\\\/www.codancompanies.com\\\/fr\\\/mentions-legales\\\/#breadcrumb\"},\"inLanguage\":\"fr-FR\",\"potentialAction\":[{\"@type\":\"ReadAction\",\"target\":[\"https:\\\/\\\/www.codancompanies.com\\\/fr\\\/mentions-legales\\\/\"]}]},{\"@type\":\"BreadcrumbList\",\"@id\":\"https:\\\/\\\/www.codancompanies.com\\\/fr\\\/mentions-legales\\\/#breadcrumb\",\"itemListElement\":[{\"@type\":\"ListItem\",\"position\":1,\"name\":\"Accueil\",\"item\":\"https:\\\/\\\/www.codancompanies.com\\\/de\\\/\"},{\"@type\":\"ListItem\",\"position\":2,\"name\":\"Mentions l\u00e9gales\"}]},{\"@type\":\"WebSite\",\"@id\":\"https:\\\/\\\/www.codancompanies.com\\\/de\\\/#website\",\"url\":\"https:\\\/\\\/www.codancompanies.com\\\/de\\\/\",\"name\":\"CODAN\",\"description\":\"The decisive connection\",\"publisher\":{\"@id\":\"https:\\\/\\\/www.codancompanies.com\\\/de\\\/#organization\"},\"potentialAction\":[{\"@type\":\"SearchAction\",\"target\":{\"@type\":\"EntryPoint\",\"urlTemplate\":\"https:\\\/\\\/www.codancompanies.com\\\/de\\\/?s={search_term_string}\"},\"query-input\":{\"@type\":\"PropertyValueSpecification\",\"valueRequired\":true,\"valueName\":\"search_term_string\"}}],\"inLanguage\":\"fr-FR\"},{\"@type\":\"Organization\",\"@id\":\"https:\\\/\\\/www.codancompanies.com\\\/de\\\/#organization\",\"name\":\"CODAN Medizinische Ger\u00e4te GmbH & Co KG\",\"url\":\"https:\\\/\\\/www.codancompanies.com\\\/de\\\/\",\"logo\":{\"@type\":\"ImageObject\",\"inLanguage\":\"fr-FR\",\"@id\":\"https:\\\/\\\/www.codancompanies.com\\\/de\\\/#\\\/schema\\\/logo\\\/image\\\/\",\"url\":\"https:\\\/\\\/www.codancompanies.com\\\/wp-content\\\/uploads\\\/cropped-codan-logo-icon.png\",\"contentUrl\":\"https:\\\/\\\/www.codancompanies.com\\\/wp-content\\\/uploads\\\/cropped-codan-logo-icon.png\",\"width\":512,\"height\":512,\"caption\":\"CODAN Medizinische Ger\u00e4te GmbH & Co KG\"},\"image\":{\"@id\":\"https:\\\/\\\/www.codancompanies.com\\\/de\\\/#\\\/schema\\\/logo\\\/image\\\/\"},\"sameAs\":[\"https:\\\/\\\/de.wikipedia.org\\\/wiki\\\/Codan\"]}]}<\/script>\n<!-- \/ Yoast SEO plugin. -->","yoast_head_json":{"title":"CODAN Medizinische Ger\u00e4te GmbH & Co KG I Mentions l\u00e9gales","description":"Stig Husted-Andersen Strasse 11, 23738 Lensahn, Allemagne I Tribunal des registres : Tribunal cantonal de L\u00fcbeck I Num\u00e9ro de registre : HRA 1062 OL I N\u00b0 d\u2019identification TVA : DE 135 233 808","robots":{"index":"index","follow":"follow","max-snippet":"max-snippet:-1","max-image-preview":"max-image-preview:large","max-video-preview":"max-video-preview:-1"},"canonical":"https:\/\/www.codancompanies.com\/fr\/mentions-legales\/","schema":{"@context":"https:\/\/schema.org","@graph":[{"@type":"WebPage","@id":"https:\/\/www.codancompanies.com\/fr\/mentions-legales\/","url":"https:\/\/www.codancompanies.com\/fr\/mentions-legales\/","name":"CODAN Medizinische Ger\u00e4te GmbH & Co KG I Mentions l\u00e9gales","isPartOf":{"@id":"https:\/\/www.codancompanies.com\/de\/#website"},"datePublished":"2019-03-21T01:18:50+00:00","dateModified":"2023-08-02T12:25:53+00:00","description":"Stig Husted-Andersen Strasse 11, 23738 Lensahn, Allemagne I Tribunal des registres : Tribunal cantonal de L\u00fcbeck I Num\u00e9ro de registre : HRA 1062 OL I N\u00b0 d\u2019identification TVA : DE 135 233 808","breadcrumb":{"@id":"https:\/\/www.codancompanies.com\/fr\/mentions-legales\/#breadcrumb"},"inLanguage":"fr-FR","potentialAction":[{"@type":"ReadAction","target":["https:\/\/www.codancompanies.com\/fr\/mentions-legales\/"]}]},{"@type":"BreadcrumbList","@id":"https:\/\/www.codancompanies.com\/fr\/mentions-legales\/#breadcrumb","itemListElement":[{"@type":"ListItem","position":1,"name":"Accueil","item":"https:\/\/www.codancompanies.com\/de\/"},{"@type":"ListItem","position":2,"name":"Mentions l\u00e9gales"}]},{"@type":"WebSite","@id":"https:\/\/www.codancompanies.com\/de\/#website","url":"https:\/\/www.codancompanies.com\/de\/","name":"CODAN","description":"The decisive connection","publisher":{"@id":"https:\/\/www.codancompanies.com\/de\/#organization"},"potentialAction":[{"@type":"SearchAction","target":{"@type":"EntryPoint","urlTemplate":"https:\/\/www.codancompanies.com\/de\/?s={search_term_string}"},"query-input":{"@type":"PropertyValueSpecification","valueRequired":true,"valueName":"search_term_string"}}],"inLanguage":"fr-FR"},{"@type":"Organization","@id":"https:\/\/www.codancompanies.com\/de\/#organization","name":"CODAN Medizinische Ger\u00e4te GmbH & Co KG","url":"https:\/\/www.codancompanies.com\/de\/","logo":{"@type":"ImageObject","inLanguage":"fr-FR","@id":"https:\/\/www.codancompanies.com\/de\/#\/schema\/logo\/image\/","url":"https:\/\/www.codancompanies.com\/wp-content\/uploads\/cropped-codan-logo-icon.png","contentUrl":"https:\/\/www.codancompanies.com\/wp-content\/uploads\/cropped-codan-logo-icon.png","width":512,"height":512,"caption":"CODAN Medizinische Ger\u00e4te GmbH & Co KG"},"image":{"@id":"https:\/\/www.codancompanies.com\/de\/#\/schema\/logo\/image\/"},"sameAs":["https:\/\/de.wikipedia.org\/wiki\/Codan"]}]}},"_links":{"self":[{"href":"https:\/\/www.codancompanies.com\/fr\/wp-json\/wp\/v2\/pages\/18202","targetHints":{"allow":["GET"]}}],"collection":[{"href":"https:\/\/www.codancompanies.com\/fr\/wp-json\/wp\/v2\/pages"}],"about":[{"href":"https:\/\/www.codancompanies.com\/fr\/wp-json\/wp\/v2\/types\/page"}],"author":[{"embeddable":true,"href":"https:\/\/www.codancompanies.com\/fr\/wp-json\/wp\/v2\/users\/3"}],"replies":[{"embeddable":true,"href":"https:\/\/www.codancompanies.com\/fr\/wp-json\/wp\/v2\/comments?post=18202"}],"version-history":[{"count":0,"href":"https:\/\/www.codancompanies.com\/fr\/wp-json\/wp\/v2\/pages\/18202\/revisions"}],"wp:attachment":[{"href":"https:\/\/www.codancompanies.com\/fr\/wp-json\/wp\/v2\/media?parent=18202"}],"wp:term":[{"taxonomy":"pagetyp","embeddable":true,"href":"https:\/\/www.codancompanies.com\/fr\/wp-json\/wp\/v2\/pagetyp?post=18202"},{"taxonomy":"product-group","embeddable":true,"href":"https:\/\/www.codancompanies.com\/fr\/wp-json\/wp\/v2\/product-group?post=18202"}],"curies":[{"name":"wp","href":"https:\/\/api.w.org\/{rel}","templated":true}]}}