{"id":18153,"date":"2019-03-21T00:49:28","date_gmt":"2019-03-21T00:49:28","guid":{"rendered":"https:\/\/www.codancompanies.com\/code-of-conduct\/"},"modified":"2024-12-13T11:20:45","modified_gmt":"2024-12-13T10:20:45","slug":"code-de-conduite","status":"publish","type":"page","link":"https:\/\/www.codancompanies.com\/fr\/code-de-conduite\/","title":{"rendered":"Code de conduite"},"content":{"rendered":"\t\t<div data-elementor-type=\"wp-page\" data-elementor-id=\"18153\" class=\"elementor elementor-18153 elementor-2391\" data-elementor-post-type=\"page\">\n\t\t\t\t\t\t<section class=\"elementor-section elementor-top-section elementor-element elementor-element-46d56e9a elementor-section-height-min-height elementor-section-boxed elementor-section-height-default elementor-section-items-middle\" data-id=\"46d56e9a\" data-element_type=\"section\" data-e-type=\"section\" data-settings=\"{&quot;background_background&quot;:&quot;classic&quot;}\">\n\t\t\t\t\t\t\t<div class=\"elementor-background-overlay\"><\/div>\n\t\t\t\t\t\t\t<div class=\"elementor-container elementor-column-gap-default\">\n\t\t\t\t\t<div class=\"elementor-column elementor-col-100 elementor-top-column elementor-element elementor-element-15696b8e\" data-id=\"15696b8e\" data-element_type=\"column\" data-e-type=\"column\">\n\t\t\t<div class=\"elementor-widget-wrap\">\n\t\t\t\t\t\t\t<\/div>\n\t\t<\/div>\n\t\t\t\t\t<\/div>\n\t\t<\/section>\n\t\t\t\t<section class=\"elementor-section elementor-top-section elementor-element elementor-element-2812b9fc elementor-section-boxed elementor-section-height-default elementor-section-height-default\" data-id=\"2812b9fc\" data-element_type=\"section\" data-e-type=\"section\">\n\t\t\t\t\t\t<div class=\"elementor-container elementor-column-gap-no\">\n\t\t\t\t\t<div class=\"elementor-column elementor-col-100 elementor-top-column elementor-element elementor-element-1c3b6915\" data-id=\"1c3b6915\" data-element_type=\"column\" data-e-type=\"column\">\n\t\t\t<div class=\"elementor-widget-wrap elementor-element-populated\">\n\t\t\t\t\t\t<section class=\"elementor-section elementor-inner-section elementor-element elementor-element-60174241 elementor-section-boxed elementor-section-height-default elementor-section-height-default\" data-id=\"60174241\" data-element_type=\"section\" data-e-type=\"section\" data-settings=\"{&quot;background_background&quot;:&quot;classic&quot;}\">\n\t\t\t\t\t\t<div class=\"elementor-container elementor-column-gap-default\">\n\t\t\t\t\t<div class=\"elementor-column elementor-col-100 elementor-inner-column elementor-element elementor-element-64edce0e\" data-id=\"64edce0e\" data-element_type=\"column\" data-e-type=\"column\" data-settings=\"{&quot;background_background&quot;:&quot;classic&quot;}\">\n\t\t\t<div class=\"elementor-widget-wrap elementor-element-populated\">\n\t\t\t\t\t\t<div class=\"elementor-element elementor-element-fa824e7 elementor-widget elementor-widget-breadcrumbs\" data-id=\"fa824e7\" data-element_type=\"widget\" data-e-type=\"widget\" data-widget_type=\"breadcrumbs.default\">\n\t\t\t\t<div class=\"elementor-widget-container\">\n\t\t\t\t\t<p id=\"breadcrumbs\"><span><span><a href=\"https:\/\/www.codancompanies.com\/fr\/\">Accueil<\/a><\/span><\/span><\/p>\t\t\t\t<\/div>\n\t\t\t\t<\/div>\n\t\t\t\t<div class=\"elementor-element elementor-element-3647b866 elementor-widget elementor-widget-text-editor\" data-id=\"3647b866\" data-element_type=\"widget\" data-e-type=\"widget\" data-widget_type=\"text-editor.default\">\n\t\t\t\t<div class=\"elementor-widget-container\">\n\t\t\t\t\t\t\t\t\t<p>Les soci\u00e9t\u00e9s internationales CODAN, comptant plus de 1500 employ\u00e9s, sont sp\u00e9cialis\u00e9es dans la fabrication de dispositifs m\u00e9dicaux d\u2019administration. Depuis la cr\u00e9ation de la premi\u00e8re petite unit\u00e9 de production par Sven Husted-Andersen senior, le nom de CODAN est synonyme de dispositifs de grande qualit\u00e9, et porte les valeurs d\u2019une entreprise familiale g\u00e9r\u00e9e par ses propri\u00e9taires.<\/p>\n<p>CODAN est reconnu par les utilisateurs comme un fabricant et un distributeur de dispositifs m\u00e9dicaux, b\u00e9n\u00e9ficiant de plus de 60 ann\u00e9es de recherche et de d\u00e9veloppement. En tant que partenaire mondial de l\u2019industrie m\u00e9dicale, avec des origines danoises et des sites de production dans cinq pays, CODAN contribue \u00e0 la s\u00e9curit\u00e9 des soins des patients dans le monde entier, gr\u00e2ce \u00e0 des solutions innovantes et fiables dans les domaines de la perfusion, du monitorage de la pression sanguine et de la technologie des pompes \u00e0 perfusion. La gamme de produits de CODAN est le r\u00e9sultat d\u2019une politique de d\u00e9veloppement coh\u00e9rente, bas\u00e9e sur la demande du march\u00e9 et dont les fondements sont une \u00e9valuation constante des exigences cliniques, une formation approfondie et un \u00e9change r\u00e9gulier de connaissances et d\u2019exp\u00e9riences entre le corps m\u00e9dical et CODAN.<\/p>\n<p>Nos propres sites de production et soci\u00e9t\u00e9s de vente situ\u00e9s dans les pays suivants : Allemagne, Portugal, \u00c9tats-Unis, Norv\u00e8ge, Su\u00e8de, R\u00e9publique tch\u00e8que, Royaume-Uni, France, Suisse, Pays-Bas, Italie, Autriche et Danemark coop\u00e8rent afin de garantir une fabrication, des ventes et un service efficaces sur le march\u00e9 des soins de sant\u00e9.<\/p>\n<p>La conduite des soci\u00e9t\u00e9s (ci-apr\u00e8s CODAN)<\/p>\n<ul>\n<li>CODAN Medizinische Ger\u00e4te GmbH<\/li>\n<li>CODAN Medizinische Polymertechnologie GmbH<\/li>\n<li>CODAN pvb Critical Care GmbH<\/li>\n<li>CODAN pvb Medical GmbH<\/li>\n<li>CODAN 11, S.A.<\/li>\n<li>CODAN PORTUGAL Instrumentos M\u00e9dicos, S.A.<\/li>\n<li>CODAN US Corporation<\/li>\n<li>CODAN Inc.<\/li>\n<li>CODAN NORGE AS<\/li>\n<li>CODAN TRIPLUS AB<\/li>\n<li>CODAN Limited<\/li>\n<li>CODAN FRANCE Sarl<\/li>\n<li>CODAN Medical AG<\/li>\n<li>CODAN ARGUS AG<\/li>\n<li>CODAN BV<\/li>\n<li>CODAN s.r.l.<\/li>\n<li>CODAN Medical GmbH<\/li>\n<li>CODAN Medical ApS<\/li>\n<li>CODAN DEHA ApS<\/li>\n<li>CODAN MEDITECH s.r.o.<\/li>\n<\/ul>\n<p>et celle de leurs employ\u00e9s est li\u00e9e aux directives sp\u00e9cifi\u00e9es dans ce document. Celles-ci sont valables pour la direction et tous les employ\u00e9s, et repr\u00e9sentent la base obligatoire de toutes nos relations commerciales.<\/p>\n<p>Les directives \u00e9thiques d\u00e9crites ici sont tout particuli\u00e8rement bas\u00e9es sur les principes du Pacte<br \/>\nMondial des Nations Unies, et sur la D\u00e9claration universelle des droits de l\u2019homme des Nations Unies.<\/p>\n<p><strong>Principes g\u00e9n\u00e9raux<\/strong><br \/>\nCODAN s\u2019engage \u00e0 respecter toutes les lois en vigueur et tout autre r\u00e8glement applicable dans les pays dans lesquels la soci\u00e9t\u00e9 agit. Tous les employ\u00e9s et partenaires commerciaux sont trait\u00e9s de fa\u00e7on juste, et les contrats sont respect\u00e9s.<\/p>\n<p><strong>Corruption<\/strong><br \/>\nTous les employ\u00e9s de CODAN sont dans l\u2019obligation de s\u00e9parer de fa\u00e7on stricte les int\u00e9r\u00eats de la soci\u00e9t\u00e9 et leurs int\u00e9r\u00eats priv\u00e9s. Ceci est valable pour le traitement des clients, des fournisseurs et des autres institutions. Toutes les actions et d\u00e9cisions d\u2019achat sont r\u00e9alis\u00e9es de fa\u00e7on ind\u00e9pendante, excluant toutes consid\u00e9rations \u00e9trang\u00e8res aux affaires et les int\u00e9r\u00eats personnels.<\/p>\n<p>L\u2019octroi d\u2019avantages personnels par CODAN et ses employ\u00e9s dans le but d\u2019obtenir des avantages pour la soci\u00e9t\u00e9, pour soim\u00eame ou pour une tierce partie, n\u2019est pas autoris\u00e9. Les employ\u00e9s de CODAN ne sont pas autoris\u00e9s \u00e0 demander ou accepter des avantages personnels ou des faveurs sous forme d\u2019int\u00e9r\u00eats, d\u2019argent ou autre, lorsqu\u2019ils traitent avec des clients, des fournisseurs ou d\u2019autres institutions. Ceci ne s\u2019applique g\u00e9n\u00e9ralement pas aux cadeaux et aux invitations qui rel\u00e8vent du domaine de l\u2019hospitalit\u00e9, des conventions et de la courtoisie.<\/p>\n<p><strong>Travail forc\u00e9<\/strong><br \/>\nCODAN condamne de fa\u00e7on stricte toute forme de travail forc\u00e9. Les employ\u00e9s ne sont en aucun cas oblig\u00e9s de travailler sous la violence ou l\u2019intimidation.<\/p>\n<p><strong>Travail des enfants<\/strong><br \/>\nCODAN respecte les r\u00e8glements des Nations Unies li\u00e9es aux droits de l\u2019homme et aux droits des enfants, et s\u2019engage \u00e0 se conformer \u00e0 l\u2019\u00e2ge l\u00e9gal minimum pour l\u2019acc\u00e8s \u00e0 l\u2019emploi.<\/p>\n<p><strong>Droits de l\u2019homme<\/strong><br \/>\nCODAN reconnait explicitement et \u0153uvre pour le respect des droits de l\u2019homme reconnus internationalement.<\/p>\n<p><strong>Discrimination<\/strong><br \/>\nCODAN s\u2019engage \u00e0 \u00e9viter et \u00e0 s\u2019opposer \u00e0 toute forme de discrimination sur la base de la situation juridique applicable. Ceci inclut, tout particuli\u00e8rement, la discrimination bas\u00e9e sur le sexe, la race, le handicap, l\u2019origine ethnique ou culturelle, la religion ou l\u2019id\u00e9ologie, l\u2019\u00e2ge ou l\u2019orientation sexuelle.<\/p>\n<p><strong>Protection de la sant\u00e9<\/strong><br \/>\nCODAN se conforme \u00e0 toutes les exigences sur la protection de la sant\u00e9 et la s\u00e9curit\u00e9 au travail, conform\u00e9ment aux dispositions et aux lois nationales.<\/p>\n<p><strong>Convention collective<\/strong><br \/>\nCODAN respecte le droit des employ\u00e9s \u00e0 s\u2019organiser conform\u00e9ment aux lois et aux droits applicables.<\/p>\n<p><strong>Protection de l\u2019environnement<\/strong><br \/>\nCODAN estime qu\u2019il est important de parvenir, autant que possible, \u00e0 un bon \u00e9quilibre entre les int\u00e9r\u00eats \u00e9conomiques, les r\u00e8glements applicables, les demandes m\u00e9dicales et les besoins en mati\u00e8re de protection environnementale et climatique. Nous soutenons les actions en faveur de l\u2019environnement de notre personnel.<\/p>\n<p><strong>Secrets commerciaux<\/strong><br \/>\nCODAN exige de ses employ\u00e9s qu\u2019ils respectent et conservent les secrets commerciaux. Les donn\u00e9es ainsi que les documents confidentiels ne doivent pas \u00eatre divulgu\u00e9s \u00e0 des tierces parties, et les tierces parties ne sont pas autoris\u00e9es \u00e0 prendre connaissance de ceux-ci, de quelque mani\u00e8re que ce soit, sauf en cas d\u2019octroi d\u2019une autorisation en bonne et due forme ou en cas de donn\u00e9e accessible au public.<\/p>\n\t\t\t\t\t\t\t\t<\/div>\n\t\t\t\t<\/div>\n\t\t\t\t\t<\/div>\n\t\t<\/div>\n\t\t\t\t\t<\/div>\n\t\t<\/section>\n\t\t\t\t\t<\/div>\n\t\t<\/div>\n\t\t\t\t\t<\/div>\n\t\t<\/section>\n\t\t\t\t<section class=\"elementor-section elementor-top-section elementor-element elementor-element-dee939f elementor-section-boxed elementor-section-height-default elementor-section-height-default\" data-id=\"dee939f\" data-element_type=\"section\" data-e-type=\"section\" data-settings=\"{&quot;background_background&quot;:&quot;classic&quot;}\">\n\t\t\t\t\t\t<div class=\"elementor-container elementor-column-gap-default\">\n\t\t\t\t\t<div class=\"elementor-column elementor-col-100 elementor-top-column elementor-element elementor-element-aed1a1f\" data-id=\"aed1a1f\" data-element_type=\"column\" data-e-type=\"column\">\n\t\t\t<div class=\"elementor-widget-wrap elementor-element-populated\">\n\t\t\t\t\t\t<div class=\"elementor-element elementor-element-7bdf736 elementor-widget elementor-widget-heading\" data-id=\"7bdf736\" data-element_type=\"widget\" data-e-type=\"widget\" data-widget_type=\"heading.default\">\n\t\t\t\t<div class=\"elementor-widget-container\">\n\t\t\t\t\t<h4 class=\"elementor-heading-title elementor-size-default\">Code de conduite<\/h4>\t\t\t\t<\/div>\n\t\t\t\t<\/div>\n\t\t\t\t<div class=\"elementor-element elementor-element-52a8496 elementor-icon-list--layout-inline elementor-align-end elementor-mobile-align-start elementor-list-item-link-full_width elementor-widget elementor-widget-icon-list\" data-id=\"52a8496\" data-element_type=\"widget\" data-e-type=\"widget\" data-widget_type=\"icon-list.default\">\n\t\t\t\t<div class=\"elementor-widget-container\">\n\t\t\t\t\t\t\t<ul class=\"elementor-icon-list-items elementor-inline-items\">\n\t\t\t\t\t\t\t<li class=\"elementor-icon-list-item elementor-inline-item\">\n\t\t\t\t\t\t\t\t\t\t\t<a href=\"https:\/\/www.codancompanies.com\/wp-content\/uploads\/de_CODAN_Code_of_Conduct.pdf\" target=\"_blank\">\n\n\t\t\t\t\t\t\t\t\t\t\t\t<span class=\"elementor-icon-list-icon\">\n\t\t\t\t\t\t\t<i aria-hidden=\"true\" class=\"far fa-file-pdf\"><\/i>\t\t\t\t\t\t<\/span>\n\t\t\t\t\t\t\t\t\t\t<span class=\"elementor-icon-list-text\">Deutsch<\/span>\n\t\t\t\t\t\t\t\t\t\t\t<\/a>\n\t\t\t\t\t\t\t\t\t<\/li>\n\t\t\t\t\t\t\t\t<li class=\"elementor-icon-list-item elementor-inline-item\">\n\t\t\t\t\t\t\t\t\t\t\t<a href=\"https:\/\/www.codancompanies.com\/wp-content\/uploads\/en_CODAN_Code_of_Conduct.pdf\" target=\"_blank\">\n\n\t\t\t\t\t\t\t\t\t\t\t\t<span class=\"elementor-icon-list-icon\">\n\t\t\t\t\t\t\t<i aria-hidden=\"true\" class=\"far fa-file-pdf\"><\/i>\t\t\t\t\t\t<\/span>\n\t\t\t\t\t\t\t\t\t\t<span class=\"elementor-icon-list-text\">English<\/span>\n\t\t\t\t\t\t\t\t\t\t\t<\/a>\n\t\t\t\t\t\t\t\t\t<\/li>\n\t\t\t\t\t\t\t\t<li class=\"elementor-icon-list-item elementor-inline-item\">\n\t\t\t\t\t\t\t\t\t\t\t<a href=\"https:\/\/www.codancompanies.com\/wp-content\/uploads\/es_CODAN_Code_of_Conduct.pdf\" target=\"_blank\">\n\n\t\t\t\t\t\t\t\t\t\t\t\t<span class=\"elementor-icon-list-icon\">\n\t\t\t\t\t\t\t<i aria-hidden=\"true\" class=\"far fa-file-pdf\"><\/i>\t\t\t\t\t\t<\/span>\n\t\t\t\t\t\t\t\t\t\t<span class=\"elementor-icon-list-text\">Espa\u00f1ol<\/span>\n\t\t\t\t\t\t\t\t\t\t\t<\/a>\n\t\t\t\t\t\t\t\t\t<\/li>\n\t\t\t\t\t\t\t\t<li class=\"elementor-icon-list-item elementor-inline-item\">\n\t\t\t\t\t\t\t\t\t\t\t<a href=\"https:\/\/www.codancompanies.com\/wp-content\/uploads\/fr_CODAN_Code_of_Conduct.pdf\" target=\"_blank\">\n\n\t\t\t\t\t\t\t\t\t\t\t\t<span class=\"elementor-icon-list-icon\">\n\t\t\t\t\t\t\t<i aria-hidden=\"true\" class=\"far fa-file-pdf\"><\/i>\t\t\t\t\t\t<\/span>\n\t\t\t\t\t\t\t\t\t\t<span class=\"elementor-icon-list-text\"> Fran\u00e7ais<\/span>\n\t\t\t\t\t\t\t\t\t\t\t<\/a>\n\t\t\t\t\t\t\t\t\t<\/li>\n\t\t\t\t\t\t\t\t<li class=\"elementor-icon-list-item elementor-inline-item\">\n\t\t\t\t\t\t\t\t\t\t\t<a href=\"https:\/\/www.codancompanies.com\/wp-content\/uploads\/it_CODAN_Code_of_Conduct.pdf\" target=\"_blank\">\n\n\t\t\t\t\t\t\t\t\t\t\t\t<span class=\"elementor-icon-list-icon\">\n\t\t\t\t\t\t\t<i aria-hidden=\"true\" class=\"far fa-file-pdf\"><\/i>\t\t\t\t\t\t<\/span>\n\t\t\t\t\t\t\t\t\t\t<span class=\"elementor-icon-list-text\">Italiano<\/span>\n\t\t\t\t\t\t\t\t\t\t\t<\/a>\n\t\t\t\t\t\t\t\t\t<\/li>\n\t\t\t\t\t\t\t\t<li class=\"elementor-icon-list-item elementor-inline-item\">\n\t\t\t\t\t\t\t\t\t\t\t<a href=\"https:\/\/www.codancompanies.com\/wp-content\/uploads\/pt_CODAN_Code_of_Conduct.pdf\" target=\"_blank\">\n\n\t\t\t\t\t\t\t\t\t\t\t\t<span class=\"elementor-icon-list-icon\">\n\t\t\t\t\t\t\t<i aria-hidden=\"true\" class=\"far fa-file-pdf\"><\/i>\t\t\t\t\t\t<\/span>\n\t\t\t\t\t\t\t\t\t\t<span class=\"elementor-icon-list-text\">Portugu\u00eas<\/span>\n\t\t\t\t\t\t\t\t\t\t\t<\/a>\n\t\t\t\t\t\t\t\t\t<\/li>\n\t\t\t\t\t\t<\/ul>\n\t\t\t\t\t\t<\/div>\n\t\t\t\t<\/div>\n\t\t\t\t\t<\/div>\n\t\t<\/div>\n\t\t\t\t\t<\/div>\n\t\t<\/section>\n\t\t\t\t<\/div>\n\t\t","protected":false},"excerpt":{"rendered":"<p>Code de conduite Deutsch English Espa\u00f1ol Fran\u00e7ais Italiano Portugu\u00eas<\/p>\n","protected":false},"author":3,"featured_media":0,"parent":0,"menu_order":0,"comment_status":"closed","ping_status":"closed","template":"elementor_header_footer","meta":{"inline_featured_image":false,"footnotes":""},"pagetyp":[64],"product-group":[],"class_list":["post-18153","page","type-page","status-publish","hentry","pagetyp-static"],"yoast_head":"<!-- This site is optimized with the Yoast SEO plugin v27.4 - https:\/\/yoast.com\/product\/yoast-seo-wordpress\/ -->\n<title>Groupe CODAN I Code de conduite I DE, EN, ES, FR, IT, PT<\/title>\n<meta name=\"description\" content=\"Depuis la cr\u00e9ation du premier petit \u00e9tablissement de production par Sven Husted-Andersen s\u00e9nior, le nom de CODAN symbolise des dispositifs de haute qualit\u00e9 et les valeurs d\u2019une entreprise familiale dirig\u00e9e par ses propri\u00e9taires.\" \/>\n<meta name=\"robots\" content=\"index, follow, max-snippet:-1, max-image-preview:large, max-video-preview:-1\" \/>\n<link rel=\"canonical\" href=\"https:\/\/www.codancompanies.com\/fr\/code-de-conduite\/\" \/>\n<script type=\"application\/ld+json\" class=\"yoast-schema-graph\">{\"@context\":\"https:\\\/\\\/schema.org\",\"@graph\":[{\"@type\":\"WebPage\",\"@id\":\"https:\\\/\\\/www.codancompanies.com\\\/fr\\\/code-de-conduite\\\/\",\"url\":\"https:\\\/\\\/www.codancompanies.com\\\/fr\\\/code-de-conduite\\\/\",\"name\":\"Groupe CODAN I Code de conduite I DE, EN, ES, FR, IT, PT\",\"isPartOf\":{\"@id\":\"https:\\\/\\\/www.codancompanies.com\\\/de\\\/#website\"},\"datePublished\":\"2019-03-21T00:49:28+00:00\",\"dateModified\":\"2024-12-13T10:20:45+00:00\",\"description\":\"Depuis la cr\u00e9ation du premier petit \u00e9tablissement de production par Sven Husted-Andersen s\u00e9nior, le nom de CODAN symbolise des dispositifs de haute qualit\u00e9 et les valeurs d\u2019une entreprise familiale dirig\u00e9e par ses propri\u00e9taires.\",\"breadcrumb\":{\"@id\":\"https:\\\/\\\/www.codancompanies.com\\\/fr\\\/code-de-conduite\\\/#breadcrumb\"},\"inLanguage\":\"fr-FR\",\"potentialAction\":[{\"@type\":\"ReadAction\",\"target\":[\"https:\\\/\\\/www.codancompanies.com\\\/fr\\\/code-de-conduite\\\/\"]}]},{\"@type\":\"BreadcrumbList\",\"@id\":\"https:\\\/\\\/www.codancompanies.com\\\/fr\\\/code-de-conduite\\\/#breadcrumb\",\"itemListElement\":[{\"@type\":\"ListItem\",\"position\":1,\"name\":\"Accueil\",\"item\":\"https:\\\/\\\/www.codancompanies.com\\\/fr\\\/\"},{\"@type\":\"ListItem\",\"position\":2,\"name\":\"Code de conduite\"}]},{\"@type\":\"WebSite\",\"@id\":\"https:\\\/\\\/www.codancompanies.com\\\/de\\\/#website\",\"url\":\"https:\\\/\\\/www.codancompanies.com\\\/de\\\/\",\"name\":\"CODAN\",\"description\":\"The decisive connection\",\"publisher\":{\"@id\":\"https:\\\/\\\/www.codancompanies.com\\\/de\\\/#organization\"},\"potentialAction\":[{\"@type\":\"SearchAction\",\"target\":{\"@type\":\"EntryPoint\",\"urlTemplate\":\"https:\\\/\\\/www.codancompanies.com\\\/de\\\/?s={search_term_string}\"},\"query-input\":{\"@type\":\"PropertyValueSpecification\",\"valueRequired\":true,\"valueName\":\"search_term_string\"}}],\"inLanguage\":\"fr-FR\"},{\"@type\":\"Organization\",\"@id\":\"https:\\\/\\\/www.codancompanies.com\\\/de\\\/#organization\",\"name\":\"CODAN Medizinische Ger\u00e4te GmbH & Co KG\",\"url\":\"https:\\\/\\\/www.codancompanies.com\\\/de\\\/\",\"logo\":{\"@type\":\"ImageObject\",\"inLanguage\":\"fr-FR\",\"@id\":\"https:\\\/\\\/www.codancompanies.com\\\/de\\\/#\\\/schema\\\/logo\\\/image\\\/\",\"url\":\"https:\\\/\\\/www.codancompanies.com\\\/wp-content\\\/uploads\\\/cropped-codan-logo-icon.png\",\"contentUrl\":\"https:\\\/\\\/www.codancompanies.com\\\/wp-content\\\/uploads\\\/cropped-codan-logo-icon.png\",\"width\":512,\"height\":512,\"caption\":\"CODAN Medizinische Ger\u00e4te GmbH & Co KG\"},\"image\":{\"@id\":\"https:\\\/\\\/www.codancompanies.com\\\/de\\\/#\\\/schema\\\/logo\\\/image\\\/\"},\"sameAs\":[\"https:\\\/\\\/de.wikipedia.org\\\/wiki\\\/Codan\"]}]}<\/script>\n<!-- \/ Yoast SEO plugin. -->","yoast_head_json":{"title":"Groupe CODAN I Code de conduite I DE, EN, ES, FR, IT, PT","description":"Depuis la cr\u00e9ation du premier petit \u00e9tablissement de production par Sven Husted-Andersen s\u00e9nior, le nom de CODAN symbolise des dispositifs de haute qualit\u00e9 et les valeurs d\u2019une entreprise familiale dirig\u00e9e par ses propri\u00e9taires.","robots":{"index":"index","follow":"follow","max-snippet":"max-snippet:-1","max-image-preview":"max-image-preview:large","max-video-preview":"max-video-preview:-1"},"canonical":"https:\/\/www.codancompanies.com\/fr\/code-de-conduite\/","schema":{"@context":"https:\/\/schema.org","@graph":[{"@type":"WebPage","@id":"https:\/\/www.codancompanies.com\/fr\/code-de-conduite\/","url":"https:\/\/www.codancompanies.com\/fr\/code-de-conduite\/","name":"Groupe CODAN I Code de conduite I DE, EN, ES, FR, IT, PT","isPartOf":{"@id":"https:\/\/www.codancompanies.com\/de\/#website"},"datePublished":"2019-03-21T00:49:28+00:00","dateModified":"2024-12-13T10:20:45+00:00","description":"Depuis la cr\u00e9ation du premier petit \u00e9tablissement de production par Sven Husted-Andersen s\u00e9nior, le nom de CODAN symbolise des dispositifs de haute qualit\u00e9 et les valeurs d\u2019une entreprise familiale dirig\u00e9e par ses propri\u00e9taires.","breadcrumb":{"@id":"https:\/\/www.codancompanies.com\/fr\/code-de-conduite\/#breadcrumb"},"inLanguage":"fr-FR","potentialAction":[{"@type":"ReadAction","target":["https:\/\/www.codancompanies.com\/fr\/code-de-conduite\/"]}]},{"@type":"BreadcrumbList","@id":"https:\/\/www.codancompanies.com\/fr\/code-de-conduite\/#breadcrumb","itemListElement":[{"@type":"ListItem","position":1,"name":"Accueil","item":"https:\/\/www.codancompanies.com\/fr\/"},{"@type":"ListItem","position":2,"name":"Code de conduite"}]},{"@type":"WebSite","@id":"https:\/\/www.codancompanies.com\/de\/#website","url":"https:\/\/www.codancompanies.com\/de\/","name":"CODAN","description":"The decisive connection","publisher":{"@id":"https:\/\/www.codancompanies.com\/de\/#organization"},"potentialAction":[{"@type":"SearchAction","target":{"@type":"EntryPoint","urlTemplate":"https:\/\/www.codancompanies.com\/de\/?s={search_term_string}"},"query-input":{"@type":"PropertyValueSpecification","valueRequired":true,"valueName":"search_term_string"}}],"inLanguage":"fr-FR"},{"@type":"Organization","@id":"https:\/\/www.codancompanies.com\/de\/#organization","name":"CODAN Medizinische Ger\u00e4te GmbH & Co KG","url":"https:\/\/www.codancompanies.com\/de\/","logo":{"@type":"ImageObject","inLanguage":"fr-FR","@id":"https:\/\/www.codancompanies.com\/de\/#\/schema\/logo\/image\/","url":"https:\/\/www.codancompanies.com\/wp-content\/uploads\/cropped-codan-logo-icon.png","contentUrl":"https:\/\/www.codancompanies.com\/wp-content\/uploads\/cropped-codan-logo-icon.png","width":512,"height":512,"caption":"CODAN Medizinische Ger\u00e4te GmbH & Co KG"},"image":{"@id":"https:\/\/www.codancompanies.com\/de\/#\/schema\/logo\/image\/"},"sameAs":["https:\/\/de.wikipedia.org\/wiki\/Codan"]}]}},"_links":{"self":[{"href":"https:\/\/www.codancompanies.com\/fr\/wp-json\/wp\/v2\/pages\/18153","targetHints":{"allow":["GET"]}}],"collection":[{"href":"https:\/\/www.codancompanies.com\/fr\/wp-json\/wp\/v2\/pages"}],"about":[{"href":"https:\/\/www.codancompanies.com\/fr\/wp-json\/wp\/v2\/types\/page"}],"author":[{"embeddable":true,"href":"https:\/\/www.codancompanies.com\/fr\/wp-json\/wp\/v2\/users\/3"}],"replies":[{"embeddable":true,"href":"https:\/\/www.codancompanies.com\/fr\/wp-json\/wp\/v2\/comments?post=18153"}],"version-history":[{"count":0,"href":"https:\/\/www.codancompanies.com\/fr\/wp-json\/wp\/v2\/pages\/18153\/revisions"}],"wp:attachment":[{"href":"https:\/\/www.codancompanies.com\/fr\/wp-json\/wp\/v2\/media?parent=18153"}],"wp:term":[{"taxonomy":"pagetyp","embeddable":true,"href":"https:\/\/www.codancompanies.com\/fr\/wp-json\/wp\/v2\/pagetyp?post=18153"},{"taxonomy":"product-group","embeddable":true,"href":"https:\/\/www.codancompanies.com\/fr\/wp-json\/wp\/v2\/product-group?post=18153"}],"curies":[{"name":"wp","href":"https:\/\/api.w.org\/{rel}","templated":true}]}}