{"id":30809,"date":"2026-02-06T16:40:14","date_gmt":"2026-02-06T15:40:14","guid":{"rendered":"https:\/\/www.codancompanies.com\/?page_id=30809"},"modified":"2026-02-09T08:16:46","modified_gmt":"2026-02-09T07:16:46","slug":"arcomed-pumpen","status":"publish","type":"page","link":"https:\/\/www.codancompanies.com\/de\/produkte\/arcomed-pumpen\/","title":{"rendered":"Arcomed Pumpen"},"content":{"rendered":"\t\t<div data-elementor-type=\"wp-post\" data-elementor-id=\"30809\" class=\"elementor elementor-30809 elementor-30784\" data-elementor-post-type=\"page\">\n\t\t\t\t\t\t<section class=\"elementor-section elementor-top-section elementor-element elementor-element-d73aebd elementor-section-height-min-height elementor-section-content-middle elementor-section-boxed elementor-section-height-default elementor-section-items-middle\" data-id=\"d73aebd\" data-element_type=\"section\" data-e-type=\"section\" data-settings=\"{&quot;background_background&quot;:&quot;classic&quot;}\">\n\t\t\t\t\t\t<div class=\"elementor-container elementor-column-gap-no\">\n\t\t\t\t\t<div class=\"elementor-column elementor-col-100 elementor-top-column elementor-element elementor-element-efbf6ac\" data-id=\"efbf6ac\" data-element_type=\"column\" data-e-type=\"column\">\n\t\t\t<div class=\"elementor-widget-wrap\">\n\t\t\t\t\t\t\t<\/div>\n\t\t<\/div>\n\t\t\t\t\t<\/div>\n\t\t<\/section>\n\t\t\t\t<section class=\"elementor-section elementor-top-section elementor-element elementor-element-70d2636 elementor-section-boxed elementor-section-height-default elementor-section-height-default\" data-id=\"70d2636\" data-element_type=\"section\" data-e-type=\"section\">\n\t\t\t\t\t\t<div class=\"elementor-container elementor-column-gap-no\">\n\t\t\t\t\t<div class=\"elementor-column elementor-col-100 elementor-top-column elementor-element elementor-element-eb5c517\" data-id=\"eb5c517\" data-element_type=\"column\" data-e-type=\"column\" data-settings=\"{&quot;background_background&quot;:&quot;classic&quot;}\">\n\t\t\t<div class=\"elementor-widget-wrap elementor-element-populated\">\n\t\t\t\t\t\t<section class=\"elementor-section elementor-inner-section elementor-element elementor-element-4276b93 elementor-section-boxed elementor-section-height-default elementor-section-height-default\" data-id=\"4276b93\" data-element_type=\"section\" data-e-type=\"section\" data-settings=\"{&quot;background_background&quot;:&quot;classic&quot;}\">\n\t\t\t\t\t\t<div class=\"elementor-container elementor-column-gap-default\">\n\t\t\t\t\t<div class=\"elementor-column elementor-col-50 elementor-inner-column elementor-element elementor-element-130834d\" data-id=\"130834d\" data-element_type=\"column\" data-e-type=\"column\" data-settings=\"{&quot;background_background&quot;:&quot;classic&quot;}\">\n\t\t\t<div class=\"elementor-widget-wrap elementor-element-populated\">\n\t\t\t\t\t\t<div class=\"elementor-element elementor-element-6f7536a elementor-widget elementor-widget-breadcrumbs\" data-id=\"6f7536a\" data-element_type=\"widget\" data-e-type=\"widget\" data-widget_type=\"breadcrumbs.default\">\n\t\t\t\t<div class=\"elementor-widget-container\">\n\t\t\t\t\t<p id=\"breadcrumbs\"><span><span><a href=\"https:\/\/www.codancompanies.com\/de\/\">Startseite<\/a><\/span><\/span><\/p>\t\t\t\t<\/div>\n\t\t\t\t<\/div>\n\t\t\t\t<div class=\"elementor-element elementor-element-ca51350 elementor-widget elementor-widget-heading\" data-id=\"ca51350\" data-element_type=\"widget\" data-e-type=\"widget\" data-widget_type=\"heading.default\">\n\t\t\t\t<div class=\"elementor-widget-container\">\n\t\t\t\t\t<h1 class=\"elementor-heading-title elementor-size-default\">CODAN Companies \u00fcbernehmen<br> Arcomed AG<\/h1>\t\t\t\t<\/div>\n\t\t\t\t<\/div>\n\t\t\t\t<div class=\"elementor-element elementor-element-af4959f elementor-widget elementor-widget-text-editor\" data-id=\"af4959f\" data-element_type=\"widget\" data-e-type=\"widget\" data-widget_type=\"text-editor.default\">\n\t\t\t\t<div class=\"elementor-widget-container\">\n\t\t\t\t\t\t\t\t\t<p>Die CODAN Companies haben einen weiteren wichtigen Meilenstein in ihrer langfristigen strategischen Entwicklung erreicht: Das Schweizer Unternehmen Arcomed AG ist nun Teil der CODAN Companies.<\/p>\n<p>Arcomed AG ist auf Infusionstechnologie spezialisiert, mit besonderem Fokus auf die Entwicklung und Herstellung von Infusionspumpen. Das Unternehmen verf\u00fcgt \u00fcber langj\u00e4hrige Expertise in der Pr\u00e4zisionsmechanik, der therapieorientierten Systemauslegung sowie der regulatorisch konformen Medizintechnik. Diese Kompetenzen erg\u00e4nzen das bestehende Portfolio und die F\u00e4higkeiten der CODAN Companies in konsistenter und sinnvoller Weise.<\/p>\n<p>Beide Unternehmen sind europ\u00e4ische, familiengef\u00fchrte Firmen und teilen zentrale Werte wie Qualit\u00e4t, Zuverl\u00e4ssigkeit und eine partnerschaftliche Zusammenarbeit. Diese gemeinsame Wertebasis bildet ein solides Fundament f\u00fcr die Integration der Arcomed AG in die CODAN Companies.<\/p>\n<p>F\u00fcr bestehende Partner, Kunden und Distributoren bleiben Kontinuit\u00e4t und Verl\u00e4sslichkeit weiterhin von zentraler Bedeutung. Etablierte Ansprechpartner, laufende Vereinbarungen und bew\u00e4hrte Prozesse werden respektiert und w\u00e4hrend der Integrationsphase fortgef\u00fchrt.<\/p>\n<p>Die Akquisition st\u00e4rkt die CODAN Companies insgesamt und schafft eine robuste Grundlage f\u00fcr die nachhaltige Weiterentwicklung der Marktposition der Gruppe sowie ihres langfristigen Produkt- und L\u00f6sungsportfolios im Bereich der Infusionstechnologie.<\/p>\n<p>Weitere Informationen zur Arcomed AG finden Sie unter <a href=\"https:\/\/www.arcomed.com\/\" rel=\"noopener\" target=\"_blank\">www.arcomed.com<\/a><\/p>\n\t\t\t\t\t\t\t\t<\/div>\n\t\t\t\t<\/div>\n\t\t\t\t\t<\/div>\n\t\t<\/div>\n\t\t\t\t<div class=\"elementor-column elementor-col-50 elementor-inner-column elementor-element elementor-element-5f1c7ca\" data-id=\"5f1c7ca\" data-element_type=\"column\" data-e-type=\"column\" data-settings=\"{&quot;background_background&quot;:&quot;classic&quot;}\">\n\t\t\t<div class=\"elementor-widget-wrap elementor-element-populated\">\n\t\t\t\t\t\t<div class=\"elementor-element elementor-element-d378de7 elementor-align-center temp-hide elementor-widget elementor-widget-button\" data-id=\"d378de7\" data-element_type=\"widget\" data-e-type=\"widget\" data-widget_type=\"button.default\">\n\t\t\t\t<div class=\"elementor-widget-container\">\n\t\t\t\t\t\t\t\t\t<div class=\"elementor-button-wrapper\">\n\t\t\t\t\t<a class=\"elementor-button elementor-button-link elementor-size-sm\" href=\"https:\/\/www.codancompanies.com\/de\/download-center\/\">\n\t\t\t\t\t\t<span class=\"elementor-button-content-wrapper\">\n\t\t\t\t\t\t<span class=\"elementor-button-icon\">\n\t\t\t\t<i aria-hidden=\"true\" class=\"fas fa-chevron-right\"><\/i>\t\t\t<\/span>\n\t\t\t\t\t\t\t\t\t<span class=\"elementor-button-text\">Download-Center<\/span>\n\t\t\t\t\t<\/span>\n\t\t\t\t\t<\/a>\n\t\t\t\t<\/div>\n\t\t\t\t\t\t\t\t<\/div>\n\t\t\t\t<\/div>\n\t\t\t\t<div class=\"elementor-element elementor-element-9e242e9 elementor-view-default elementor-widget elementor-widget-icon\" data-id=\"9e242e9\" data-element_type=\"widget\" data-e-type=\"widget\" data-widget_type=\"icon.default\">\n\t\t\t\t<div class=\"elementor-widget-container\">\n\t\t\t\t\t\t\t<div class=\"elementor-icon-wrapper\">\n\t\t\t<div class=\"elementor-icon\">\n\t\t\t<i aria-hidden=\"true\" class=\"far fa-envelope\"><\/i>\t\t\t<\/div>\n\t\t<\/div>\n\t\t\t\t\t\t<\/div>\n\t\t\t\t<\/div>\n\t\t\t\t<div class=\"elementor-element elementor-element-827978f elementor-widget elementor-widget-text-editor\" data-id=\"827978f\" data-element_type=\"widget\" data-e-type=\"widget\" data-widget_type=\"text-editor.default\">\n\t\t\t\t<div class=\"elementor-widget-container\">\n\t\t\t\t\t\t\t\t\t<p style=\"text-align: center;\">Wir stehen Ihnen gerne zur Verf\u00fcgung.<\/p>\t\t\t\t\t\t\t\t<\/div>\n\t\t\t\t<\/div>\n\t\t\t\t<div class=\"elementor-element elementor-element-9d20633 elementor-button-align-end elementor-widget elementor-widget-form\" data-id=\"9d20633\" data-element_type=\"widget\" data-e-type=\"widget\" data-settings=\"{&quot;step_next_label&quot;:&quot;Next&quot;,&quot;step_previous_label&quot;:&quot;Previous&quot;,&quot;button_width&quot;:&quot;100&quot;,&quot;step_type&quot;:&quot;number_text&quot;,&quot;step_icon_shape&quot;:&quot;circle&quot;}\" data-widget_type=\"form.default\">\n\t\t\t\t<div class=\"elementor-widget-container\">\n\t\t\t\t\t\t\t<form class=\"elementor-form\" method=\"post\" name=\"New Form\" aria-label=\"New Form\">\n\t\t\t<input type=\"hidden\" name=\"post_id\" value=\"30809\"\/>\n\t\t\t<input type=\"hidden\" name=\"form_id\" value=\"9d20633\"\/>\n\t\t\t<input type=\"hidden\" name=\"referer_title\" value=\"CODAN Companiesacquire Arcomed AG\" \/>\n\n\t\t\t\t\t\t\t<input type=\"hidden\" name=\"queried_id\" value=\"30809\"\/>\n\t\t\t\n\t\t\t<div class=\"elementor-form-fields-wrapper elementor-labels-\">\n\t\t\t\t\t\t\t\t<div class=\"elementor-field-type-text elementor-field-group elementor-column elementor-field-group-name elementor-col-100 elementor-field-required\">\n\t\t\t\t\t\t\t\t\t\t\t\t<label for=\"form-field-name\" class=\"elementor-field-label elementor-screen-only\">\n\t\t\t\t\t\t\t\tName\t\t\t\t\t\t\t<\/label>\n\t\t\t\t\t\t\t\t\t\t\t\t\t\t<input size=\"1\" type=\"text\" name=\"form_fields[name]\" id=\"form-field-name\" class=\"elementor-field elementor-size-sm  elementor-field-textual\" placeholder=\"Vorname, Nachname*\" required=\"required\">\n\t\t\t\t\t\t\t\t\t\t\t<\/div>\n\t\t\t\t\t\t\t\t<div class=\"elementor-field-type-text elementor-field-group elementor-column elementor-field-group-field_1 elementor-col-100\">\n\t\t\t\t\t\t\t\t\t\t\t\t<label for=\"form-field-field_1\" class=\"elementor-field-label elementor-screen-only\">\n\t\t\t\t\t\t\t\tCompany\t\t\t\t\t\t\t<\/label>\n\t\t\t\t\t\t\t\t\t\t\t\t\t\t<input size=\"1\" type=\"text\" name=\"form_fields[field_1]\" id=\"form-field-field_1\" class=\"elementor-field elementor-size-sm  elementor-field-textual\" placeholder=\"Unternehmen\/Krankenhaus\">\n\t\t\t\t\t\t\t\t\t\t\t<\/div>\n\t\t\t\t\t\t\t\t<div class=\"elementor-field-type-text elementor-field-group elementor-column elementor-field-group-field_2 elementor-col-100\">\n\t\t\t\t\t\t\t\t\t\t\t\t<label for=\"form-field-field_2\" class=\"elementor-field-label elementor-screen-only\">\n\t\t\t\t\t\t\t\tPosition\t\t\t\t\t\t\t<\/label>\n\t\t\t\t\t\t\t\t\t\t\t\t\t\t<input size=\"1\" type=\"text\" name=\"form_fields[field_2]\" id=\"form-field-field_2\" class=\"elementor-field elementor-size-sm  elementor-field-textual\" placeholder=\"Position\">\n\t\t\t\t\t\t\t\t\t\t\t<\/div>\n\t\t\t\t\t\t\t\t<div class=\"elementor-field-type-text elementor-field-group elementor-column elementor-field-group-field_3 elementor-col-100\">\n\t\t\t\t\t\t\t\t\t\t\t\t<label for=\"form-field-field_3\" class=\"elementor-field-label elementor-screen-only\">\n\t\t\t\t\t\t\t\tLand\t\t\t\t\t\t\t<\/label>\n\t\t\t\t\t\t\t\t\t\t\t\t\t\t<input size=\"1\" type=\"text\" name=\"form_fields[field_3]\" id=\"form-field-field_3\" class=\"elementor-field elementor-size-sm  elementor-field-textual\" placeholder=\"Land\">\n\t\t\t\t\t\t\t\t\t\t\t<\/div>\n\t\t\t\t\t\t\t\t<div class=\"elementor-field-type-email elementor-field-group elementor-column elementor-field-group-email elementor-col-100 elementor-field-required\">\n\t\t\t\t\t\t\t\t\t\t\t\t<label for=\"form-field-email\" class=\"elementor-field-label elementor-screen-only\">\n\t\t\t\t\t\t\t\tE-Mail\t\t\t\t\t\t\t<\/label>\n\t\t\t\t\t\t\t\t\t\t\t\t\t\t<input size=\"1\" type=\"email\" name=\"form_fields[email]\" id=\"form-field-email\" class=\"elementor-field elementor-size-sm  elementor-field-textual\" placeholder=\"E-Mail*\" required=\"required\">\n\t\t\t\t\t\t\t\t\t\t\t<\/div>\n\t\t\t\t\t\t\t\t<div class=\"elementor-field-type-text elementor-field-group elementor-column elementor-field-group-field_4 elementor-col-100\">\n\t\t\t\t\t\t\t\t\t\t\t\t<label for=\"form-field-field_4\" class=\"elementor-field-label elementor-screen-only\">\n\t\t\t\t\t\t\t\tTelefon\t\t\t\t\t\t\t<\/label>\n\t\t\t\t\t\t\t\t\t\t\t\t\t\t<input size=\"1\" type=\"text\" name=\"form_fields[field_4]\" id=\"form-field-field_4\" class=\"elementor-field elementor-size-sm  elementor-field-textual\" placeholder=\"Telefon\">\n\t\t\t\t\t\t\t\t\t\t\t<\/div>\n\t\t\t\t\t\t\t\t<div class=\"elementor-field-type-textarea elementor-field-group elementor-column elementor-field-group-message elementor-col-100 elementor-field-required\">\n\t\t\t\t\t\t\t\t\t\t\t\t<label for=\"form-field-message\" class=\"elementor-field-label elementor-screen-only\">\n\t\t\t\t\t\t\t\tMessage\t\t\t\t\t\t\t<\/label>\n\t\t\t\t\t\t<textarea class=\"elementor-field-textual elementor-field  elementor-size-sm\" name=\"form_fields[message]\" id=\"form-field-message\" rows=\"4\" placeholder=\"Was k\u00f6nnen wir f\u00fcr Sie tun?*\" required=\"required\"><\/textarea>\t\t\t\t<\/div>\n\t\t\t\t\t\t\t\t<div class=\"elementor-field-type-html elementor-field-group elementor-column elementor-field-group-field_5 elementor-col-100\">\n\t\t\t\t\t<span style=\";color:#a4a4a4;\">*<\/span><span style=\"font-size:85.26%;color:#a4a4a4;\">Pflichtfelder<\/span>\t\t\t\t<\/div>\n\t\t\t\t\t\t\t\t<div class=\"elementor-field-type-acceptance elementor-field-group elementor-column elementor-field-group-field_6 elementor-col-100 elementor-field-required\">\n\t\t\t\t\t\t\t<div class=\"elementor-field-subgroup\">\n\t\t\t<span class=\"elementor-field-option\">\n\t\t\t\t<input type=\"checkbox\" name=\"form_fields[field_6]\" id=\"form-field-field_6\" class=\"elementor-field elementor-size-sm  elementor-acceptance-field\" required=\"required\">\n\t\t\t\t<label for=\"form-field-field_6\"><span>Ich habe die <a href=\"https:\/\/www.codancompanies.com\/de\/datenschutz\/\">Datenschutzerkl\u00e4rung<\/a> gelesen und verstanden*<\/span><\/label>\t\t\t<\/span>\n\t\t<\/div>\n\t\t\t\t\t\t<\/div>\n\t\t\t\t\t\t\t\t<div class=\"elementor-field-group elementor-column elementor-field-type-submit elementor-col-100 e-form__buttons\">\n\t\t\t\t\t<button class=\"elementor-button elementor-size-sm\" type=\"submit\">\n\t\t\t\t\t\t<span class=\"elementor-button-content-wrapper\">\n\t\t\t\t\t\t\t\t\t\t\t\t\t\t\t\t\t\t\t\t\t\t<span class=\"elementor-button-text\">Absenden<\/span>\n\t\t\t\t\t\t\t\t\t\t\t\t\t<\/span>\n\t\t\t\t\t<\/button>\n\t\t\t\t<\/div>\n\t\t\t<\/div>\n\t\t<\/form>\n\t\t\t\t\t\t<\/div>\n\t\t\t\t<\/div>\n\t\t\t\t\t<\/div>\n\t\t<\/div>\n\t\t\t\t\t<\/div>\n\t\t<\/section>\n\t\t\t\t\t<\/div>\n\t\t<\/div>\n\t\t\t\t\t<\/div>\n\t\t<\/section>\n\t\t\t\t<\/div>\n\t\t","protected":false},"excerpt":{"rendered":"<p>Download-Center Wir stehen Ihnen gerne zur Verf\u00fcgung.<\/p>\n","protected":false},"author":3,"featured_media":0,"parent":18380,"menu_order":0,"comment_status":"closed","ping_status":"closed","template":"elementor_header_footer","meta":{"inline_featured_image":false,"footnotes":""},"pagetyp":[48],"product-group":[],"class_list":["post-30809","page","type-page","status-publish","hentry","pagetyp-products"],"yoast_head":"<!-- This site is optimized with the Yoast SEO plugin v27.3 - https:\/\/yoast.com\/product\/yoast-seo-wordpress\/ -->\n<title>CODAN Companiesacquire Arcomed AG<\/title>\n<meta name=\"description\" content=\"The CODAN Companies have reached another important milestonein their long-term strategic development: Swiss company Arcomed AGis now part of the CODAN Companies.\" \/>\n<meta name=\"robots\" content=\"index, follow, max-snippet:-1, max-image-preview:large, max-video-preview:-1\" \/>\n<link rel=\"canonical\" href=\"https:\/\/www.codancompanies.com\/de\/produkte\/arcomed-pumpen\/\" \/>\n<script type=\"application\/ld+json\" class=\"yoast-schema-graph\">{\"@context\":\"https:\\\/\\\/schema.org\",\"@graph\":[{\"@type\":\"WebPage\",\"@id\":\"https:\\\/\\\/www.codancompanies.com\\\/de\\\/produkte\\\/arcomed-pumpen\\\/\",\"url\":\"https:\\\/\\\/www.codancompanies.com\\\/de\\\/produkte\\\/arcomed-pumpen\\\/\",\"name\":\"CODAN Companiesacquire Arcomed AG\",\"isPartOf\":{\"@id\":\"https:\\\/\\\/www.codancompanies.com\\\/de\\\/#website\"},\"datePublished\":\"2026-02-06T15:40:14+00:00\",\"dateModified\":\"2026-02-09T07:16:46+00:00\",\"description\":\"The CODAN Companies have reached another important milestonein their long-term strategic development: Swiss company Arcomed AGis now part of the CODAN Companies.\",\"breadcrumb\":{\"@id\":\"https:\\\/\\\/www.codancompanies.com\\\/de\\\/produkte\\\/arcomed-pumpen\\\/#breadcrumb\"},\"inLanguage\":\"de\",\"potentialAction\":[{\"@type\":\"ReadAction\",\"target\":[\"https:\\\/\\\/www.codancompanies.com\\\/de\\\/produkte\\\/arcomed-pumpen\\\/\"]}]},{\"@type\":\"BreadcrumbList\",\"@id\":\"https:\\\/\\\/www.codancompanies.com\\\/de\\\/produkte\\\/arcomed-pumpen\\\/#breadcrumb\",\"itemListElement\":[{\"@type\":\"ListItem\",\"position\":1,\"name\":\"Startseite\",\"item\":\"https:\\\/\\\/www.codancompanies.com\\\/de\\\/\"},{\"@type\":\"ListItem\",\"position\":2,\"name\":\"Produkte\",\"item\":\"https:\\\/\\\/www.codancompanies.com\\\/de\\\/produkte\\\/\"},{\"@type\":\"ListItem\",\"position\":3,\"name\":\"Arcomed Pumpen\"}]},{\"@type\":\"WebSite\",\"@id\":\"https:\\\/\\\/www.codancompanies.com\\\/de\\\/#website\",\"url\":\"https:\\\/\\\/www.codancompanies.com\\\/de\\\/\",\"name\":\"CODAN\",\"description\":\"The decisive connection\",\"publisher\":{\"@id\":\"https:\\\/\\\/www.codancompanies.com\\\/de\\\/#organization\"},\"potentialAction\":[{\"@type\":\"SearchAction\",\"target\":{\"@type\":\"EntryPoint\",\"urlTemplate\":\"https:\\\/\\\/www.codancompanies.com\\\/de\\\/?s={search_term_string}\"},\"query-input\":{\"@type\":\"PropertyValueSpecification\",\"valueRequired\":true,\"valueName\":\"search_term_string\"}}],\"inLanguage\":\"de\"},{\"@type\":\"Organization\",\"@id\":\"https:\\\/\\\/www.codancompanies.com\\\/de\\\/#organization\",\"name\":\"CODAN Medizinische Ger\u00e4te GmbH & Co KG\",\"url\":\"https:\\\/\\\/www.codancompanies.com\\\/de\\\/\",\"logo\":{\"@type\":\"ImageObject\",\"inLanguage\":\"de\",\"@id\":\"https:\\\/\\\/www.codancompanies.com\\\/de\\\/#\\\/schema\\\/logo\\\/image\\\/\",\"url\":\"https:\\\/\\\/www.codancompanies.com\\\/wp-content\\\/uploads\\\/cropped-codan-logo-icon.png\",\"contentUrl\":\"https:\\\/\\\/www.codancompanies.com\\\/wp-content\\\/uploads\\\/cropped-codan-logo-icon.png\",\"width\":512,\"height\":512,\"caption\":\"CODAN Medizinische Ger\u00e4te GmbH & Co KG\"},\"image\":{\"@id\":\"https:\\\/\\\/www.codancompanies.com\\\/de\\\/#\\\/schema\\\/logo\\\/image\\\/\"},\"sameAs\":[\"https:\\\/\\\/de.wikipedia.org\\\/wiki\\\/Codan\"]}]}<\/script>\n<!-- \/ Yoast SEO plugin. -->","yoast_head_json":{"title":"CODAN Companiesacquire Arcomed AG","description":"The CODAN Companies have reached another important milestonein their long-term strategic development: Swiss company Arcomed AGis now part of the CODAN Companies.","robots":{"index":"index","follow":"follow","max-snippet":"max-snippet:-1","max-image-preview":"max-image-preview:large","max-video-preview":"max-video-preview:-1"},"canonical":"https:\/\/www.codancompanies.com\/de\/produkte\/arcomed-pumpen\/","schema":{"@context":"https:\/\/schema.org","@graph":[{"@type":"WebPage","@id":"https:\/\/www.codancompanies.com\/de\/produkte\/arcomed-pumpen\/","url":"https:\/\/www.codancompanies.com\/de\/produkte\/arcomed-pumpen\/","name":"CODAN Companiesacquire Arcomed AG","isPartOf":{"@id":"https:\/\/www.codancompanies.com\/de\/#website"},"datePublished":"2026-02-06T15:40:14+00:00","dateModified":"2026-02-09T07:16:46+00:00","description":"The CODAN Companies have reached another important milestonein their long-term strategic development: Swiss company Arcomed AGis now part of the CODAN Companies.","breadcrumb":{"@id":"https:\/\/www.codancompanies.com\/de\/produkte\/arcomed-pumpen\/#breadcrumb"},"inLanguage":"de","potentialAction":[{"@type":"ReadAction","target":["https:\/\/www.codancompanies.com\/de\/produkte\/arcomed-pumpen\/"]}]},{"@type":"BreadcrumbList","@id":"https:\/\/www.codancompanies.com\/de\/produkte\/arcomed-pumpen\/#breadcrumb","itemListElement":[{"@type":"ListItem","position":1,"name":"Startseite","item":"https:\/\/www.codancompanies.com\/de\/"},{"@type":"ListItem","position":2,"name":"Produkte","item":"https:\/\/www.codancompanies.com\/de\/produkte\/"},{"@type":"ListItem","position":3,"name":"Arcomed Pumpen"}]},{"@type":"WebSite","@id":"https:\/\/www.codancompanies.com\/de\/#website","url":"https:\/\/www.codancompanies.com\/de\/","name":"CODAN","description":"The decisive connection","publisher":{"@id":"https:\/\/www.codancompanies.com\/de\/#organization"},"potentialAction":[{"@type":"SearchAction","target":{"@type":"EntryPoint","urlTemplate":"https:\/\/www.codancompanies.com\/de\/?s={search_term_string}"},"query-input":{"@type":"PropertyValueSpecification","valueRequired":true,"valueName":"search_term_string"}}],"inLanguage":"de"},{"@type":"Organization","@id":"https:\/\/www.codancompanies.com\/de\/#organization","name":"CODAN Medizinische Ger\u00e4te GmbH & Co KG","url":"https:\/\/www.codancompanies.com\/de\/","logo":{"@type":"ImageObject","inLanguage":"de","@id":"https:\/\/www.codancompanies.com\/de\/#\/schema\/logo\/image\/","url":"https:\/\/www.codancompanies.com\/wp-content\/uploads\/cropped-codan-logo-icon.png","contentUrl":"https:\/\/www.codancompanies.com\/wp-content\/uploads\/cropped-codan-logo-icon.png","width":512,"height":512,"caption":"CODAN Medizinische Ger\u00e4te GmbH & Co KG"},"image":{"@id":"https:\/\/www.codancompanies.com\/de\/#\/schema\/logo\/image\/"},"sameAs":["https:\/\/de.wikipedia.org\/wiki\/Codan"]}]}},"_links":{"self":[{"href":"https:\/\/www.codancompanies.com\/de\/wp-json\/wp\/v2\/pages\/30809","targetHints":{"allow":["GET"]}}],"collection":[{"href":"https:\/\/www.codancompanies.com\/de\/wp-json\/wp\/v2\/pages"}],"about":[{"href":"https:\/\/www.codancompanies.com\/de\/wp-json\/wp\/v2\/types\/page"}],"author":[{"embeddable":true,"href":"https:\/\/www.codancompanies.com\/de\/wp-json\/wp\/v2\/users\/3"}],"replies":[{"embeddable":true,"href":"https:\/\/www.codancompanies.com\/de\/wp-json\/wp\/v2\/comments?post=30809"}],"version-history":[{"count":21,"href":"https:\/\/www.codancompanies.com\/de\/wp-json\/wp\/v2\/pages\/30809\/revisions"}],"predecessor-version":[{"id":30890,"href":"https:\/\/www.codancompanies.com\/de\/wp-json\/wp\/v2\/pages\/30809\/revisions\/30890"}],"up":[{"embeddable":true,"href":"https:\/\/www.codancompanies.com\/de\/wp-json\/wp\/v2\/pages\/18380"}],"wp:attachment":[{"href":"https:\/\/www.codancompanies.com\/de\/wp-json\/wp\/v2\/media?parent=30809"}],"wp:term":[{"taxonomy":"pagetyp","embeddable":true,"href":"https:\/\/www.codancompanies.com\/de\/wp-json\/wp\/v2\/pagetyp?post=30809"},{"taxonomy":"product-group","embeddable":true,"href":"https:\/\/www.codancompanies.com\/de\/wp-json\/wp\/v2\/product-group?post=30809"}],"curies":[{"name":"wp","href":"https:\/\/api.w.org\/{rel}","templated":true}]}}