{"id":29374,"date":"2025-05-15T11:55:24","date_gmt":"2025-05-15T09:55:24","guid":{"rendered":"https:\/\/www.codancompanies.com\/?page_id=29374"},"modified":"2025-09-11T08:17:20","modified_gmt":"2025-09-11T06:17:20","slug":"chemocompile","status":"publish","type":"page","link":"https:\/\/www.codancompanies.com\/de\/produkte\/chemocompile\/","title":{"rendered":"ChemoCompile"},"content":{"rendered":"\t\t<div data-elementor-type=\"wp-post\" data-elementor-id=\"29374\" class=\"elementor elementor-29374\" data-elementor-post-type=\"page\">\n\t\t\t\t\t\t<section class=\"elementor-section elementor-top-section elementor-element elementor-element-bbd033c custom-product-color elementor-section-content-middle elementor-section-boxed elementor-section-height-default elementor-section-height-default elementor-invisible\" data-id=\"bbd033c\" data-element_type=\"section\" data-e-type=\"section\" data-settings=\"{&quot;background_background&quot;:&quot;classic&quot;,&quot;animation&quot;:&quot;fadeIn&quot;,&quot;animation_delay&quot;:0.5}\">\n\t\t\t\t\t\t<div class=\"elementor-container elementor-column-gap-default\">\n\t\t\t\t\t<div class=\"elementor-column elementor-col-100 elementor-top-column elementor-element elementor-element-25caf10e\" data-id=\"25caf10e\" data-element_type=\"column\" data-e-type=\"column\" data-settings=\"{&quot;background_background&quot;:&quot;classic&quot;}\">\n\t\t\t<div class=\"elementor-widget-wrap elementor-element-populated\">\n\t\t\t\t\t\t<div class=\"elementor-element elementor-element-1ffb7b51 elementor-hidden-desktop elementor-hidden-tablet elementor-hidden-phone elementor-widget elementor-widget-text-editor\" data-id=\"1ffb7b51\" data-element_type=\"widget\" data-e-type=\"widget\" data-widget_type=\"text-editor.default\">\n\t\t\t\t<div class=\"elementor-widget-container\">\n\t\t\t\t\t\t\t\t\t<p><style type=\"text\/css\">.custom-product-color{background-color:#cbe3ce !important;} #product-slider .elementor-image-carousel-wrapper .elementor-image-carousel .swiper-slide-image{border-color:#cbe3ce !important;}.dl-area{;}<\/style><\/p>\t\t\t\t\t\t\t\t<\/div>\n\t\t\t\t<\/div>\n\t\t\t\t\t<\/div>\n\t\t<\/div>\n\t\t\t\t\t<\/div>\n\t\t<\/section>\n\t\t\t\t<section class=\"elementor-section elementor-top-section elementor-element elementor-element-47074a03 elementor-section-boxed elementor-section-height-default elementor-section-height-default\" data-id=\"47074a03\" data-element_type=\"section\" data-e-type=\"section\">\n\t\t\t\t\t\t<div class=\"elementor-container elementor-column-gap-no\">\n\t\t\t\t\t<div class=\"elementor-column elementor-col-100 elementor-top-column elementor-element elementor-element-70009999\" data-id=\"70009999\" data-element_type=\"column\" data-e-type=\"column\" data-settings=\"{&quot;background_background&quot;:&quot;classic&quot;}\">\n\t\t\t<div class=\"elementor-widget-wrap elementor-element-populated\">\n\t\t\t\t\t\t<section class=\"elementor-section elementor-inner-section elementor-element elementor-element-148b9c6f elementor-section-boxed elementor-section-height-default elementor-section-height-default\" data-id=\"148b9c6f\" data-element_type=\"section\" data-e-type=\"section\" data-settings=\"{&quot;background_background&quot;:&quot;classic&quot;}\">\n\t\t\t\t\t\t<div class=\"elementor-container elementor-column-gap-default\">\n\t\t\t\t\t<div class=\"elementor-column elementor-col-50 elementor-inner-column elementor-element elementor-element-6cc18dc8\" data-id=\"6cc18dc8\" data-element_type=\"column\" data-e-type=\"column\" data-settings=\"{&quot;background_background&quot;:&quot;classic&quot;}\">\n\t\t\t<div class=\"elementor-widget-wrap elementor-element-populated\">\n\t\t\t\t\t\t<div class=\"elementor-element elementor-element-57888cff elementor-widget elementor-widget-breadcrumbs\" data-id=\"57888cff\" data-element_type=\"widget\" data-e-type=\"widget\" data-widget_type=\"breadcrumbs.default\">\n\t\t\t\t<div class=\"elementor-widget-container\">\n\t\t\t\t\t<p id=\"breadcrumbs\"><span><span><a href=\"https:\/\/www.codancompanies.com\/de\/\">Startseite<\/a><\/span><\/span><\/p>\t\t\t\t<\/div>\n\t\t\t\t<\/div>\n\t\t\t\t<div class=\"elementor-element elementor-element-30579171 elementor-widget elementor-widget-heading\" data-id=\"30579171\" data-element_type=\"widget\" data-e-type=\"widget\" data-widget_type=\"heading.default\">\n\t\t\t\t<div class=\"elementor-widget-container\">\n\t\t\t\t\t<h1 class=\"elementor-heading-title elementor-size-default\">ChemoCompile<\/h1>\t\t\t\t<\/div>\n\t\t\t\t<\/div>\n\t\t\t\t<div class=\"elementor-element elementor-element-706f93e elementor-widget elementor-widget-text-editor\" data-id=\"706f93e\" data-element_type=\"widget\" data-e-type=\"widget\" data-widget_type=\"text-editor.default\">\n\t\t\t\t<div class=\"elementor-widget-container\">\n\t\t\t\t\t\t\t\t\t<p><strong>Chemotherapie-Prozessoptimierung \u2013 Entwicklung einer durchg\u00e4ngigen digitalen Informationsplattform f\u00fcr die Tumortherapie<\/strong><\/p><p>Das Projekt \u201eChemo.Pro\u201c zielt darauf ab, eine klinikinterne Informationsplattform f\u00fcr kleine und mittelgro\u00dfe Kliniken zu entwickeln. Diese Plattform b\u00fcndelt alle relevanten Therapiedaten entlang der gesamten Prozesskette \u2013 von der Diagnose \u00fcber das Tumorboard und die Therapieplanung bis hin zur Medikationserstellung und Therapiedokumentation. Dadurch wird eine fundierte Entscheidungsgrundlage f\u00fcr das Therapiemanagement in allen klinischen Teilprozessen der Chemotherapie geschaffen. Dies f\u00fchrt zu einer Entlastung des medizinischen Personals und zu effizienteren Behandlungsprozessen, wovon alle Patient:innen profitieren.<\/p><p>CODAN ARGUS unterst\u00fctzt die mps - Medizinische Planungssysteme GmbH mit ihrem Fachwissen im Bereich Infusionstechnologie und ist mitverantwortlich f\u00fcr die technische Realisierung des neuen Systems. Somit tr\u00e4gt CODAN ARGUS massgeblich zur Entwicklung digitaler L\u00f6sungen f\u00fcr die Onkologie bei.<\/p>\t\t\t\t\t\t\t\t<\/div>\n\t\t\t\t<\/div>\n\t\t\t\t<div class=\"elementor-element elementor-element-a7db2cc elementor-widget elementor-widget-text-editor\" data-id=\"a7db2cc\" data-element_type=\"widget\" data-e-type=\"widget\" data-widget_type=\"text-editor.default\">\n\t\t\t\t<div class=\"elementor-widget-container\">\n\t\t\t\t\t\t\t\t\t<p><strong>F\u00f6rderung:<\/strong> <a href=\"https:\/\/www.interreg.org\/\">Interreg \"Alpenrhein-Bodensee-Hochrhein\"<\/a><\/p><p><strong>Laufzeit:<\/strong> 2024-2027<\/p><p><strong>Kooperationspartner:<\/strong><\/p><p><a href=\"https:\/\/www.uniklinik-freiburg.de\/medizin1.html\">Universit\u00e4tsklinik Freiburg<\/a><\/p><p><a href=\"https:\/\/www.glkn.de\/glkn\/standorte\/hbk-singen\/medizinische-fachbereiche\/innere-medizin\/2-medizinische-klinik\/2-med-singen-startseite.php\">Hegau-Bodensee Klinikum Singen<\/a><\/p><p><a href=\"https:\/\/www.h-och.ch\/medizinische-onkologie-und-haematologie\/\">Kantonsspital St-Gallen<\/a><\/p><p><a href=\"https:\/\/www.usz.ch\/fachbereich\/medizinische-onkologie-und-haematologie\/\">Universtit\u00e4tsspital Z\u00fcrich<\/a><\/p><p><a href=\"https:\/\/www.codancompanies.com\/de\/\">CODAN ARGUS AG<\/a><\/p><p><strong>Projekt Website:<\/strong> <a href=\"https:\/\/www.interreg.org\/projekte-1\/interreg-vi\/chemo.pro\">Interreg.org\/Chemo.Pro<\/a><\/p>\t\t\t\t\t\t\t\t<\/div>\n\t\t\t\t<\/div>\n\t\t\t\t<div class=\"elementor-element elementor-element-7e72496 elementor-widget elementor-widget-text-editor\" data-id=\"7e72496\" data-element_type=\"widget\" data-e-type=\"widget\" data-widget_type=\"text-editor.default\">\n\t\t\t\t<div class=\"elementor-widget-container\">\n\t\t\t\t\t\t\t\t\t<p><strong><em>Quellen:<\/em><\/strong><\/p><p><a href=\"https:\/\/www.interreg.org\/projekte-1\/interreg-vi\/chemo.pro\">Chemo.Pro \u2014 Website<\/a><\/p><p><a href=\"https:\/\/chemocompile.de\/forschung-und-preise\/\">Forschung und Preise - ChemoCompile<\/a><\/p><p><a href=\"https:\/\/chemocompile.de\/chemo-pro-unser-neues-forschungsprojekt\/\">Chemo.Pro - unser neues Forschungsprojekt - ChemoCompile<\/a><\/p>\t\t\t\t\t\t\t\t<\/div>\n\t\t\t\t<\/div>\n\t\t\t\t<div class=\"elementor-element elementor-element-0af061d elementor-widget elementor-widget-image\" data-id=\"0af061d\" data-element_type=\"widget\" data-e-type=\"widget\" data-widget_type=\"image.default\">\n\t\t\t\t<div class=\"elementor-widget-container\">\n\t\t\t\t\t\t\t\t\t\t\t\t\t\t\t\t<a href=\"https:\/\/www.interreg.org\/\">\n\t\t\t\t\t\t\t<img fetchpriority=\"high\" decoding=\"async\" width=\"1024\" height=\"108\" src=\"https:\/\/www.codancompanies.com\/wp-content\/uploads\/image001-1024x108.png\" class=\"attachment-large size-large wp-image-29377\" alt=\"image001 1024x108 ChemoCompile\" srcset=\"https:\/\/www.codancompanies.com\/wp-content\/uploads\/image001-1024x108.png 1024w, https:\/\/www.codancompanies.com\/wp-content\/uploads\/image001-750x79.png 750w, https:\/\/www.codancompanies.com\/wp-content\/uploads\/image001-768x81.png 768w, https:\/\/www.codancompanies.com\/wp-content\/uploads\/image001-1536x162.png 1536w, https:\/\/www.codancompanies.com\/wp-content\/uploads\/image001-2048x217.png 2048w\" sizes=\"(max-width: 1024px) 100vw, 1024px\" title=\"ChemoCompile\" \/>\t\t\t\t\t\t\t\t<\/a>\n\t\t\t\t\t\t\t\t\t\t\t\t\t\t\t<\/div>\n\t\t\t\t<\/div>\n\t\t\t\t\t<\/div>\n\t\t<\/div>\n\t\t\t\t<div class=\"elementor-column elementor-col-50 elementor-inner-column elementor-element elementor-element-25227f2f\" data-id=\"25227f2f\" data-element_type=\"column\" data-e-type=\"column\" data-settings=\"{&quot;background_background&quot;:&quot;classic&quot;}\">\n\t\t\t<div class=\"elementor-widget-wrap elementor-element-populated\">\n\t\t\t\t\t\t<div class=\"elementor-element elementor-element-137432e4 elementor-align-center temp-hide elementor-widget elementor-widget-button\" data-id=\"137432e4\" data-element_type=\"widget\" data-e-type=\"widget\" data-widget_type=\"button.default\">\n\t\t\t\t<div class=\"elementor-widget-container\">\n\t\t\t\t\t\t\t\t\t<div class=\"elementor-button-wrapper\">\n\t\t\t\t\t<a class=\"elementor-button elementor-button-link elementor-size-sm\" href=\"https:\/\/www.codancompanies.com\/de\/download-center\/?productgroup=chemoprotect-products&#038;language=de\">\n\t\t\t\t\t\t<span class=\"elementor-button-content-wrapper\">\n\t\t\t\t\t\t<span class=\"elementor-button-icon\">\n\t\t\t\t<i aria-hidden=\"true\" class=\"fas fa-chevron-right\"><\/i>\t\t\t<\/span>\n\t\t\t\t\t\t\t\t\t<span class=\"elementor-button-text\">Download-Center<\/span>\n\t\t\t\t\t<\/span>\n\t\t\t\t\t<\/a>\n\t\t\t\t<\/div>\n\t\t\t\t\t\t\t\t<\/div>\n\t\t\t\t<\/div>\n\t\t\t\t<div class=\"elementor-element elementor-element-2c2a878c elementor-view-default elementor-widget elementor-widget-icon\" data-id=\"2c2a878c\" data-element_type=\"widget\" data-e-type=\"widget\" data-widget_type=\"icon.default\">\n\t\t\t\t<div class=\"elementor-widget-container\">\n\t\t\t\t\t\t\t<div class=\"elementor-icon-wrapper\">\n\t\t\t<div class=\"elementor-icon\">\n\t\t\t<i aria-hidden=\"true\" class=\"far fa-envelope\"><\/i>\t\t\t<\/div>\n\t\t<\/div>\n\t\t\t\t\t\t<\/div>\n\t\t\t\t<\/div>\n\t\t\t\t<div class=\"elementor-element elementor-element-5e81ec5f elementor-widget elementor-widget-text-editor\" data-id=\"5e81ec5f\" data-element_type=\"widget\" data-e-type=\"widget\" data-widget_type=\"text-editor.default\">\n\t\t\t\t<div class=\"elementor-widget-container\">\n\t\t\t\t\t\t\t\t\t<p style=\"text-align: center;\">Wir stehen Ihnen gerne zur Verf\u00fcgung.<\/p>\t\t\t\t\t\t\t\t<\/div>\n\t\t\t\t<\/div>\n\t\t\t\t<div class=\"elementor-element elementor-element-bb85983 elementor-button-align-end elementor-widget elementor-widget-form\" data-id=\"bb85983\" data-element_type=\"widget\" data-e-type=\"widget\" data-settings=\"{&quot;step_next_label&quot;:&quot;Next&quot;,&quot;step_previous_label&quot;:&quot;Previous&quot;,&quot;button_width&quot;:&quot;100&quot;,&quot;step_type&quot;:&quot;number_text&quot;,&quot;step_icon_shape&quot;:&quot;circle&quot;}\" data-widget_type=\"form.default\">\n\t\t\t\t<div class=\"elementor-widget-container\">\n\t\t\t\t\t\t\t<form class=\"elementor-form\" method=\"post\" name=\"New Form\" aria-label=\"New Form\">\n\t\t\t<input type=\"hidden\" name=\"post_id\" value=\"29374\"\/>\n\t\t\t<input type=\"hidden\" name=\"form_id\" value=\"bb85983\"\/>\n\t\t\t<input type=\"hidden\" name=\"referer_title\" value=\"CODAN ChemoCompile\" \/>\n\n\t\t\t\t\t\t\t<input type=\"hidden\" name=\"queried_id\" value=\"29374\"\/>\n\t\t\t\n\t\t\t<div class=\"elementor-form-fields-wrapper elementor-labels-\">\n\t\t\t\t\t\t\t\t<div class=\"elementor-field-type-text elementor-field-group elementor-column elementor-field-group-name elementor-col-100 elementor-field-required\">\n\t\t\t\t\t\t\t\t\t\t\t\t<label for=\"form-field-name\" class=\"elementor-field-label elementor-screen-only\">\n\t\t\t\t\t\t\t\tName\t\t\t\t\t\t\t<\/label>\n\t\t\t\t\t\t\t\t\t\t\t\t\t\t<input size=\"1\" type=\"text\" name=\"form_fields[name]\" id=\"form-field-name\" class=\"elementor-field elementor-size-sm  elementor-field-textual\" placeholder=\"Vorname, Nachname*\" required=\"required\">\n\t\t\t\t\t\t\t\t\t\t\t<\/div>\n\t\t\t\t\t\t\t\t<div class=\"elementor-field-type-text elementor-field-group elementor-column elementor-field-group-field_1 elementor-col-100\">\n\t\t\t\t\t\t\t\t\t\t\t\t<label for=\"form-field-field_1\" class=\"elementor-field-label elementor-screen-only\">\n\t\t\t\t\t\t\t\tCompany\t\t\t\t\t\t\t<\/label>\n\t\t\t\t\t\t\t\t\t\t\t\t\t\t<input size=\"1\" type=\"text\" name=\"form_fields[field_1]\" id=\"form-field-field_1\" class=\"elementor-field elementor-size-sm  elementor-field-textual\" placeholder=\"Unternehmen\/Krankenhaus\">\n\t\t\t\t\t\t\t\t\t\t\t<\/div>\n\t\t\t\t\t\t\t\t<div class=\"elementor-field-type-text elementor-field-group elementor-column elementor-field-group-field_2 elementor-col-100\">\n\t\t\t\t\t\t\t\t\t\t\t\t<label for=\"form-field-field_2\" class=\"elementor-field-label elementor-screen-only\">\n\t\t\t\t\t\t\t\tPosition\t\t\t\t\t\t\t<\/label>\n\t\t\t\t\t\t\t\t\t\t\t\t\t\t<input size=\"1\" type=\"text\" name=\"form_fields[field_2]\" id=\"form-field-field_2\" class=\"elementor-field elementor-size-sm  elementor-field-textual\" placeholder=\"Position\">\n\t\t\t\t\t\t\t\t\t\t\t<\/div>\n\t\t\t\t\t\t\t\t<div class=\"elementor-field-type-text elementor-field-group elementor-column elementor-field-group-field_3 elementor-col-100\">\n\t\t\t\t\t\t\t\t\t\t\t\t<label for=\"form-field-field_3\" class=\"elementor-field-label elementor-screen-only\">\n\t\t\t\t\t\t\t\tLand\t\t\t\t\t\t\t<\/label>\n\t\t\t\t\t\t\t\t\t\t\t\t\t\t<input size=\"1\" type=\"text\" name=\"form_fields[field_3]\" id=\"form-field-field_3\" class=\"elementor-field elementor-size-sm  elementor-field-textual\" placeholder=\"Land\">\n\t\t\t\t\t\t\t\t\t\t\t<\/div>\n\t\t\t\t\t\t\t\t<div class=\"elementor-field-type-email elementor-field-group elementor-column elementor-field-group-email elementor-col-100 elementor-field-required\">\n\t\t\t\t\t\t\t\t\t\t\t\t<label for=\"form-field-email\" class=\"elementor-field-label elementor-screen-only\">\n\t\t\t\t\t\t\t\tE-Mail\t\t\t\t\t\t\t<\/label>\n\t\t\t\t\t\t\t\t\t\t\t\t\t\t<input size=\"1\" type=\"email\" name=\"form_fields[email]\" id=\"form-field-email\" class=\"elementor-field elementor-size-sm  elementor-field-textual\" placeholder=\"E-Mail*\" required=\"required\">\n\t\t\t\t\t\t\t\t\t\t\t<\/div>\n\t\t\t\t\t\t\t\t<div class=\"elementor-field-type-text elementor-field-group elementor-column elementor-field-group-field_4 elementor-col-100\">\n\t\t\t\t\t\t\t\t\t\t\t\t<label for=\"form-field-field_4\" class=\"elementor-field-label elementor-screen-only\">\n\t\t\t\t\t\t\t\tTelefon\t\t\t\t\t\t\t<\/label>\n\t\t\t\t\t\t\t\t\t\t\t\t\t\t<input size=\"1\" type=\"text\" name=\"form_fields[field_4]\" id=\"form-field-field_4\" class=\"elementor-field elementor-size-sm  elementor-field-textual\" placeholder=\"Telefon\">\n\t\t\t\t\t\t\t\t\t\t\t<\/div>\n\t\t\t\t\t\t\t\t<div class=\"elementor-field-type-textarea elementor-field-group elementor-column elementor-field-group-message elementor-col-100 elementor-field-required\">\n\t\t\t\t\t\t\t\t\t\t\t\t<label for=\"form-field-message\" class=\"elementor-field-label elementor-screen-only\">\n\t\t\t\t\t\t\t\tMessage\t\t\t\t\t\t\t<\/label>\n\t\t\t\t\t\t<textarea class=\"elementor-field-textual elementor-field  elementor-size-sm\" name=\"form_fields[message]\" id=\"form-field-message\" rows=\"4\" placeholder=\"Was k\u00f6nnen wir f\u00fcr Sie tun?*\" required=\"required\"><\/textarea>\t\t\t\t<\/div>\n\t\t\t\t\t\t\t\t<div class=\"elementor-field-type-html elementor-field-group elementor-column elementor-field-group-field_5 elementor-col-100\">\n\t\t\t\t\t<span style=\";color:#a4a4a4;\">*<\/span><span style=\"font-size:85.26%;color:#a4a4a4;\">Pflichtfelder<\/span>\t\t\t\t<\/div>\n\t\t\t\t\t\t\t\t<div class=\"elementor-field-type-acceptance elementor-field-group elementor-column elementor-field-group-field_6 elementor-col-100 elementor-field-required\">\n\t\t\t\t\t\t\t<div class=\"elementor-field-subgroup\">\n\t\t\t<span class=\"elementor-field-option\">\n\t\t\t\t<input type=\"checkbox\" name=\"form_fields[field_6]\" id=\"form-field-field_6\" class=\"elementor-field elementor-size-sm  elementor-acceptance-field\" required=\"required\">\n\t\t\t\t<label for=\"form-field-field_6\"><span>Ich habe die <a href=\"https:\/\/www.codancompanies.com\/de\/datenschutz\/\">Datenschutzerkl\u00e4rung<\/a> gelesen und verstanden*<\/span><\/label>\t\t\t<\/span>\n\t\t<\/div>\n\t\t\t\t\t\t<\/div>\n\t\t\t\t\t\t\t\t<div class=\"elementor-field-group elementor-column elementor-field-type-submit elementor-col-100 e-form__buttons\">\n\t\t\t\t\t<button class=\"elementor-button elementor-size-sm\" type=\"submit\">\n\t\t\t\t\t\t<span class=\"elementor-button-content-wrapper\">\n\t\t\t\t\t\t\t\t\t\t\t\t\t\t\t\t\t\t\t\t\t\t<span class=\"elementor-button-text\">Absenden<\/span>\n\t\t\t\t\t\t\t\t\t\t\t\t\t<\/span>\n\t\t\t\t\t<\/button>\n\t\t\t\t<\/div>\n\t\t\t<\/div>\n\t\t<\/form>\n\t\t\t\t\t\t<\/div>\n\t\t\t\t<\/div>\n\t\t\t\t\t<\/div>\n\t\t<\/div>\n\t\t\t\t\t<\/div>\n\t\t<\/section>\n\t\t\t\t\t<\/div>\n\t\t<\/div>\n\t\t\t\t\t<\/div>\n\t\t<\/section>\n\t\t\t\t<\/div>\n\t\t","protected":false},"excerpt":{"rendered":"<p>Chemotherapie-Prozessoptimierung \u2013 Entwicklung einer durchg\u00e4ngigen digitalen Informationsplattform f\u00fcr die Tumortherapie Das Projekt \u201eChemo.Pro\u201c zielt darauf ab, eine klinikinterne Informationsplattform f\u00fcr kleine und mittelgro\u00dfe Kliniken zu entwickeln. Diese Plattform b\u00fcndelt alle relevanten Therapiedaten entlang der gesamten Prozesskette \u2013 von der Diagnose \u00fcber das Tumorboard und die Therapieplanung bis hin zur Medikationserstellung und Therapiedokumentation. Dadurch wird eine [&hellip;]<\/p>\n","protected":false},"author":22,"featured_media":0,"parent":18380,"menu_order":0,"comment_status":"closed","ping_status":"closed","template":"elementor_header_footer","meta":{"inline_featured_image":false,"footnotes":""},"pagetyp":[48],"product-group":[212],"class_list":["post-29374","page","type-page","status-publish","hentry","pagetyp-products","product-group-chemoprotect-produkte"],"yoast_head":"<!-- This site is optimized with the Yoast SEO plugin v27.3 - https:\/\/yoast.com\/product\/yoast-seo-wordpress\/ -->\n<title>CODAN ChemoCompile<\/title>\n<meta name=\"description\" content=\"CODAN ChemoCompile - Prozessoptimierung \u2013 Entwicklung einer durchg\u00e4ngigen digitalen Informationsplattform f\u00fcr die Tumortherapie\" \/>\n<meta name=\"robots\" content=\"index, follow, max-snippet:-1, max-image-preview:large, max-video-preview:-1\" \/>\n<link rel=\"canonical\" href=\"https:\/\/www.codancompanies.com\/de\/produkte\/chemocompile\/\" \/>\n<script type=\"application\/ld+json\" class=\"yoast-schema-graph\">{\"@context\":\"https:\\\/\\\/schema.org\",\"@graph\":[{\"@type\":\"WebPage\",\"@id\":\"https:\\\/\\\/www.codancompanies.com\\\/de\\\/produkte\\\/chemocompile\\\/\",\"url\":\"https:\\\/\\\/www.codancompanies.com\\\/de\\\/produkte\\\/chemocompile\\\/\",\"name\":\"CODAN ChemoCompile\",\"isPartOf\":{\"@id\":\"https:\\\/\\\/www.codancompanies.com\\\/de\\\/#website\"},\"datePublished\":\"2025-05-15T09:55:24+00:00\",\"dateModified\":\"2025-09-11T06:17:20+00:00\",\"description\":\"CODAN ChemoCompile - Prozessoptimierung \u2013 Entwicklung einer durchg\u00e4ngigen digitalen Informationsplattform f\u00fcr die Tumortherapie\",\"breadcrumb\":{\"@id\":\"https:\\\/\\\/www.codancompanies.com\\\/de\\\/produkte\\\/chemocompile\\\/#breadcrumb\"},\"inLanguage\":\"de\",\"potentialAction\":[{\"@type\":\"ReadAction\",\"target\":[\"https:\\\/\\\/www.codancompanies.com\\\/de\\\/produkte\\\/chemocompile\\\/\"]}]},{\"@type\":\"BreadcrumbList\",\"@id\":\"https:\\\/\\\/www.codancompanies.com\\\/de\\\/produkte\\\/chemocompile\\\/#breadcrumb\",\"itemListElement\":[{\"@type\":\"ListItem\",\"position\":1,\"name\":\"Startseite\",\"item\":\"https:\\\/\\\/www.codancompanies.com\\\/de\\\/\"},{\"@type\":\"ListItem\",\"position\":2,\"name\":\"Produkte\",\"item\":\"https:\\\/\\\/www.codancompanies.com\\\/de\\\/produkte\\\/\"},{\"@type\":\"ListItem\",\"position\":3,\"name\":\"ChemoCompile\"}]},{\"@type\":\"WebSite\",\"@id\":\"https:\\\/\\\/www.codancompanies.com\\\/de\\\/#website\",\"url\":\"https:\\\/\\\/www.codancompanies.com\\\/de\\\/\",\"name\":\"CODAN\",\"description\":\"The decisive connection\",\"publisher\":{\"@id\":\"https:\\\/\\\/www.codancompanies.com\\\/de\\\/#organization\"},\"potentialAction\":[{\"@type\":\"SearchAction\",\"target\":{\"@type\":\"EntryPoint\",\"urlTemplate\":\"https:\\\/\\\/www.codancompanies.com\\\/de\\\/?s={search_term_string}\"},\"query-input\":{\"@type\":\"PropertyValueSpecification\",\"valueRequired\":true,\"valueName\":\"search_term_string\"}}],\"inLanguage\":\"de\"},{\"@type\":\"Organization\",\"@id\":\"https:\\\/\\\/www.codancompanies.com\\\/de\\\/#organization\",\"name\":\"CODAN Medizinische Ger\u00e4te GmbH & Co KG\",\"url\":\"https:\\\/\\\/www.codancompanies.com\\\/de\\\/\",\"logo\":{\"@type\":\"ImageObject\",\"inLanguage\":\"de\",\"@id\":\"https:\\\/\\\/www.codancompanies.com\\\/de\\\/#\\\/schema\\\/logo\\\/image\\\/\",\"url\":\"https:\\\/\\\/www.codancompanies.com\\\/wp-content\\\/uploads\\\/cropped-codan-logo-icon.png\",\"contentUrl\":\"https:\\\/\\\/www.codancompanies.com\\\/wp-content\\\/uploads\\\/cropped-codan-logo-icon.png\",\"width\":512,\"height\":512,\"caption\":\"CODAN Medizinische Ger\u00e4te GmbH & Co KG\"},\"image\":{\"@id\":\"https:\\\/\\\/www.codancompanies.com\\\/de\\\/#\\\/schema\\\/logo\\\/image\\\/\"},\"sameAs\":[\"https:\\\/\\\/de.wikipedia.org\\\/wiki\\\/Codan\"]}]}<\/script>\n<!-- \/ Yoast SEO plugin. -->","yoast_head_json":{"title":"CODAN ChemoCompile","description":"CODAN ChemoCompile - Prozessoptimierung \u2013 Entwicklung einer durchg\u00e4ngigen digitalen Informationsplattform f\u00fcr die Tumortherapie","robots":{"index":"index","follow":"follow","max-snippet":"max-snippet:-1","max-image-preview":"max-image-preview:large","max-video-preview":"max-video-preview:-1"},"canonical":"https:\/\/www.codancompanies.com\/de\/produkte\/chemocompile\/","schema":{"@context":"https:\/\/schema.org","@graph":[{"@type":"WebPage","@id":"https:\/\/www.codancompanies.com\/de\/produkte\/chemocompile\/","url":"https:\/\/www.codancompanies.com\/de\/produkte\/chemocompile\/","name":"CODAN ChemoCompile","isPartOf":{"@id":"https:\/\/www.codancompanies.com\/de\/#website"},"datePublished":"2025-05-15T09:55:24+00:00","dateModified":"2025-09-11T06:17:20+00:00","description":"CODAN ChemoCompile - Prozessoptimierung \u2013 Entwicklung einer durchg\u00e4ngigen digitalen Informationsplattform f\u00fcr die Tumortherapie","breadcrumb":{"@id":"https:\/\/www.codancompanies.com\/de\/produkte\/chemocompile\/#breadcrumb"},"inLanguage":"de","potentialAction":[{"@type":"ReadAction","target":["https:\/\/www.codancompanies.com\/de\/produkte\/chemocompile\/"]}]},{"@type":"BreadcrumbList","@id":"https:\/\/www.codancompanies.com\/de\/produkte\/chemocompile\/#breadcrumb","itemListElement":[{"@type":"ListItem","position":1,"name":"Startseite","item":"https:\/\/www.codancompanies.com\/de\/"},{"@type":"ListItem","position":2,"name":"Produkte","item":"https:\/\/www.codancompanies.com\/de\/produkte\/"},{"@type":"ListItem","position":3,"name":"ChemoCompile"}]},{"@type":"WebSite","@id":"https:\/\/www.codancompanies.com\/de\/#website","url":"https:\/\/www.codancompanies.com\/de\/","name":"CODAN","description":"The decisive connection","publisher":{"@id":"https:\/\/www.codancompanies.com\/de\/#organization"},"potentialAction":[{"@type":"SearchAction","target":{"@type":"EntryPoint","urlTemplate":"https:\/\/www.codancompanies.com\/de\/?s={search_term_string}"},"query-input":{"@type":"PropertyValueSpecification","valueRequired":true,"valueName":"search_term_string"}}],"inLanguage":"de"},{"@type":"Organization","@id":"https:\/\/www.codancompanies.com\/de\/#organization","name":"CODAN Medizinische Ger\u00e4te GmbH & Co KG","url":"https:\/\/www.codancompanies.com\/de\/","logo":{"@type":"ImageObject","inLanguage":"de","@id":"https:\/\/www.codancompanies.com\/de\/#\/schema\/logo\/image\/","url":"https:\/\/www.codancompanies.com\/wp-content\/uploads\/cropped-codan-logo-icon.png","contentUrl":"https:\/\/www.codancompanies.com\/wp-content\/uploads\/cropped-codan-logo-icon.png","width":512,"height":512,"caption":"CODAN Medizinische Ger\u00e4te GmbH & Co KG"},"image":{"@id":"https:\/\/www.codancompanies.com\/de\/#\/schema\/logo\/image\/"},"sameAs":["https:\/\/de.wikipedia.org\/wiki\/Codan"]}]}},"_links":{"self":[{"href":"https:\/\/www.codancompanies.com\/de\/wp-json\/wp\/v2\/pages\/29374","targetHints":{"allow":["GET"]}}],"collection":[{"href":"https:\/\/www.codancompanies.com\/de\/wp-json\/wp\/v2\/pages"}],"about":[{"href":"https:\/\/www.codancompanies.com\/de\/wp-json\/wp\/v2\/types\/page"}],"author":[{"embeddable":true,"href":"https:\/\/www.codancompanies.com\/de\/wp-json\/wp\/v2\/users\/22"}],"replies":[{"embeddable":true,"href":"https:\/\/www.codancompanies.com\/de\/wp-json\/wp\/v2\/comments?post=29374"}],"version-history":[{"count":0,"href":"https:\/\/www.codancompanies.com\/de\/wp-json\/wp\/v2\/pages\/29374\/revisions"}],"up":[{"embeddable":true,"href":"https:\/\/www.codancompanies.com\/de\/wp-json\/wp\/v2\/pages\/18380"}],"wp:attachment":[{"href":"https:\/\/www.codancompanies.com\/de\/wp-json\/wp\/v2\/media?parent=29374"}],"wp:term":[{"taxonomy":"pagetyp","embeddable":true,"href":"https:\/\/www.codancompanies.com\/de\/wp-json\/wp\/v2\/pagetyp?post=29374"},{"taxonomy":"product-group","embeddable":true,"href":"https:\/\/www.codancompanies.com\/de\/wp-json\/wp\/v2\/product-group?post=29374"}],"curies":[{"name":"wp","href":"https:\/\/api.w.org\/{rel}","templated":true}]}}