{"id":18851,"date":"2022-02-10T10:54:22","date_gmt":"2022-02-10T09:54:22","guid":{"rendered":"https:\/\/www.codancompanies.com\/carriere\/"},"modified":"2025-11-04T09:17:37","modified_gmt":"2025-11-04T08:17:37","slug":"karriere","status":"publish","type":"page","link":"https:\/\/www.codancompanies.com\/de\/karriere\/","title":{"rendered":"Karriere"},"content":{"rendered":"\t\t<div data-elementor-type=\"wp-page\" data-elementor-id=\"18851\" class=\"elementor elementor-18851 elementor-15278\" data-elementor-post-type=\"page\">\n\t\t\t\t\t\t<section class=\"elementor-section elementor-top-section elementor-element elementor-element-e4ea7db elementor-section-height-min-height elementor-section-boxed elementor-section-height-default elementor-section-items-middle\" data-id=\"e4ea7db\" data-element_type=\"section\" data-e-type=\"section\" data-settings=\"{&quot;background_background&quot;:&quot;classic&quot;}\">\n\t\t\t\t\t\t\t<div class=\"elementor-background-overlay\"><\/div>\n\t\t\t\t\t\t\t<div class=\"elementor-container elementor-column-gap-default\">\n\t\t\t\t\t<div class=\"elementor-column elementor-col-100 elementor-top-column elementor-element elementor-element-5937633\" data-id=\"5937633\" data-element_type=\"column\" data-e-type=\"column\">\n\t\t\t<div class=\"elementor-widget-wrap elementor-element-populated\">\n\t\t\t\t\t\t<div class=\"elementor-element elementor-element-4ddc03e elementor-widget elementor-widget-heading\" data-id=\"4ddc03e\" data-element_type=\"widget\" data-e-type=\"widget\" data-widget_type=\"heading.default\">\n\t\t\t\t<div class=\"elementor-widget-container\">\n\t\t\t\t\t<h2 class=\"elementor-heading-title elementor-size-default\">WIR <strong>STELLEN<\/strong> EIN!<\/h2>\t\t\t\t<\/div>\n\t\t\t\t<\/div>\n\t\t\t\t<div class=\"elementor-element elementor-element-1888441 elementor-widget elementor-widget-heading\" data-id=\"1888441\" data-element_type=\"widget\" data-e-type=\"widget\" data-widget_type=\"heading.default\">\n\t\t\t\t<div class=\"elementor-widget-container\">\n\t\t\t\t\t<h1 class=\"elementor-heading-title elementor-size-default\">Werden Sie Teil unseres Teams<\/h1>\t\t\t\t<\/div>\n\t\t\t\t<\/div>\n\t\t\t\t<div class=\"elementor-element elementor-element-bbf01dd elementor-widget elementor-widget-heading\" data-id=\"bbf01dd\" data-element_type=\"widget\" data-e-type=\"widget\" data-widget_type=\"heading.default\">\n\t\t\t\t<div class=\"elementor-widget-container\">\n\t\t\t\t\t<h3 class=\"elementor-heading-title elementor-size-default\">Seien Sie mit uns erfolgreich!<\/h3>\t\t\t\t<\/div>\n\t\t\t\t<\/div>\n\t\t\t\t\t<\/div>\n\t\t<\/div>\n\t\t\t\t\t<\/div>\n\t\t<\/section>\n\t\t\t\t<section class=\"elementor-section elementor-top-section elementor-element elementor-element-3f471213 elementor-section-boxed elementor-section-height-default elementor-section-height-default\" data-id=\"3f471213\" data-element_type=\"section\" data-e-type=\"section\" data-settings=\"{&quot;background_background&quot;:&quot;classic&quot;}\">\n\t\t\t\t\t\t<div class=\"elementor-container elementor-column-gap-no\">\n\t\t\t\t\t<div class=\"elementor-column elementor-col-100 elementor-top-column elementor-element elementor-element-749d596b\" data-id=\"749d596b\" data-element_type=\"column\" data-e-type=\"column\" data-settings=\"{&quot;background_background&quot;:&quot;classic&quot;}\">\n\t\t\t<div class=\"elementor-widget-wrap elementor-element-populated\">\n\t\t\t\t\t\t<section class=\"elementor-section elementor-inner-section elementor-element elementor-element-413aa6b0 elementor-section-boxed elementor-section-height-default elementor-section-height-default\" data-id=\"413aa6b0\" data-element_type=\"section\" data-e-type=\"section\" data-settings=\"{&quot;background_background&quot;:&quot;classic&quot;}\">\n\t\t\t\t\t\t<div class=\"elementor-container elementor-column-gap-default\">\n\t\t\t\t\t<div class=\"elementor-column elementor-col-100 elementor-inner-column elementor-element elementor-element-5308b952\" data-id=\"5308b952\" data-element_type=\"column\" data-e-type=\"column\" data-settings=\"{&quot;background_background&quot;:&quot;classic&quot;}\">\n\t\t\t<div class=\"elementor-widget-wrap elementor-element-populated\">\n\t\t\t\t\t\t<div class=\"elementor-element elementor-element-3c7ba394 elementor-widget elementor-widget-breadcrumbs\" data-id=\"3c7ba394\" data-element_type=\"widget\" data-e-type=\"widget\" data-widget_type=\"breadcrumbs.default\">\n\t\t\t\t<div class=\"elementor-widget-container\">\n\t\t\t\t\t<p id=\"breadcrumbs\"><span><span><a href=\"https:\/\/www.codancompanies.com\/de\/\">Startseite<\/a><\/span><\/span><\/p>\t\t\t\t<\/div>\n\t\t\t\t<\/div>\n\t\t\t\t\t<\/div>\n\t\t<\/div>\n\t\t\t\t\t<\/div>\n\t\t<\/section>\n\t\t\t\t<section class=\"elementor-section elementor-inner-section elementor-element elementor-element-2ed3cba6 elementor-section-boxed elementor-section-height-default elementor-section-height-default\" data-id=\"2ed3cba6\" data-element_type=\"section\" data-e-type=\"section\">\n\t\t\t\t\t\t<div class=\"elementor-container elementor-column-gap-no\">\n\t\t\t\t\t<div class=\"elementor-column elementor-col-100 elementor-inner-column elementor-element elementor-element-43b6ce76\" data-id=\"43b6ce76\" data-element_type=\"column\" data-e-type=\"column\">\n\t\t\t<div class=\"elementor-widget-wrap elementor-element-populated\">\n\t\t\t\t\t\t<div class=\"elementor-element elementor-element-7ab6427a elementor-widget elementor-widget-heading\" data-id=\"7ab6427a\" data-element_type=\"widget\" data-e-type=\"widget\" data-widget_type=\"heading.default\">\n\t\t\t\t<div class=\"elementor-widget-container\">\n\t\t\t\t\t<h1 class=\"elementor-heading-title elementor-size-default\">Ihre Zukunft bei CODAN<\/h1>\t\t\t\t<\/div>\n\t\t\t\t<\/div>\n\t\t\t\t\t<\/div>\n\t\t<\/div>\n\t\t\t\t\t<\/div>\n\t\t<\/section>\n\t\t\t\t<section class=\"elementor-section elementor-inner-section elementor-element elementor-element-783e7542 elementor-section-boxed elementor-section-height-default elementor-section-height-default\" data-id=\"783e7542\" data-element_type=\"section\" data-e-type=\"section\" data-settings=\"{&quot;background_background&quot;:&quot;classic&quot;}\">\n\t\t\t\t\t\t<div class=\"elementor-container elementor-column-gap-default\">\n\t\t\t\t\t<div class=\"elementor-column elementor-col-100 elementor-inner-column elementor-element elementor-element-4e093a78\" data-id=\"4e093a78\" data-element_type=\"column\" data-e-type=\"column\" data-settings=\"{&quot;background_background&quot;:&quot;classic&quot;}\">\n\t\t\t<div class=\"elementor-widget-wrap elementor-element-populated\">\n\t\t\t\t\t\t<div class=\"elementor-element elementor-element-295a53d4 elementor-widget elementor-widget-text-editor\" data-id=\"295a53d4\" data-element_type=\"widget\" data-e-type=\"widget\" data-widget_type=\"text-editor.default\">\n\t\t\t\t<div class=\"elementor-widget-container\">\n\t\t\t\t\t\t\t\t\t<p>Wir bei den CODAN Companies entwickeln, produzieren und vertreiben Medizinprodukte und L\u00f6sungen, um den Menschen in der ganzen Welt das Leben zu erleichtern. Mit \u00fcber 1.500 Besch\u00e4ftigten weltweit arbeiten wir seit der Gr\u00fcndung des Unternehmens vor \u00fcber 60 Jahren gemeinsam auf dieses Ziel hin.<\/p><p>CODAN ist stets daran interessiert, die eigenen Mitarbeiter zu motivieren, um weiterhin qualitativ hochwertige Medizinprodukte anbieten zu k\u00f6nnen. In den folgenden Feldern finden Sie Stellenangebote unserer verschiedenen Abteilungen.<\/p>\t\t\t\t\t\t\t\t<\/div>\n\t\t\t\t<\/div>\n\t\t\t\t\t<\/div>\n\t\t<\/div>\n\t\t\t\t\t<\/div>\n\t\t<\/section>\n\t\t\t\t<section class=\"elementor-section elementor-inner-section elementor-element elementor-element-438ee335 elementor-section-content-middle elementor-section-boxed elementor-section-height-default elementor-section-height-default\" data-id=\"438ee335\" data-element_type=\"section\" data-e-type=\"section\" data-settings=\"{&quot;background_background&quot;:&quot;classic&quot;}\">\n\t\t\t\t\t\t<div class=\"elementor-container elementor-column-gap-default\">\n\t\t\t\t\t<div class=\"make-column-clickable-elementor elementor-column elementor-col-50 elementor-inner-column elementor-element elementor-element-73ab310b\" style=\"cursor: pointer;\" data-column-clickable=\"https:\/\/www.codancompanies.com\/de\/karriere\/stellenangebote\/?jobcategory=commercial-jobs\" data-column-clickable-blank=\"_self\" data-id=\"73ab310b\" data-element_type=\"column\" data-e-type=\"column\" data-settings=\"{&quot;background_background&quot;:&quot;classic&quot;}\">\n\t\t\t<div class=\"elementor-widget-wrap elementor-element-populated\">\n\t\t\t\t\t\t<div class=\"elementor-element elementor-element-49b538a6 tablet-minheight elementor-widget elementor-widget-image\" data-id=\"49b538a6\" data-element_type=\"widget\" data-e-type=\"widget\" data-widget_type=\"image.default\">\n\t\t\t\t<div class=\"elementor-widget-container\">\n\t\t\t\t\t\t\t\t\t\t\t\t\t\t\t<img fetchpriority=\"high\" decoding=\"async\" width=\"710\" height=\"500\" src=\"https:\/\/www.codancompanies.com\/wp-content\/uploads\/commercial-jobs-theme-1.jpg\" class=\"attachment-full size-full wp-image-30378\" alt=\"commercial jobs theme 1 Karriere\"  title=\"Karriere\" \/>\t\t\t\t\t\t\t\t\t\t\t\t\t\t\t<\/div>\n\t\t\t\t<\/div>\n\t\t\t\t\t<\/div>\n\t\t<\/div>\n\t\t\t\t<div class=\"make-column-clickable-elementor elementor-column elementor-col-50 elementor-inner-column elementor-element elementor-element-504fcb8d\" style=\"cursor: pointer;\" data-column-clickable=\"\/de\/karriere\/stellenangebote\/?jobcategory=commercial-jobs\" data-column-clickable-blank=\"_self\" data-id=\"504fcb8d\" data-element_type=\"column\" data-e-type=\"column\" data-settings=\"{&quot;background_background&quot;:&quot;classic&quot;}\">\n\t\t\t<div class=\"elementor-widget-wrap elementor-element-populated\">\n\t\t\t\t\t\t<div class=\"elementor-element elementor-element-514e4766 elementor-widget elementor-widget-heading\" data-id=\"514e4766\" data-element_type=\"widget\" data-e-type=\"widget\" data-widget_type=\"heading.default\">\n\t\t\t\t<div class=\"elementor-widget-container\">\n\t\t\t\t\t<h2 class=\"elementor-heading-title elementor-size-default\">Kaufm\u00e4nnische Stellenangebote<\/h2>\t\t\t\t<\/div>\n\t\t\t\t<\/div>\n\t\t\t\t<div class=\"elementor-element elementor-element-55fd68ee elementor-widget elementor-widget-text-editor\" data-id=\"55fd68ee\" data-element_type=\"widget\" data-e-type=\"widget\" data-widget_type=\"text-editor.default\">\n\t\t\t\t<div class=\"elementor-widget-container\">\n\t\t\t\t\t\t\t\t\t<p>In diesem Bereich finden Sie kaufm\u00e4nnische Stellenangebote wie beispielsweise in der Verwaltung, Logistik, IT und im Kundendienst.<\/p><p>\u00a0Sehen Sie sich unsere kaufm\u00e4nnischen Stellenangebote an.<\/p>\t\t\t\t\t\t\t\t<\/div>\n\t\t\t\t<\/div>\n\t\t\t\t\t<\/div>\n\t\t<\/div>\n\t\t\t\t\t<\/div>\n\t\t<\/section>\n\t\t\t\t<section class=\"elementor-section elementor-inner-section elementor-element elementor-element-7f482a67 elementor-section-content-middle elementor-reverse-mobile elementor-section-boxed elementor-section-height-default elementor-section-height-default\" data-id=\"7f482a67\" data-element_type=\"section\" data-e-type=\"section\" data-settings=\"{&quot;background_background&quot;:&quot;classic&quot;}\">\n\t\t\t\t\t\t<div class=\"elementor-container elementor-column-gap-default\">\n\t\t\t\t\t<div class=\"make-column-clickable-elementor elementor-column elementor-col-50 elementor-inner-column elementor-element elementor-element-4101fec3\" style=\"cursor: pointer;\" data-column-clickable=\"\/de\/karriere\/stellenangebote\/?jobcategory=technical-jobs\" data-column-clickable-blank=\"_self\" data-id=\"4101fec3\" data-element_type=\"column\" data-e-type=\"column\" data-settings=\"{&quot;background_background&quot;:&quot;classic&quot;}\">\n\t\t\t<div class=\"elementor-widget-wrap elementor-element-populated\">\n\t\t\t\t\t\t<div class=\"elementor-element elementor-element-73908f3 elementor-widget elementor-widget-heading\" data-id=\"73908f3\" data-element_type=\"widget\" data-e-type=\"widget\" data-widget_type=\"heading.default\">\n\t\t\t\t<div class=\"elementor-widget-container\">\n\t\t\t\t\t<h2 class=\"elementor-heading-title elementor-size-default\">Technische Stellenangebote<\/h2>\t\t\t\t<\/div>\n\t\t\t\t<\/div>\n\t\t\t\t<div class=\"elementor-element elementor-element-fcbf4ef elementor-widget elementor-widget-text-editor\" data-id=\"fcbf4ef\" data-element_type=\"widget\" data-e-type=\"widget\" data-widget_type=\"text-editor.default\">\n\t\t\t\t<div class=\"elementor-widget-container\">\n\t\t\t\t\t\t\t\t\t<p>Unsere T\u00e4tigkeitsfelder reichen von der Produktentwicklung bis zur Produktion, Qualit\u00e4tskontrolle und Wartung.<br \/>Im technischen Bereich erwarten Sie die verschiedensten Stellenangebote.<\/p><p>Treffen Sie Ihre Wahl.<\/p>\t\t\t\t\t\t\t\t<\/div>\n\t\t\t\t<\/div>\n\t\t\t\t\t<\/div>\n\t\t<\/div>\n\t\t\t\t<div class=\"make-column-clickable-elementor elementor-column elementor-col-50 elementor-inner-column elementor-element elementor-element-725f8ac3\" style=\"cursor: pointer;\" data-column-clickable=\"\/de\/karriere\/stellenangebote\/?jobcategory=technical-jobs\" data-column-clickable-blank=\"_self\" data-id=\"725f8ac3\" data-element_type=\"column\" data-e-type=\"column\" data-settings=\"{&quot;background_background&quot;:&quot;classic&quot;}\">\n\t\t\t<div class=\"elementor-widget-wrap elementor-element-populated\">\n\t\t\t\t\t\t<div class=\"elementor-element elementor-element-14bd7d7c tablet-minheight elementor-widget elementor-widget-image\" data-id=\"14bd7d7c\" data-element_type=\"widget\" data-e-type=\"widget\" data-widget_type=\"image.default\">\n\t\t\t\t<div class=\"elementor-widget-container\">\n\t\t\t\t\t\t\t\t\t\t\t\t\t\t\t<img decoding=\"async\" width=\"710\" height=\"500\" src=\"https:\/\/www.codancompanies.com\/wp-content\/uploads\/CODAN_technical_jobs1_8327_710x500px-1.jpg\" class=\"attachment-full size-full wp-image-30382\" alt=\"CODAN technical jobs1 8327 710x500px 1 Karriere\"  title=\"Karriere\" \/>\t\t\t\t\t\t\t\t\t\t\t\t\t\t\t<\/div>\n\t\t\t\t<\/div>\n\t\t\t\t\t<\/div>\n\t\t<\/div>\n\t\t\t\t\t<\/div>\n\t\t<\/section>\n\t\t\t\t<section class=\"elementor-section elementor-inner-section elementor-element elementor-element-34c46502 elementor-section-content-middle elementor-section-boxed elementor-section-height-default elementor-section-height-default\" data-id=\"34c46502\" data-element_type=\"section\" data-e-type=\"section\" data-settings=\"{&quot;background_background&quot;:&quot;classic&quot;}\">\n\t\t\t\t\t\t<div class=\"elementor-container elementor-column-gap-default\">\n\t\t\t\t\t<div class=\"make-column-clickable-elementor elementor-column elementor-col-50 elementor-inner-column elementor-element elementor-element-2916bf90\" style=\"cursor: pointer;\" data-column-clickable=\"\/de\/karriere\/stellenangebote\/?jobcategory=education\" data-column-clickable-blank=\"_self\" data-id=\"2916bf90\" data-element_type=\"column\" data-e-type=\"column\" data-settings=\"{&quot;background_background&quot;:&quot;classic&quot;}\">\n\t\t\t<div class=\"elementor-widget-wrap elementor-element-populated\">\n\t\t\t\t\t\t<div class=\"elementor-element elementor-element-3373e314 tablet-minheight elementor-widget elementor-widget-image\" data-id=\"3373e314\" data-element_type=\"widget\" data-e-type=\"widget\" data-widget_type=\"image.default\">\n\t\t\t\t<div class=\"elementor-widget-container\">\n\t\t\t\t\t\t\t\t\t\t\t\t\t\t\t<img decoding=\"async\" width=\"600\" height=\"420\" src=\"https:\/\/www.codancompanies.com\/wp-content\/uploads\/transp-imag.png\" class=\"attachment-full size-full wp-image-18026\" alt=\"transp imag Karriere\"  title=\"Karriere\" \/>\t\t\t\t\t\t\t\t\t\t\t\t\t\t\t<\/div>\n\t\t\t\t<\/div>\n\t\t\t\t\t<\/div>\n\t\t<\/div>\n\t\t\t\t<div class=\"make-column-clickable-elementor elementor-column elementor-col-50 elementor-inner-column elementor-element elementor-element-8e07637\" style=\"cursor: pointer;\" data-column-clickable=\"\/de\/karriere\/stellenangebote\/?jobcategory=education\" data-column-clickable-blank=\"_self\" data-id=\"8e07637\" data-element_type=\"column\" data-e-type=\"column\" data-settings=\"{&quot;background_background&quot;:&quot;classic&quot;}\">\n\t\t\t<div class=\"elementor-widget-wrap elementor-element-populated\">\n\t\t\t\t\t\t<div class=\"elementor-element elementor-element-58790619 elementor-widget elementor-widget-heading\" data-id=\"58790619\" data-element_type=\"widget\" data-e-type=\"widget\" data-widget_type=\"heading.default\">\n\t\t\t\t<div class=\"elementor-widget-container\">\n\t\t\t\t\t<h2 class=\"elementor-heading-title elementor-size-default\">Ausbildung<\/h2>\t\t\t\t<\/div>\n\t\t\t\t<\/div>\n\t\t\t\t<div class=\"elementor-element elementor-element-5b5dfe19 elementor-widget elementor-widget-text-editor\" data-id=\"5b5dfe19\" data-element_type=\"widget\" data-e-type=\"widget\" data-widget_type=\"text-editor.default\">\n\t\t\t\t<div class=\"elementor-widget-container\">\n\t\t\t\t\t\t\t\t\t<p>F\u00fcr Deinen Karriereeinstieg bietet Dir CODAN Lehrstellen in der Verwaltung und im technischen Bereich.<br \/>Wenn Du Dir noch nicht sicher bist, welchen Weg Du einschlagen m\u00f6chtest, kannst Du vorab ein Praktikum absolvieren, um den passenden Beruf zu finden.\u00a0<\/p><p>Bist Du bereit f\u00fcr den n\u00e4chsten Schritt?<\/p>\t\t\t\t\t\t\t\t<\/div>\n\t\t\t\t<\/div>\n\t\t\t\t\t<\/div>\n\t\t<\/div>\n\t\t\t\t\t<\/div>\n\t\t<\/section>\n\t\t\t\t<section class=\"elementor-section elementor-inner-section elementor-element elementor-element-a61b923 elementor-section-boxed elementor-section-height-default elementor-section-height-default\" data-id=\"a61b923\" data-element_type=\"section\" data-e-type=\"section\" data-settings=\"{&quot;background_background&quot;:&quot;classic&quot;}\">\n\t\t\t\t\t\t<div class=\"elementor-container elementor-column-gap-default\">\n\t\t\t\t\t<div class=\"elementor-column elementor-col-100 elementor-inner-column elementor-element elementor-element-23470b45\" data-id=\"23470b45\" data-element_type=\"column\" data-e-type=\"column\" data-settings=\"{&quot;background_background&quot;:&quot;classic&quot;}\">\n\t\t\t<div class=\"elementor-widget-wrap elementor-element-populated\">\n\t\t\t\t\t\t<div class=\"elementor-element elementor-element-4c13f7e9 elementor-align-right elementor-mobile-align-center temp-hide elementor-widget elementor-widget-button\" data-id=\"4c13f7e9\" data-element_type=\"widget\" data-e-type=\"widget\" data-widget_type=\"button.default\">\n\t\t\t\t<div class=\"elementor-widget-container\">\n\t\t\t\t\t\t\t\t\t<div class=\"elementor-button-wrapper\">\n\t\t\t\t\t<a class=\"elementor-button elementor-button-link elementor-size-sm\" href=\"https:\/\/www.codancompanies.com\/de\/karriere\/stellenangebote\/\">\n\t\t\t\t\t\t<span class=\"elementor-button-content-wrapper\">\n\t\t\t\t\t\t<span class=\"elementor-button-icon\">\n\t\t\t\t<i aria-hidden=\"true\" class=\"fas fa-chevron-right\"><\/i>\t\t\t<\/span>\n\t\t\t\t\t\t\t\t\t<span class=\"elementor-button-text\">Alle Stellenangebote anzeigen<\/span>\n\t\t\t\t\t<\/span>\n\t\t\t\t\t<\/a>\n\t\t\t\t<\/div>\n\t\t\t\t\t\t\t\t<\/div>\n\t\t\t\t<\/div>\n\t\t\t\t\t<\/div>\n\t\t<\/div>\n\t\t\t\t\t<\/div>\n\t\t<\/section>\n\t\t\t\t\t<\/div>\n\t\t<\/div>\n\t\t\t\t\t<\/div>\n\t\t<\/section>\n\t\t\t\t<\/div>\n\t\t","protected":false},"excerpt":{"rendered":"<p>WIR STELLEN EIN! Werden Sie Teil unseres Teams Seien Sie mit uns erfolgreich! Ihre Zukunft bei CODAN Wir bei den CODAN Companies entwickeln, produzieren und vertreiben Medizinprodukte und L\u00f6sungen, um den Menschen in der ganzen Welt das Leben zu erleichtern. Mit \u00fcber 1.500 Besch\u00e4ftigten weltweit arbeiten wir seit der Gr\u00fcndung des Unternehmens vor \u00fcber 60 [&hellip;]<\/p>\n","protected":false},"author":3,"featured_media":0,"parent":0,"menu_order":0,"comment_status":"closed","ping_status":"closed","template":"elementor_header_footer","meta":{"inline_featured_image":false,"footnotes":""},"pagetyp":[64],"product-group":[],"class_list":["post-18851","page","type-page","status-publish","hentry","pagetyp-static"],"yoast_head":"<!-- This site is optimized with the Yoast SEO plugin v27.3 - https:\/\/yoast.com\/product\/yoast-seo-wordpress\/ -->\n<title>CODAN Companies I Karriere \u2013 offene Stellen<\/title>\n<meta name=\"description\" content=\"Ihre Zukunft bei CODAN \u2013 CODAN ist stets an motivierten Mitarbeitern interessiert, um weiterhin qualitativ hochwertige Medizinprodukte anbieten zu k\u00f6nnen. Werden Sie Teil eines globalen Partners im Bereich Medizintechnik an 12 verschiedenen CODAN-Standorten.\" \/>\n<meta name=\"robots\" content=\"index, follow, max-snippet:-1, max-image-preview:large, max-video-preview:-1\" \/>\n<link rel=\"canonical\" href=\"https:\/\/www.codancompanies.com\/career\/\" \/>\n<script type=\"application\/ld+json\" class=\"yoast-schema-graph\">{\"@context\":\"https:\\\/\\\/schema.org\",\"@graph\":[{\"@type\":\"WebPage\",\"@id\":\"https:\\\/\\\/www.codancompanies.com\\\/career\\\/\",\"url\":\"https:\\\/\\\/www.codancompanies.com\\\/career\\\/\",\"name\":\"CODAN Companies I Karriere \u2013 offene Stellen\",\"isPartOf\":{\"@id\":\"https:\\\/\\\/www.codancompanies.com\\\/de\\\/#website\"},\"datePublished\":\"2022-02-10T09:54:22+00:00\",\"dateModified\":\"2025-11-04T08:17:37+00:00\",\"description\":\"Ihre Zukunft bei CODAN \u2013 CODAN ist stets an motivierten Mitarbeitern interessiert, um weiterhin qualitativ hochwertige Medizinprodukte anbieten zu k\u00f6nnen. Werden Sie Teil eines globalen Partners im Bereich Medizintechnik an 12 verschiedenen CODAN-Standorten.\",\"breadcrumb\":{\"@id\":\"https:\\\/\\\/www.codancompanies.com\\\/career\\\/#breadcrumb\"},\"inLanguage\":\"de\",\"potentialAction\":[{\"@type\":\"ReadAction\",\"target\":[\"https:\\\/\\\/www.codancompanies.com\\\/career\\\/\"]}]},{\"@type\":\"BreadcrumbList\",\"@id\":\"https:\\\/\\\/www.codancompanies.com\\\/career\\\/#breadcrumb\",\"itemListElement\":[{\"@type\":\"ListItem\",\"position\":1,\"name\":\"Startseite\",\"item\":\"https:\\\/\\\/www.codancompanies.com\\\/de\\\/\"},{\"@type\":\"ListItem\",\"position\":2,\"name\":\"Karriere\"}]},{\"@type\":\"WebSite\",\"@id\":\"https:\\\/\\\/www.codancompanies.com\\\/de\\\/#website\",\"url\":\"https:\\\/\\\/www.codancompanies.com\\\/de\\\/\",\"name\":\"CODAN\",\"description\":\"The decisive connection\",\"publisher\":{\"@id\":\"https:\\\/\\\/www.codancompanies.com\\\/de\\\/#organization\"},\"potentialAction\":[{\"@type\":\"SearchAction\",\"target\":{\"@type\":\"EntryPoint\",\"urlTemplate\":\"https:\\\/\\\/www.codancompanies.com\\\/de\\\/?s={search_term_string}\"},\"query-input\":{\"@type\":\"PropertyValueSpecification\",\"valueRequired\":true,\"valueName\":\"search_term_string\"}}],\"inLanguage\":\"de\"},{\"@type\":\"Organization\",\"@id\":\"https:\\\/\\\/www.codancompanies.com\\\/de\\\/#organization\",\"name\":\"CODAN Medizinische Ger\u00e4te GmbH & Co KG\",\"url\":\"https:\\\/\\\/www.codancompanies.com\\\/de\\\/\",\"logo\":{\"@type\":\"ImageObject\",\"inLanguage\":\"de\",\"@id\":\"https:\\\/\\\/www.codancompanies.com\\\/de\\\/#\\\/schema\\\/logo\\\/image\\\/\",\"url\":\"https:\\\/\\\/www.codancompanies.com\\\/wp-content\\\/uploads\\\/cropped-codan-logo-icon.png\",\"contentUrl\":\"https:\\\/\\\/www.codancompanies.com\\\/wp-content\\\/uploads\\\/cropped-codan-logo-icon.png\",\"width\":512,\"height\":512,\"caption\":\"CODAN Medizinische Ger\u00e4te GmbH & Co KG\"},\"image\":{\"@id\":\"https:\\\/\\\/www.codancompanies.com\\\/de\\\/#\\\/schema\\\/logo\\\/image\\\/\"},\"sameAs\":[\"https:\\\/\\\/de.wikipedia.org\\\/wiki\\\/Codan\"]}]}<\/script>\n<!-- \/ Yoast SEO plugin. -->","yoast_head_json":{"title":"CODAN Companies I Karriere \u2013 offene Stellen","description":"Ihre Zukunft bei CODAN \u2013 CODAN ist stets an motivierten Mitarbeitern interessiert, um weiterhin qualitativ hochwertige Medizinprodukte anbieten zu k\u00f6nnen. Werden Sie Teil eines globalen Partners im Bereich Medizintechnik an 12 verschiedenen CODAN-Standorten.","robots":{"index":"index","follow":"follow","max-snippet":"max-snippet:-1","max-image-preview":"max-image-preview:large","max-video-preview":"max-video-preview:-1"},"canonical":"https:\/\/www.codancompanies.com\/career\/","schema":{"@context":"https:\/\/schema.org","@graph":[{"@type":"WebPage","@id":"https:\/\/www.codancompanies.com\/career\/","url":"https:\/\/www.codancompanies.com\/career\/","name":"CODAN Companies I Karriere \u2013 offene Stellen","isPartOf":{"@id":"https:\/\/www.codancompanies.com\/de\/#website"},"datePublished":"2022-02-10T09:54:22+00:00","dateModified":"2025-11-04T08:17:37+00:00","description":"Ihre Zukunft bei CODAN \u2013 CODAN ist stets an motivierten Mitarbeitern interessiert, um weiterhin qualitativ hochwertige Medizinprodukte anbieten zu k\u00f6nnen. Werden Sie Teil eines globalen Partners im Bereich Medizintechnik an 12 verschiedenen CODAN-Standorten.","breadcrumb":{"@id":"https:\/\/www.codancompanies.com\/career\/#breadcrumb"},"inLanguage":"de","potentialAction":[{"@type":"ReadAction","target":["https:\/\/www.codancompanies.com\/career\/"]}]},{"@type":"BreadcrumbList","@id":"https:\/\/www.codancompanies.com\/career\/#breadcrumb","itemListElement":[{"@type":"ListItem","position":1,"name":"Startseite","item":"https:\/\/www.codancompanies.com\/de\/"},{"@type":"ListItem","position":2,"name":"Karriere"}]},{"@type":"WebSite","@id":"https:\/\/www.codancompanies.com\/de\/#website","url":"https:\/\/www.codancompanies.com\/de\/","name":"CODAN","description":"The decisive connection","publisher":{"@id":"https:\/\/www.codancompanies.com\/de\/#organization"},"potentialAction":[{"@type":"SearchAction","target":{"@type":"EntryPoint","urlTemplate":"https:\/\/www.codancompanies.com\/de\/?s={search_term_string}"},"query-input":{"@type":"PropertyValueSpecification","valueRequired":true,"valueName":"search_term_string"}}],"inLanguage":"de"},{"@type":"Organization","@id":"https:\/\/www.codancompanies.com\/de\/#organization","name":"CODAN Medizinische Ger\u00e4te GmbH & Co KG","url":"https:\/\/www.codancompanies.com\/de\/","logo":{"@type":"ImageObject","inLanguage":"de","@id":"https:\/\/www.codancompanies.com\/de\/#\/schema\/logo\/image\/","url":"https:\/\/www.codancompanies.com\/wp-content\/uploads\/cropped-codan-logo-icon.png","contentUrl":"https:\/\/www.codancompanies.com\/wp-content\/uploads\/cropped-codan-logo-icon.png","width":512,"height":512,"caption":"CODAN Medizinische Ger\u00e4te GmbH & Co KG"},"image":{"@id":"https:\/\/www.codancompanies.com\/de\/#\/schema\/logo\/image\/"},"sameAs":["https:\/\/de.wikipedia.org\/wiki\/Codan"]}]}},"_links":{"self":[{"href":"https:\/\/www.codancompanies.com\/de\/wp-json\/wp\/v2\/pages\/18851","targetHints":{"allow":["GET"]}}],"collection":[{"href":"https:\/\/www.codancompanies.com\/de\/wp-json\/wp\/v2\/pages"}],"about":[{"href":"https:\/\/www.codancompanies.com\/de\/wp-json\/wp\/v2\/types\/page"}],"author":[{"embeddable":true,"href":"https:\/\/www.codancompanies.com\/de\/wp-json\/wp\/v2\/users\/3"}],"replies":[{"embeddable":true,"href":"https:\/\/www.codancompanies.com\/de\/wp-json\/wp\/v2\/comments?post=18851"}],"version-history":[{"count":0,"href":"https:\/\/www.codancompanies.com\/de\/wp-json\/wp\/v2\/pages\/18851\/revisions"}],"wp:attachment":[{"href":"https:\/\/www.codancompanies.com\/de\/wp-json\/wp\/v2\/media?parent=18851"}],"wp:term":[{"taxonomy":"pagetyp","embeddable":true,"href":"https:\/\/www.codancompanies.com\/de\/wp-json\/wp\/v2\/pagetyp?post=18851"},{"taxonomy":"product-group","embeddable":true,"href":"https:\/\/www.codancompanies.com\/de\/wp-json\/wp\/v2\/product-group?post=18851"}],"curies":[{"name":"wp","href":"https:\/\/api.w.org\/{rel}","templated":true}]}}