{"id":18203,"date":"2019-03-21T01:18:50","date_gmt":"2019-03-21T01:18:50","guid":{"rendered":"https:\/\/www.codancompanies.com\/imprint\/"},"modified":"2023-08-02T14:23:17","modified_gmt":"2023-08-02T12:23:17","slug":"impressum","status":"publish","type":"page","link":"https:\/\/www.codancompanies.com\/de\/impressum\/","title":{"rendered":"Impressum"},"content":{"rendered":"\t\t<div data-elementor-type=\"wp-post\" data-elementor-id=\"18203\" class=\"elementor elementor-18203 elementor-2402\" data-elementor-post-type=\"page\">\n\t\t\t\t\t\t<section class=\"elementor-section elementor-top-section elementor-element elementor-element-d83e59c elementor-section-height-min-height elementor-section-boxed elementor-section-height-default elementor-section-items-middle\" data-id=\"d83e59c\" data-element_type=\"section\" data-e-type=\"section\" data-settings=\"{&quot;background_background&quot;:&quot;classic&quot;}\">\n\t\t\t\t\t\t\t<div class=\"elementor-background-overlay\"><\/div>\n\t\t\t\t\t\t\t<div class=\"elementor-container elementor-column-gap-default\">\n\t\t\t\t\t<div class=\"elementor-column elementor-col-100 elementor-top-column elementor-element elementor-element-6de79fd5\" data-id=\"6de79fd5\" data-element_type=\"column\" data-e-type=\"column\">\n\t\t\t<div class=\"elementor-widget-wrap\">\n\t\t\t\t\t\t\t<\/div>\n\t\t<\/div>\n\t\t\t\t\t<\/div>\n\t\t<\/section>\n\t\t\t\t<section class=\"elementor-section elementor-top-section elementor-element elementor-element-399e3061 elementor-section-boxed elementor-section-height-default elementor-section-height-default\" data-id=\"399e3061\" data-element_type=\"section\" data-e-type=\"section\">\n\t\t\t\t\t\t<div class=\"elementor-container elementor-column-gap-no\">\n\t\t\t\t\t<div class=\"elementor-column elementor-col-100 elementor-top-column elementor-element elementor-element-2ff67578\" data-id=\"2ff67578\" data-element_type=\"column\" data-e-type=\"column\">\n\t\t\t<div class=\"elementor-widget-wrap elementor-element-populated\">\n\t\t\t\t\t\t<section class=\"elementor-section elementor-inner-section elementor-element elementor-element-495aa1bd elementor-section-boxed elementor-section-height-default elementor-section-height-default\" data-id=\"495aa1bd\" data-element_type=\"section\" data-e-type=\"section\" data-settings=\"{&quot;background_background&quot;:&quot;classic&quot;}\">\n\t\t\t\t\t\t<div class=\"elementor-container elementor-column-gap-default\">\n\t\t\t\t\t<div class=\"elementor-column elementor-col-100 elementor-inner-column elementor-element elementor-element-71779455\" data-id=\"71779455\" data-element_type=\"column\" data-e-type=\"column\" data-settings=\"{&quot;background_background&quot;:&quot;classic&quot;}\">\n\t\t\t<div class=\"elementor-widget-wrap elementor-element-populated\">\n\t\t\t\t\t\t<div class=\"elementor-element elementor-element-443a5402 elementor-widget elementor-widget-breadcrumbs\" data-id=\"443a5402\" data-element_type=\"widget\" data-e-type=\"widget\" data-widget_type=\"breadcrumbs.default\">\n\t\t\t\t<div class=\"elementor-widget-container\">\n\t\t\t\t\t<p id=\"breadcrumbs\"><span><span><a href=\"https:\/\/www.codancompanies.com\/de\/\">Startseite<\/a><\/span><\/span><\/p>\t\t\t\t<\/div>\n\t\t\t\t<\/div>\n\t\t\t\t<div class=\"elementor-element elementor-element-7114b252 elementor-widget elementor-widget-text-editor\" data-id=\"7114b252\" data-element_type=\"widget\" data-e-type=\"widget\" data-widget_type=\"text-editor.default\">\n\t\t\t\t<div class=\"elementor-widget-container\">\n\t\t\t\t\t\t\t\t\t<p><strong>CODAN Medizinische Ger\u00e4te GmbH<\/strong><br \/>\nStig Husted-Andersen Stra\u00dfe 11<br \/>\n23738 Lensahn \u00b7 DE<\/p>\n<p>Telefon +49 (0) 43 63 \u00b7 51 11<br \/>\nTelefax +49 (0) 43 63 \u00b7 51 12 14<br \/>\nE-Mail: <a href=\"mailto:codan@codan.de\">codan@codan.de<\/a><\/p>\n<p><strong>Gesch\u00e4ftsf\u00fchrer:<\/strong> Deirdre Husted-Andersen, Alexandra Husted-Andersen, Stefanie Husted-Andersen<br \/>\n<strong>Registergericht:<\/strong> Amtsgericht L\u00fcbeck<br \/>\n<strong>Registernummer:<\/strong> HRB 382 OL<br \/>\n<strong>USt-IdNr.:<\/strong> DE 135 129 083<\/p>\n<h5><strong>Haftungsausschluss<\/strong><\/h5>\n<p><strong>1. Haftungsbeschr\u00e4nkung:<\/strong><br \/>\nDiese Internetseite wurde mit gr\u00f6\u00dftm\u00f6glicher Sorgfalt erstellt. Der Anbieter \u00fcbernimmt jedoch keine Haftung f\u00fcr Richtigkeit, Vollst\u00e4ndigkeit und Rechtzeitigkeit der angebotenen Inhalte. Die Nutzung des Inhalts der Internetseite durch den Anwender erfolgt auf eigene Gefahr. Durch Namen gekennzeichnete Beitr\u00e4gt geben die Meinung des entsprechenden Autors und nicht unbedingt die Meinung des Anbieters wieder. Durch die blo\u00dfe Nutzung der Internetseite des Anbieters entsteht kein Vertragsverh\u00e4ltnis zwischen Anwender und Anbieter.<\/p>\n<p><strong>2. Externe Links:<\/strong><br \/>\nDiese Internetseite enth\u00e4lt Links zu Internetseiten Dritter (\u201eexterne Links\u201c). F\u00fcr diese Internetseiten haftet der jeweilige Betreiber. Die verlinkten externen Seiten wurden zum Zeitpunkt der Verlinkung durch den Anbieter auf m\u00f6gliche Rechtsverst\u00f6\u00dfe \u00fcberpr\u00fcft. Rechtswidrige Inhalte waren zum Zeitpunkt der Verlinkung nicht erkennbar. Der Anbieter hat keinen Einfluss auf die aktuelle und zuk\u00fcnftige Gestaltung und den Inhalt der verlinkten Seiten. Die Aufnahme von externen Links bedeutet nicht, dass sich der Anbieter den Inhalt der Referenzen oder Links zu eigen macht. Eine permanente Kontrolle der verlinkten Seiten ist ohne konkrete Anhaltspunkte einer Rechtsverletzung nicht zumutbar. Bei Bekanntwerden von Rechtsverletzungen werden wir derartige externe Links umgehend entfernen.<\/p>\n<p><strong>3. Urheberrecht:<\/strong><br \/>\nDie erstellten Inhalte auf dieser Internetseite unterliegen dem deutschen Urheberrecht. Jede Art der Verwertung au\u00dferhalb der Grenzen des Urheberrechtes bedarf der schriftlichen Zustimmung des Anbieters oder des jeweiligen Urheberrechtsinhabers. Dies gilt insbesondere f\u00fcr die Vervielf\u00e4ltigung, Bearbeitung, \u00dcbersetzung, Speicherung, Verarbeitung oder Wiedergabe von Inhalten in Datenbanken oder elektronischen Medien und Systemen. Inhalte und Rechte Dritter sind als solche gekennzeichnet. Die unbefugte Vervielf\u00e4ltigung oder Verbreitung von einzelnen Inhalten oder ganzen Seiten ist nicht gestattet und strafbar. Downloads und Kopien dieser Seite sind nur f\u00fcr den privaten, nichtkommerziellen Gebrauch gestattet.<br \/>\nDie Darstellung dieser Website in externen Frames ist nur mit schriftlicher Erlaubnis zul\u00e4ssig.<\/p>\n<p><strong>4. Besondere Nutzungsbedingungen:<\/strong><br \/>\nSoweit besondere Bedingungen f\u00fcr einzelne Nutzungen dieser Website von den vorgenannten Abs\u00e4tzen abweichen, wird an entsprechender Stelle ausdr\u00fccklich darauf hingewiesen. In diesem Falle gelten im jeweiligen Einzelfall die besonderen Nutzungsbedingungen.<\/p>\n\t\t\t\t\t\t\t\t<\/div>\n\t\t\t\t<\/div>\n\t\t\t\t\t<\/div>\n\t\t<\/div>\n\t\t\t\t\t<\/div>\n\t\t<\/section>\n\t\t\t\t\t<\/div>\n\t\t<\/div>\n\t\t\t\t\t<\/div>\n\t\t<\/section>\n\t\t\t\t<\/div>\n\t\t","protected":false},"excerpt":{"rendered":"","protected":false},"author":3,"featured_media":0,"parent":0,"menu_order":0,"comment_status":"closed","ping_status":"closed","template":"elementor_header_footer","meta":{"inline_featured_image":false,"footnotes":""},"pagetyp":[64],"product-group":[],"class_list":["post-18203","page","type-page","status-publish","hentry","pagetyp-static"],"yoast_head":"<!-- This site is optimized with the Yoast SEO plugin v27.4 - https:\/\/yoast.com\/product\/yoast-seo-wordpress\/ -->\n<title>CODAN Medizinische Ger\u00e4te GmbH &amp; Co KG I Impressum<\/title>\n<meta name=\"description\" content=\"Stig Husted-Andersen-Stra\u00dfe 11, 23738 Lensahn, Deutschland I Registergericht: Amtsgericht L\u00fcbeck I Nummer: HRA 1062 OL I UST-IDNR.: DE 135 233 808\" \/>\n<meta name=\"robots\" content=\"index, follow, max-snippet:-1, max-image-preview:large, max-video-preview:-1\" \/>\n<link rel=\"canonical\" href=\"https:\/\/www.codancompanies.com\/de\/impressum\/\" \/>\n<script type=\"application\/ld+json\" class=\"yoast-schema-graph\">{\"@context\":\"https:\\\/\\\/schema.org\",\"@graph\":[{\"@type\":\"WebPage\",\"@id\":\"https:\\\/\\\/www.codancompanies.com\\\/de\\\/impressum\\\/\",\"url\":\"https:\\\/\\\/www.codancompanies.com\\\/de\\\/impressum\\\/\",\"name\":\"CODAN Medizinische Ger\u00e4te GmbH & Co KG I Impressum\",\"isPartOf\":{\"@id\":\"https:\\\/\\\/www.codancompanies.com\\\/de\\\/#website\"},\"datePublished\":\"2019-03-21T01:18:50+00:00\",\"dateModified\":\"2023-08-02T12:23:17+00:00\",\"description\":\"Stig Husted-Andersen-Stra\u00dfe 11, 23738 Lensahn, Deutschland I Registergericht: Amtsgericht L\u00fcbeck I Nummer: HRA 1062 OL I UST-IDNR.: DE 135 233 808\",\"breadcrumb\":{\"@id\":\"https:\\\/\\\/www.codancompanies.com\\\/de\\\/impressum\\\/#breadcrumb\"},\"inLanguage\":\"de\",\"potentialAction\":[{\"@type\":\"ReadAction\",\"target\":[\"https:\\\/\\\/www.codancompanies.com\\\/de\\\/impressum\\\/\"]}]},{\"@type\":\"BreadcrumbList\",\"@id\":\"https:\\\/\\\/www.codancompanies.com\\\/de\\\/impressum\\\/#breadcrumb\",\"itemListElement\":[{\"@type\":\"ListItem\",\"position\":1,\"name\":\"Startseite\",\"item\":\"https:\\\/\\\/www.codancompanies.com\\\/de\\\/\"},{\"@type\":\"ListItem\",\"position\":2,\"name\":\"Impressum\"}]},{\"@type\":\"WebSite\",\"@id\":\"https:\\\/\\\/www.codancompanies.com\\\/de\\\/#website\",\"url\":\"https:\\\/\\\/www.codancompanies.com\\\/de\\\/\",\"name\":\"CODAN\",\"description\":\"The decisive connection\",\"publisher\":{\"@id\":\"https:\\\/\\\/www.codancompanies.com\\\/de\\\/#organization\"},\"potentialAction\":[{\"@type\":\"SearchAction\",\"target\":{\"@type\":\"EntryPoint\",\"urlTemplate\":\"https:\\\/\\\/www.codancompanies.com\\\/de\\\/?s={search_term_string}\"},\"query-input\":{\"@type\":\"PropertyValueSpecification\",\"valueRequired\":true,\"valueName\":\"search_term_string\"}}],\"inLanguage\":\"de\"},{\"@type\":\"Organization\",\"@id\":\"https:\\\/\\\/www.codancompanies.com\\\/de\\\/#organization\",\"name\":\"CODAN Medizinische Ger\u00e4te GmbH & Co KG\",\"url\":\"https:\\\/\\\/www.codancompanies.com\\\/de\\\/\",\"logo\":{\"@type\":\"ImageObject\",\"inLanguage\":\"de\",\"@id\":\"https:\\\/\\\/www.codancompanies.com\\\/de\\\/#\\\/schema\\\/logo\\\/image\\\/\",\"url\":\"https:\\\/\\\/www.codancompanies.com\\\/wp-content\\\/uploads\\\/cropped-codan-logo-icon.png\",\"contentUrl\":\"https:\\\/\\\/www.codancompanies.com\\\/wp-content\\\/uploads\\\/cropped-codan-logo-icon.png\",\"width\":512,\"height\":512,\"caption\":\"CODAN Medizinische Ger\u00e4te GmbH & Co KG\"},\"image\":{\"@id\":\"https:\\\/\\\/www.codancompanies.com\\\/de\\\/#\\\/schema\\\/logo\\\/image\\\/\"},\"sameAs\":[\"https:\\\/\\\/de.wikipedia.org\\\/wiki\\\/Codan\"]}]}<\/script>\n<!-- \/ Yoast SEO plugin. -->","yoast_head_json":{"title":"CODAN Medizinische Ger\u00e4te GmbH & Co KG I Impressum","description":"Stig Husted-Andersen-Stra\u00dfe 11, 23738 Lensahn, Deutschland I Registergericht: Amtsgericht L\u00fcbeck I Nummer: HRA 1062 OL I UST-IDNR.: DE 135 233 808","robots":{"index":"index","follow":"follow","max-snippet":"max-snippet:-1","max-image-preview":"max-image-preview:large","max-video-preview":"max-video-preview:-1"},"canonical":"https:\/\/www.codancompanies.com\/de\/impressum\/","schema":{"@context":"https:\/\/schema.org","@graph":[{"@type":"WebPage","@id":"https:\/\/www.codancompanies.com\/de\/impressum\/","url":"https:\/\/www.codancompanies.com\/de\/impressum\/","name":"CODAN Medizinische Ger\u00e4te GmbH & Co KG I Impressum","isPartOf":{"@id":"https:\/\/www.codancompanies.com\/de\/#website"},"datePublished":"2019-03-21T01:18:50+00:00","dateModified":"2023-08-02T12:23:17+00:00","description":"Stig Husted-Andersen-Stra\u00dfe 11, 23738 Lensahn, Deutschland I Registergericht: Amtsgericht L\u00fcbeck I Nummer: HRA 1062 OL I UST-IDNR.: DE 135 233 808","breadcrumb":{"@id":"https:\/\/www.codancompanies.com\/de\/impressum\/#breadcrumb"},"inLanguage":"de","potentialAction":[{"@type":"ReadAction","target":["https:\/\/www.codancompanies.com\/de\/impressum\/"]}]},{"@type":"BreadcrumbList","@id":"https:\/\/www.codancompanies.com\/de\/impressum\/#breadcrumb","itemListElement":[{"@type":"ListItem","position":1,"name":"Startseite","item":"https:\/\/www.codancompanies.com\/de\/"},{"@type":"ListItem","position":2,"name":"Impressum"}]},{"@type":"WebSite","@id":"https:\/\/www.codancompanies.com\/de\/#website","url":"https:\/\/www.codancompanies.com\/de\/","name":"CODAN","description":"The decisive connection","publisher":{"@id":"https:\/\/www.codancompanies.com\/de\/#organization"},"potentialAction":[{"@type":"SearchAction","target":{"@type":"EntryPoint","urlTemplate":"https:\/\/www.codancompanies.com\/de\/?s={search_term_string}"},"query-input":{"@type":"PropertyValueSpecification","valueRequired":true,"valueName":"search_term_string"}}],"inLanguage":"de"},{"@type":"Organization","@id":"https:\/\/www.codancompanies.com\/de\/#organization","name":"CODAN Medizinische Ger\u00e4te GmbH & Co KG","url":"https:\/\/www.codancompanies.com\/de\/","logo":{"@type":"ImageObject","inLanguage":"de","@id":"https:\/\/www.codancompanies.com\/de\/#\/schema\/logo\/image\/","url":"https:\/\/www.codancompanies.com\/wp-content\/uploads\/cropped-codan-logo-icon.png","contentUrl":"https:\/\/www.codancompanies.com\/wp-content\/uploads\/cropped-codan-logo-icon.png","width":512,"height":512,"caption":"CODAN Medizinische Ger\u00e4te GmbH & Co KG"},"image":{"@id":"https:\/\/www.codancompanies.com\/de\/#\/schema\/logo\/image\/"},"sameAs":["https:\/\/de.wikipedia.org\/wiki\/Codan"]}]}},"_links":{"self":[{"href":"https:\/\/www.codancompanies.com\/de\/wp-json\/wp\/v2\/pages\/18203","targetHints":{"allow":["GET"]}}],"collection":[{"href":"https:\/\/www.codancompanies.com\/de\/wp-json\/wp\/v2\/pages"}],"about":[{"href":"https:\/\/www.codancompanies.com\/de\/wp-json\/wp\/v2\/types\/page"}],"author":[{"embeddable":true,"href":"https:\/\/www.codancompanies.com\/de\/wp-json\/wp\/v2\/users\/3"}],"replies":[{"embeddable":true,"href":"https:\/\/www.codancompanies.com\/de\/wp-json\/wp\/v2\/comments?post=18203"}],"version-history":[{"count":0,"href":"https:\/\/www.codancompanies.com\/de\/wp-json\/wp\/v2\/pages\/18203\/revisions"}],"wp:attachment":[{"href":"https:\/\/www.codancompanies.com\/de\/wp-json\/wp\/v2\/media?parent=18203"}],"wp:term":[{"taxonomy":"pagetyp","embeddable":true,"href":"https:\/\/www.codancompanies.com\/de\/wp-json\/wp\/v2\/pagetyp?post=18203"},{"taxonomy":"product-group","embeddable":true,"href":"https:\/\/www.codancompanies.com\/de\/wp-json\/wp\/v2\/product-group?post=18203"}],"curies":[{"name":"wp","href":"https:\/\/api.w.org\/{rel}","templated":true}]}}